{"id":100,"date":"2018-09-30T09:27:59","date_gmt":"2018-09-30T09:27:59","guid":{"rendered":"http:\/\/www.radnotiiskola.hu\/new\/?page_id=100"},"modified":"2018-10-01T06:30:36","modified_gmt":"2018-10-01T06:30:36","slug":"osztalytalalkozo-2011-12","status":"publish","type":"page","link":"http:\/\/www.radnotiiskola.hu\/new\/osztalytalalkozo-2011-12\/","title":{"rendered":"Oszt\u00e1lytal\u00e1lkoz\u00f3 2011-12"},"content":{"rendered":"<p style=\"text-align: center;\"><span style=\"font-size: 24pt; font-family: arial, helvetica, sans-serif;\">50 \u00e9ves oszt\u00e1lytal\u00e1lkoz\u00f3<\/span><\/p>\n<p><img loading=\"lazy\" decoding=\"async\" class=\" wp-image-201 aligncenter\" src=\"http:\/\/www.radnotiiskola.hu\/new\/wp-content\/uploads\/2018\/10\/osztkp-300x200.jpg\" alt=\"\" width=\"427\" height=\"284\" srcset=\"http:\/\/www.radnotiiskola.hu\/new\/wp-content\/uploads\/2018\/10\/osztkp-300x200.jpg 300w, http:\/\/www.radnotiiskola.hu\/new\/wp-content\/uploads\/2018\/10\/osztkp.jpg 550w\" sizes=\"auto, (max-width: 427px) 100vw, 427px\" \/><\/p>\n","protected":false},"excerpt":{"rendered":"<p>50 \u00e9ves oszt\u00e1lytal\u00e1lkoz\u00f3<\/p>\n","protected":false},"author":1,"featured_media":0,"parent":0,"menu_order":0,"comment_status":"closed","ping_status":"closed","template":"","meta":{"ngg_post_thumbnail":0,"footnotes":""},"class_list":["post-100","page","type-page","status-publish","hentry"],"_links":{"self":[{"href":"http:\/\/www.radnotiiskola.hu\/new\/wp-json\/wp\/v2\/pages\/100","targetHints":{"allow":["GET"]}}],"collection":[{"href":"http:\/\/www.radnotiiskola.hu\/new\/wp-json\/wp\/v2\/pages"}],"about":[{"href":"http:\/\/www.radnotiiskola.hu\/new\/wp-json\/wp\/v2\/types\/page"}],"author":[{"embeddable":true,"href":"http:\/\/www.radnotiiskola.hu\/new\/wp-json\/wp\/v2\/users\/1"}],"replies":[{"embeddable":true,"href":"http:\/\/www.radnotiiskola.hu\/new\/wp-json\/wp\/v2\/comments?post=100"}],"version-history":[{"count":0,"href":"http:\/\/www.radnotiiskola.hu\/new\/wp-json\/wp\/v2\/pages\/100\/revisions"}],"wp:attachment":[{"href":"http:\/\/www.radnotiiskola.hu\/new\/wp-json\/wp\/v2\/media?parent=100"}],"curies":[{"name":"wp","href":"https:\/\/api.w.org\/{rel}","templated":true}]}}