{"id":1540,"date":"2020-01-20T12:09:33","date_gmt":"2020-01-20T12:09:33","guid":{"rendered":"http:\/\/www.radnotiiskola.hu\/new\/?page_id=1540"},"modified":"2020-01-20T16:40:34","modified_gmt":"2020-01-20T16:40:34","slug":"felvidek-2014","status":"publish","type":"page","link":"http:\/\/www.radnotiiskola.hu\/new\/felvidek-2014\/","title":{"rendered":"Felvid\u00e9k 2014"},"content":{"rendered":"<p style=\"text-align: justify;\"><img loading=\"lazy\" decoding=\"async\" class=\" wp-image-1543 alignright\" src=\"http:\/\/www.radnotiiskola.hu\/new\/wp-content\/uploads\/2020\/01\/Felvidek-2014-1.jpg\" alt=\"\" width=\"276\" height=\"207\" srcset=\"http:\/\/www.radnotiiskola.hu\/new\/wp-content\/uploads\/2020\/01\/Felvidek-2014-1.jpg 640w, http:\/\/www.radnotiiskola.hu\/new\/wp-content\/uploads\/2020\/01\/Felvidek-2014-1-300x225.jpg 300w\" sizes=\"auto, (max-width: 276px) 100vw, 276px\" \/>2014. \u00e1prilis 24-26-\u00e1n a Gy\u0151ri Radn\u00f3ti Mikl\u00f3s \u00c1ltal\u00e1nos Iskola 44 hetedik oszt\u00e1lyos tanul\u00f3ja a sikeres \u201eHat\u00e1rtalanul\u201dP\u00e1ly\u00e1zat keret\u00e9ben felvid\u00e9ki kir\u00e1ndul\u00e1son vett r\u00e9szt.<\/p>\n<p style=\"text-align: justify;\">A h\u00e1rom nap sz\u00e1mtalan \u00e9lm\u00e9nyt, l\u00e1tnival\u00f3t adott a di\u00e1koknak \u00e9s k\u00eds\u00e9r\u0151 tan\u00e1raiknak egyar\u00e1nt.<\/p>\n<p style=\"text-align: justify;\">Megcsod\u00e1lhatt\u00e1k a b\u00e1nyav\u00e1rosok, Selmecb\u00e1nya, K\u00f6rm\u00f6cb\u00e1nya, Beszterceb\u00e1nya hangulatos belv\u00e1ros\u00e1t, s a m\u00fazeumokban megismerkedhettek a m\u00falt eml\u00e9keivel: b\u00e1ny\u00e1szati eszk\u00f6z\u00f6kkel, a r\u00e9gi Magyarorsz\u00e1g kir\u00e1lyainak p\u00e9nz\u00e9rmeivel. Rimaszombaton lehet\u0151s\u00e9g\u00fck ny\u00edlt betekinteni egy szlov\u00e1kiai magyar iskola \u00e9let\u00e9be, s a G\u00f6m\u00f6ri M\u00fazeumban tal\u00e1lkozhattak a t\u00e1jegys\u00e9g t\u00f6rt\u00e9neti \u00e9s n\u00e9prajzi kincseivel. Az Ipoly v\u00edzt\u00e1roz\u00f3ja \u00e9s gy\u00f6ny\u00f6r\u0171 term\u00e9szeti k\u00f6rnyezete leny\u0171g\u00f6zte a csoportot. Kassa lelki \u00e9lm\u00e9nyekkel gyarap\u00edtott feln\u0151ttet, gyereket egyar\u00e1nt. A bens\u0151s\u00e9ges koszor\u00faz\u00f3 \u00fcnneps\u00e9g II. R\u00e1k\u00f3czi Ferenc s\u00edrj\u00e1n\u00e1l, \u00e9s a M\u00e1rai-h\u00e1z relikvi\u00e1i nagy hat\u00e1st gyakoroltak mindenkire.<\/p>\n<p><a href=\"https:\/\/drive.google.com\/open?id=1qqG9beBAsGD8b2BH8apmEM_a7HlJRMdz\" target=\"_blank\" rel=\"noopener\"><img loading=\"lazy\" decoding=\"async\" class=\"alignnone size-full wp-image-1544\" src=\"http:\/\/www.radnotiiskola.hu\/new\/wp-content\/uploads\/2020\/01\/Felvidek-2014-2.jpg\" alt=\"\" width=\"320\" height=\"218\" srcset=\"http:\/\/www.radnotiiskola.hu\/new\/wp-content\/uploads\/2020\/01\/Felvidek-2014-2.jpg 320w, http:\/\/www.radnotiiskola.hu\/new\/wp-content\/uploads\/2020\/01\/Felvidek-2014-2-300x204.jpg 300w\" sizes=\"auto, (max-width: 320px) 100vw, 320px\" \/><\/a><\/p>\n","protected":false},"excerpt":{"rendered":"<p>2014. \u00e1prilis 24-26-\u00e1n a Gy\u0151ri Radn\u00f3ti Mikl\u00f3s \u00c1ltal\u00e1nos Iskola 44 hetedik oszt\u00e1lyos tanul\u00f3ja a sikeres \u201eHat\u00e1rtalanul\u201dP\u00e1ly\u00e1zat keret\u00e9ben felvid\u00e9ki kir\u00e1ndul\u00e1son vett r\u00e9szt. A h\u00e1rom nap sz\u00e1mtalan \u00e9lm\u00e9nyt, l\u00e1tnival\u00f3t adott a di\u00e1koknak \u00e9s k\u00eds\u00e9r\u0151 tan\u00e1raiknak egyar\u00e1nt. Megcsod\u00e1lhatt\u00e1k a b\u00e1nyav\u00e1rosok, Selmecb\u00e1nya, K\u00f6rm\u00f6cb\u00e1nya, Beszterceb\u00e1nya hangulatos belv\u00e1ros\u00e1t, s a m\u00fazeumokban megismerkedhettek a m\u00falt eml\u00e9keivel: b\u00e1ny\u00e1szati eszk\u00f6z\u00f6kkel, a r\u00e9gi Magyarorsz\u00e1g kir\u00e1lyainak [&hellip;]<\/p>\n","protected":false},"author":1,"featured_media":0,"parent":0,"menu_order":0,"comment_status":"closed","ping_status":"closed","template":"","meta":{"ngg_post_thumbnail":0,"footnotes":""},"class_list":["post-1540","page","type-page","status-publish","hentry"],"_links":{"self":[{"href":"http:\/\/www.radnotiiskola.hu\/new\/wp-json\/wp\/v2\/pages\/1540","targetHints":{"allow":["GET"]}}],"collection":[{"href":"http:\/\/www.radnotiiskola.hu\/new\/wp-json\/wp\/v2\/pages"}],"about":[{"href":"http:\/\/www.radnotiiskola.hu\/new\/wp-json\/wp\/v2\/types\/page"}],"author":[{"embeddable":true,"href":"http:\/\/www.radnotiiskola.hu\/new\/wp-json\/wp\/v2\/users\/1"}],"replies":[{"embeddable":true,"href":"http:\/\/www.radnotiiskola.hu\/new\/wp-json\/wp\/v2\/comments?post=1540"}],"version-history":[{"count":0,"href":"http:\/\/www.radnotiiskola.hu\/new\/wp-json\/wp\/v2\/pages\/1540\/revisions"}],"wp:attachment":[{"href":"http:\/\/www.radnotiiskola.hu\/new\/wp-json\/wp\/v2\/media?parent=1540"}],"curies":[{"name":"wp","href":"https:\/\/api.w.org\/{rel}","templated":true}]}}