{"id":1606,"date":"2020-02-03T13:01:40","date_gmt":"2020-02-03T13:01:40","guid":{"rendered":"http:\/\/www.radnotiiskola.hu\/new\/?page_id=1606"},"modified":"2020-03-05T12:09:21","modified_gmt":"2020-03-05T12:09:21","slug":"osztalytalalkozo-2019-20","status":"publish","type":"page","link":"http:\/\/www.radnotiiskola.hu\/new\/osztalytalalkozo-2019-20\/","title":{"rendered":"Oszt\u00e1lytal\u00e1lkoz\u00f3 2019-20"},"content":{"rendered":"<p><a href=\"http:\/\/www.radnotiiskola.hu\/new\/2019-oktober-19\/\">2019. okt\u00f3ber 19.<\/a><br \/>\n<a href=\"http:\/\/www.radnotiiskola.hu\/new\/osztalytalalkozo-2019-2020\/\">2020. janu\u00e1r 18.<\/a><br \/>\n<a href=\"http:\/\/www.radnotiiskola.hu\/new\/2020-februar-20\/\">2020. febru\u00e1r 20.<\/a><\/p>\n","protected":false},"excerpt":{"rendered":"<p>2019. okt\u00f3ber 19. 2020. janu\u00e1r 18. 2020. febru\u00e1r 20.<\/p>\n","protected":false},"author":1,"featured_media":0,"parent":0,"menu_order":0,"comment_status":"closed","ping_status":"closed","template":"","meta":{"ngg_post_thumbnail":0,"footnotes":""},"class_list":["post-1606","page","type-page","status-publish","hentry"],"_links":{"self":[{"href":"http:\/\/www.radnotiiskola.hu\/new\/wp-json\/wp\/v2\/pages\/1606","targetHints":{"allow":["GET"]}}],"collection":[{"href":"http:\/\/www.radnotiiskola.hu\/new\/wp-json\/wp\/v2\/pages"}],"about":[{"href":"http:\/\/www.radnotiiskola.hu\/new\/wp-json\/wp\/v2\/types\/page"}],"author":[{"embeddable":true,"href":"http:\/\/www.radnotiiskola.hu\/new\/wp-json\/wp\/v2\/users\/1"}],"replies":[{"embeddable":true,"href":"http:\/\/www.radnotiiskola.hu\/new\/wp-json\/wp\/v2\/comments?post=1606"}],"version-history":[{"count":0,"href":"http:\/\/www.radnotiiskola.hu\/new\/wp-json\/wp\/v2\/pages\/1606\/revisions"}],"wp:attachment":[{"href":"http:\/\/www.radnotiiskola.hu\/new\/wp-json\/wp\/v2\/media?parent=1606"}],"curies":[{"name":"wp","href":"https:\/\/api.w.org\/{rel}","templated":true}]}}