{"id":1965,"date":"2020-05-21T07:33:24","date_gmt":"2020-05-21T07:33:24","guid":{"rendered":"http:\/\/www.radnotiiskola.hu\/new\/?page_id=1965"},"modified":"2020-05-26T11:38:56","modified_gmt":"2020-05-26T11:38:56","slug":"digitalis-temahet-2020","status":"publish","type":"page","link":"http:\/\/www.radnotiiskola.hu\/new\/digitalis-temahet-2020\/","title":{"rendered":"Digit\u00e1lis T\u00e9mah\u00e9t 2020"},"content":{"rendered":"\n<p style=\"text-align: justify;\">Int\u00e9zm\u00e9ny\u00fcnk, a Gy\u0151ri Radn\u00f3ti Mikl\u00f3s \u00c1ltal\u00e1nos Iskola m\u00e1r negyedik \u00e9ve r\u00e9sztvesz a Digit\u00e1lis T\u00e1mah\u00e9t programj\u00e1ban. Az elm\u00falt \u00e9vben t\u00f6bb p\u00e1ly\u00e1zattal is indultunk, melyek k\u00f6z\u00fcl az egyik munk\u00e1nk a Digit\u00e1lis Pedag\u00f3giai M\u00f3dszertani K\u00f6zpont k\u00fcl\u00f6nd\u00e1j\u00e1ban r\u00e9szes\u00fclt. Ennek az elismer\u00e9snek k\u00f6sz\u00f6nhet\u0151en 3 pedag\u00f3gus r\u00e9szt fog venni az Abacusan robot pedag\u00f3giai alkalmaz\u00e1sa c\u00edm\u0171 tov\u00e1bbk\u00e9pz\u00e9sen, tov\u00e1bb\u00e1 negyed\u00e9vre 5 db Abacusan robot is int\u00e9zm\u00e9ny\u00fcnkh\u00f6z fog ker\u00fclni.<\/p>\n\n\n\n<p style=\"text-align: justify;\">A 2020-as DTH rendhegy\u00f3 k\u00f6r\u00fclm\u00e9nyek k\u00f6z\u00f6tt ker\u00fclt megrendez\u00e9sre, hiszen a COVID19 miatt kialakult helyzetben az eg\u00e9sz orsz\u00e1gban eleve digit\u00e1lis m\u00f3dszerekkel zajlott az oktat\u00e1s. De nemcsak az oktat\u00e1s, hanem minden m\u00e1s esem\u00e9ny is digit\u00e1lisan kellett, hogy megszevez\u00e9sre ker\u00fclj\u00f6n. M\u00e1r a m\u00e1rcius 15-i \u00fcnneps\u00e9g is \u00edgy ker\u00fclt lebonyol\u00edt\u00e1sra m\u00e1rcius 13-\u00e1n, noha akkor m\u00e9g csak nagyobb iskolai rendezv\u00e9nyeket nem volt szabad szervezni.<\/p>\n\n\n\n<p style=\"text-align: justify;\">Iskol\u00e1nk m\u00e1jus els\u0151 het\u00e9ben egy eg\u00e9sz napos rendezv\u00e9ny keret\u00e9ben minden \u00e9vben meg szokott eml\u00e9kezni n\u00e9vad\u00f3ja, Radn\u00f3ti Mikl\u00f3s sz\u00fclet\u00e9si \u00e9vfordul\u00f3j\u00e1r\u00f3l. Ebben az \u00e9vben term\u00e9szetesen erre is digit\u00e1lisan ker\u00fclt sor. Minden oszt\u00e1ly minden tanul\u00f3ja t\u00f6bb tan\u00f3ra keret\u00e9ben is erre az esem\u00e9nyre k\u00e9sz\u00fclt, hozott l\u00e9tre k\u00fcl\u00f6nf\u00e9le digit\u00e1lis alkot\u00e1sokat, melyeket egy digit\u00e1lis hirdet\u0151falon helyezt\u00fcnk el.<\/p>\n\n\n\n<p style=\"text-align: justify;\">A munk\u00e1khoz kapcsol\u00f3d\u00f3 \u00e1ttekint\u0151 dokumentumok (oszt\u00e1lyonk\u00e9nti munk\u00e1k \u00e9s a tanul\u00f3k \u00e1ltal k\u00fcld\u00f6tt levelek, stb.) <a href=\"https:\/\/drive.google.com\/open?id=1bo-Zx5HJmXbcI7GirYn6c8J11cka9Z0R\">ebben<\/a> a mapp\u00e1ban \u00e9rhet\u0151k el. A p\u00e1ly\u00e1zati alapdokumentumok pedig t\u00e9telesen kiemelve itt:<\/p>\n\n\n\n<ul class=\"wp-block-list\"><li><a href=\"https:\/\/drive.google.com\/open?id=1DStAC9czOQ0H8WC2iviQ4KWxYT5Qyfklj21X9XxPp7Q\">r\u00e9szv\u00e9tel \u00e9s tev\u00e9kenys\u00e9g t\u00e1bla<\/a>,<\/li><li><a href=\"https:\/\/drive.google.com\/open?id=1YpRrWo5323pbaRuXJiuK8Tpw1Izyz82vZsD9vnskNr0\">projektterv<\/a>,<\/li><li><a href=\"https:\/\/drive.google.com\/open?id=1pxgGYA8_HzTuf_vKgFHnvId0EWDMBmbi-E6YAVCNtW8\">p\u00e1ly\u00e1zati \u0171rlap<\/a>.<\/li><\/ul>\n\n\n\n<p>A k\u00e9sz munk\u00e1kat ezen a publik\u00e1l\u00e1sra sz\u00e1nt fel\u00fcleten lehet el\u00e9rni:<br><a rel=\"noreferrer noopener\" aria-label=\" (opens in a new tab)\" href=\"https:\/\/wke.lt\/w\/s\/fD9RKb\" target=\"_blank\">https:\/\/wke.lt\/w\/s\/fD9RKb <\/a><\/p>\n\n\n\n<p>De be\u00e1gyazva itt is megtekinthet\u0151:<\/p>\n\n\n\n<iframe loading=\"lazy\" class=\"wakeletEmbed\" width=\"100%\" height=\"760px\" src=\"https:\/\/embed.wakelet.com\/wakes\/7Wb2MEO6KqEJ-l4esMSH0\/list\" style=\"border: none\" allow=\"autoplay\"><\/iframe><script src=\"https:\/\/embed-assets.wakelet.com\/wakelet-embed.js\" charset=\"UTF-8\"><\/script>\n","protected":false},"excerpt":{"rendered":"<p>Int\u00e9zm\u00e9ny\u00fcnk, a Gy\u0151ri Radn\u00f3ti Mikl\u00f3s \u00c1ltal\u00e1nos Iskola m\u00e1r negyedik \u00e9ve r\u00e9sztvesz a Digit\u00e1lis T\u00e1mah\u00e9t programj\u00e1ban. Az elm\u00falt \u00e9vben t\u00f6bb p\u00e1ly\u00e1zattal is indultunk, melyek k\u00f6z\u00fcl az egyik munk\u00e1nk a Digit\u00e1lis Pedag\u00f3giai M\u00f3dszertani K\u00f6zpont k\u00fcl\u00f6nd\u00e1j\u00e1ban r\u00e9szes\u00fclt. Ennek az elismer\u00e9snek k\u00f6sz\u00f6nhet\u0151en 3 pedag\u00f3gus r\u00e9szt fog venni az Abacusan robot pedag\u00f3giai alkalmaz\u00e1sa c\u00edm\u0171 tov\u00e1bbk\u00e9pz\u00e9sen, tov\u00e1bb\u00e1 negyed\u00e9vre 5 db Abacusan [&hellip;]<\/p>\n","protected":false},"author":1,"featured_media":0,"parent":0,"menu_order":0,"comment_status":"closed","ping_status":"closed","template":"","meta":{"ngg_post_thumbnail":0,"footnotes":""},"class_list":["post-1965","page","type-page","status-publish","hentry"],"_links":{"self":[{"href":"http:\/\/www.radnotiiskola.hu\/new\/wp-json\/wp\/v2\/pages\/1965","targetHints":{"allow":["GET"]}}],"collection":[{"href":"http:\/\/www.radnotiiskola.hu\/new\/wp-json\/wp\/v2\/pages"}],"about":[{"href":"http:\/\/www.radnotiiskola.hu\/new\/wp-json\/wp\/v2\/types\/page"}],"author":[{"embeddable":true,"href":"http:\/\/www.radnotiiskola.hu\/new\/wp-json\/wp\/v2\/users\/1"}],"replies":[{"embeddable":true,"href":"http:\/\/www.radnotiiskola.hu\/new\/wp-json\/wp\/v2\/comments?post=1965"}],"version-history":[{"count":0,"href":"http:\/\/www.radnotiiskola.hu\/new\/wp-json\/wp\/v2\/pages\/1965\/revisions"}],"wp:attachment":[{"href":"http:\/\/www.radnotiiskola.hu\/new\/wp-json\/wp\/v2\/media?parent=1965"}],"curies":[{"name":"wp","href":"https:\/\/api.w.org\/{rel}","templated":true}]}}