{"id":2193,"date":"2020-10-21T10:54:50","date_gmt":"2020-10-21T10:54:50","guid":{"rendered":"http:\/\/www.radnotiiskola.hu\/new\/?page_id=2193"},"modified":"2025-07-08T14:03:48","modified_gmt":"2025-07-08T14:03:48","slug":"8-osztaly","status":"publish","type":"page","link":"http:\/\/www.radnotiiskola.hu\/new\/8-osztaly\/","title":{"rendered":"8. oszt\u00e1ly"},"content":{"rendered":"\n<h4>Iskolai t\u00e1j\u00e9koztat\u00f3k<\/h4>\n<p style=\"text-align: justify;\">A list\u00e1nak az elej\u00e9n azok az iskol\u00e1k szerepelnek, ahov\u00e1 tanul\u00f3ink t\u00f6bbs\u00e9ge jelentkezik. A szakma tagozatk\u00f3dj\u00e1t kell keresni majd a jelentkez\u00e9skor. Ahogy azt tanultuk, az adott oldalon bel\u00fcli keres\u00e9s a vil\u00e1g \u00f6sszes programj\u00e1ban Ctrl+F billenty\u0171kombin\u00e1ci\u00f3val lehets\u00e9ges!<\/p>\n<ol>\n<li><a href=\"https:\/\/kliszi.hu\/\" target=\"_blank\" rel=\"noopener noreferrer\">Kossuth Lajos<\/a><br><a href=\"https:\/\/youtu.be\/gtUi7UNzLTA\" target=\"_blank\" rel=\"noopener noreferrer\">(vide\u00f3)<\/a><br><a href=\"https:\/\/kliszi.hu\/wp-content\/uploads\/2020\/10\/Beiskol%C3%A1z%C3%A1si-t%C3%A1j%C3%A9koztat%C3%B3_KLISZI.pdf\">(tagozatk\u00f3dok)<\/a><\/li>\n<li><a href=\"http:\/\/muhelyiskola.hu\/kezdolap\" target=\"_blank\" rel=\"noopener noreferrer\">G\u00e1bor L\u00e1szl\u00f3<\/a><br><a href=\"https:\/\/drive.google.com\/file\/d\/1el5Bqi4lsGhtsy-aWaxmqqzaXM3uhVsz\/view\">(vide\u00f3)<\/a><br><a href=\"https:\/\/drive.google.com\/file\/d\/141jbisppikSUZDp62lo1hfEYrpHJN9fh\/view?usp=sharing\" target=\"_blank\" rel=\"noopener noreferrer\">(tagozatk\u00f3dok)<\/a><\/li>\n<li><a href=\"http:\/\/lukacssuli.hu\/\" target=\"_blank\" rel=\"noopener noreferrer\">Luk\u00e1cs S\u00e1ndor<\/a><br><a href=\"http:\/\/lukacssuli.hu\/?q=content\/felv%C3%A9teli-t%C3%A1j%C3%A9koztat%C3%B3-pdf\">(tagozatk\u00f3dok)<\/a><\/li>\n<li><a href=\"https:\/\/bercsenyi.eu\/\" target=\"_blank\" rel=\"noopener noreferrer\">Bercs\u00e9nyi Mikl\u00f3s<\/a><br><a href=\"https:\/\/bercsenyi.eu\/5799-2\/\" target=\"_blank\" rel=\"noopener noreferrer\">(tagozatk\u00f3dok)<\/a><\/li>\n<li><a href=\"https:\/\/www.jaisz.hu\/\" target=\"_blank\" rel=\"noopener noreferrer\">Jedlik \u00c1nyos<\/a><br><a href=\"https:\/\/www.jaisz.hu\/NyitottKapukNapja\/\" target=\"_blank\" rel=\"noopener noreferrer\">(vide\u00f3)<\/a><br><a href=\"https:\/\/www.jaisz.hu\/index.php\/beiskolazasi-tajekoztato-2021-2022-tanev\" target=\"_blank\" rel=\"noopener noreferrer\">(tagozatk\u00f3dok)<\/a><\/li>\n<li><a href=\"https:\/\/youtu.be\/Pq3AFBc9OAs\" target=\"_blank\" rel=\"noopener noreferrer\">Szent-Gy\u00f6rgyi Albert Eg\u00e9szs\u00e9g\u00fcgyi \u00e9s Szoci\u00e1lis Technikum \u00e9s Szakk\u00e9pz\u0151 Iskola<\/a><\/li>\n<li><a href=\"https:\/\/issuu.com\/bence90\/docs\/handler_kiadv_ny1o?fbclid=IwAR36ENzXFz-P27Q-I6x3zwHxVKWPrBjI0ObbgwxgAAqrjp8d9KwZzrX49b4\" target=\"_blank\" rel=\"noopener noreferrer\">Soproni Szakk\u00e9pz\u00e9si Centrum &#8211; Handler N\u00e1ndor Technikum<\/a><\/li>\n<li><a href=\"https:\/\/drive.google.com\/file\/d\/1HgbeK46LbkxsDov72WE_Sm7147o4eNZY\/view?usp=sharing\" target=\"_blank\" rel=\"noopener noreferrer\">GL\u00dcCK FRIGYES Turisztikai \u00e9s Vend\u00e9gl\u00e1t\u00f3ipari Szakk\u00e9pz\u0151 Iskola<\/a> <br><a href=\"https:\/\/www.youtube.com\/watch?v=AnZps8I9Zmo&amp;feature=youtu.be&amp;fbclid=IwAR3nnvPgLZU-8i_YaiE7cytbB6SA6jz193-0EUCRSK-M0-_1NkkfdZHnl0Q\">(vide\u00f3)<\/a><\/li>\n<li><a href=\"https:\/\/youtu.be\/3_X4hsKOxSA\" target=\"_blank\" rel=\"noopener noreferrer\">Gy\u0151ri SZC Hild J\u00f3zsef \u00c9p\u00edt\u0151ipari Technikum<\/a><\/li>\n<li><a href=\"http:\/\/www.kmamk.mfgyor.hu\/kmi_beisk-kozepisk.htm\" target=\"_blank\" rel=\"noopener noreferrer\">Gy\u0151ri Kov\u00e1cs Margit Iparm\u0171v\u00e9szeti Szakgimn\u00e1zium<\/a><br><a href=\"https:\/\/www.youtube.com\/watch?v=gsZheOxoNHw\" target=\"_blank\" rel=\"noopener noreferrer\">(vide\u00f3)<\/a><\/li>\n<\/ol>\n<h4>&nbsp;<\/h4>\n<h4>&nbsp;<\/h4>\n<h4><a href=\"https:\/\/drive.google.com\/file\/d\/1kSaHREZJeWoVvUQAynThwG1wIu5Z4MVr\/view?usp=sharing\">Jelentkez\u00e9si lap felv\u00e9teli vizsg\u00e1ra<\/a><\/h4>\n<hr>\n<h4><a href=\"https:\/\/drive.google.com\/file\/d\/1fTxK1bDyebEV95jLLdvfvhh4NN_ygfvy\/view?usp=sharing\">Sz\u00fcl\u0151i k\u00e9relem a felv\u00e9teli vizsg\u00e1n\u00e1l (SNI, BTMN)<\/a><\/h4>\n<hr>\n<h4><strong><a href=\"https:\/\/drive.google.com\/file\/d\/10TOUFup0tMs8n9AFw_PyQiAYYxoZXUnU\/view?usp=sharing\">Tov\u00e1bbi fontos inform\u00e1ci\u00f3k<\/a><\/strong><\/h4>\n\n\n\n<p><\/p>\n\n\n","protected":false},"excerpt":{"rendered":"<p>Iskolai t\u00e1j\u00e9koztat\u00f3k A list\u00e1nak az elej\u00e9n azok az iskol\u00e1k szerepelnek, ahov\u00e1 tanul\u00f3ink t\u00f6bbs\u00e9ge jelentkezik. A szakma tagozatk\u00f3dj\u00e1t kell keresni majd a jelentkez\u00e9skor. Ahogy azt tanultuk, az adott oldalon bel\u00fcli keres\u00e9s a vil\u00e1g \u00f6sszes programj\u00e1ban Ctrl+F billenty\u0171kombin\u00e1ci\u00f3val lehets\u00e9ges! Kossuth Lajos(vide\u00f3)(tagozatk\u00f3dok) G\u00e1bor L\u00e1szl\u00f3(vide\u00f3)(tagozatk\u00f3dok) Luk\u00e1cs S\u00e1ndor(tagozatk\u00f3dok) Bercs\u00e9nyi Mikl\u00f3s(tagozatk\u00f3dok) Jedlik \u00c1nyos(vide\u00f3)(tagozatk\u00f3dok) Szent-Gy\u00f6rgyi Albert Eg\u00e9szs\u00e9g\u00fcgyi \u00e9s Szoci\u00e1lis Technikum \u00e9s Szakk\u00e9pz\u0151 [&hellip;]<\/p>\n","protected":false},"author":1,"featured_media":0,"parent":0,"menu_order":0,"comment_status":"closed","ping_status":"closed","template":"","meta":{"ngg_post_thumbnail":0,"footnotes":""},"class_list":["post-2193","page","type-page","status-publish","hentry"],"_links":{"self":[{"href":"http:\/\/www.radnotiiskola.hu\/new\/wp-json\/wp\/v2\/pages\/2193","targetHints":{"allow":["GET"]}}],"collection":[{"href":"http:\/\/www.radnotiiskola.hu\/new\/wp-json\/wp\/v2\/pages"}],"about":[{"href":"http:\/\/www.radnotiiskola.hu\/new\/wp-json\/wp\/v2\/types\/page"}],"author":[{"embeddable":true,"href":"http:\/\/www.radnotiiskola.hu\/new\/wp-json\/wp\/v2\/users\/1"}],"replies":[{"embeddable":true,"href":"http:\/\/www.radnotiiskola.hu\/new\/wp-json\/wp\/v2\/comments?post=2193"}],"version-history":[{"count":0,"href":"http:\/\/www.radnotiiskola.hu\/new\/wp-json\/wp\/v2\/pages\/2193\/revisions"}],"wp:attachment":[{"href":"http:\/\/www.radnotiiskola.hu\/new\/wp-json\/wp\/v2\/media?parent=2193"}],"curies":[{"name":"wp","href":"https:\/\/api.w.org\/{rel}","templated":true}]}}