{"id":2610,"date":"2021-06-24T08:57:02","date_gmt":"2021-06-24T08:57:02","guid":{"rendered":"http:\/\/www.radnotiiskola.hu\/new\/?page_id=2610"},"modified":"2021-06-24T08:57:04","modified_gmt":"2021-06-24T08:57:04","slug":"digitalis-temahetek","status":"publish","type":"page","link":"http:\/\/www.radnotiiskola.hu\/new\/digitalis-temahetek\/","title":{"rendered":"Digit\u00e1lis T\u00e9mahetek"},"content":{"rendered":"\n<p style=\"text-align: justify;\"><img loading=\"lazy\" decoding=\"async\" class=\"size-medium wp-image-2611 alignright\" src=\"http:\/\/www.radnotiiskola.hu\/new\/wp-content\/uploads\/2021\/06\/logo-300x300.jpg\" alt=\"\" width=\"300\" height=\"300\" srcset=\"http:\/\/www.radnotiiskola.hu\/new\/wp-content\/uploads\/2021\/06\/logo-300x300.jpg 300w, http:\/\/www.radnotiiskola.hu\/new\/wp-content\/uploads\/2021\/06\/logo-150x150.jpg 150w, http:\/\/www.radnotiiskola.hu\/new\/wp-content\/uploads\/2021\/06\/logo-768x768.jpg 768w, http:\/\/www.radnotiiskola.hu\/new\/wp-content\/uploads\/2021\/06\/logo-60x60.jpg 60w, http:\/\/www.radnotiiskola.hu\/new\/wp-content\/uploads\/2021\/06\/logo.jpg 900w\" sizes=\"auto, (max-width: 300px) 100vw, 300px\" \/>Iskol\u00e1nk \u00e9vek \u00f3ta akt\u00edvan r\u00e9sztvesz a DTH esem\u00e9nyein. Az egyes \u00e9vek munk\u00e1it v\u00e1lassza ki a men\u00fcb\u0151l.<\/p>\n","protected":false},"excerpt":{"rendered":"<p>Iskol\u00e1nk \u00e9vek \u00f3ta akt\u00edvan r\u00e9sztvesz a DTH esem\u00e9nyein. Az egyes \u00e9vek munk\u00e1it v\u00e1lassza ki a men\u00fcb\u0151l.<\/p>\n","protected":false},"author":1,"featured_media":0,"parent":0,"menu_order":0,"comment_status":"closed","ping_status":"closed","template":"","meta":{"ngg_post_thumbnail":0,"footnotes":""},"class_list":["post-2610","page","type-page","status-publish","hentry"],"_links":{"self":[{"href":"http:\/\/www.radnotiiskola.hu\/new\/wp-json\/wp\/v2\/pages\/2610","targetHints":{"allow":["GET"]}}],"collection":[{"href":"http:\/\/www.radnotiiskola.hu\/new\/wp-json\/wp\/v2\/pages"}],"about":[{"href":"http:\/\/www.radnotiiskola.hu\/new\/wp-json\/wp\/v2\/types\/page"}],"author":[{"embeddable":true,"href":"http:\/\/www.radnotiiskola.hu\/new\/wp-json\/wp\/v2\/users\/1"}],"replies":[{"embeddable":true,"href":"http:\/\/www.radnotiiskola.hu\/new\/wp-json\/wp\/v2\/comments?post=2610"}],"version-history":[{"count":0,"href":"http:\/\/www.radnotiiskola.hu\/new\/wp-json\/wp\/v2\/pages\/2610\/revisions"}],"wp:attachment":[{"href":"http:\/\/www.radnotiiskola.hu\/new\/wp-json\/wp\/v2\/media?parent=2610"}],"curies":[{"name":"wp","href":"https:\/\/api.w.org\/{rel}","templated":true}]}}