{"id":2692,"date":"2021-10-04T20:22:48","date_gmt":"2021-10-04T20:22:48","guid":{"rendered":"http:\/\/www.radnotiiskola.hu\/new\/?page_id=2692"},"modified":"2021-10-12T16:54:31","modified_gmt":"2021-10-12T16:54:31","slug":"gyepszel-uti-telephely","status":"publish","type":"page","link":"http:\/\/www.radnotiiskola.hu\/new\/gyepszel-uti-telephely\/","title":{"rendered":"Gyepsz\u00e9l \u00fati telephely"},"content":{"rendered":"<div style=\"font-size: 14px;\"><ul class=\"lcp_catlist\" id=\"lcp_instance_0\"><li><a href=\"http:\/\/www.radnotiiskola.hu\/new\/2022\/01\/17\/gyepszel-uti-telephely-januari-programja\/\">Gyepsz\u00e9l \u00fati telephely janu\u00e1ri programja<\/a><\/li><\/ul><\/div>\n<div>&nbsp;<\/div>\n<div><img loading=\"lazy\" decoding=\"async\" class=\"alignnone size-full wp-image-2720\" src=\"http:\/\/www.radnotiiskola.hu\/new\/wp-content\/uploads\/2021\/10\/epulet.jpg\" alt=\"\" width=\"960\" height=\"295\" srcset=\"http:\/\/www.radnotiiskola.hu\/new\/wp-content\/uploads\/2021\/10\/epulet.jpg 960w, http:\/\/www.radnotiiskola.hu\/new\/wp-content\/uploads\/2021\/10\/epulet-300x92.jpg 300w, http:\/\/www.radnotiiskola.hu\/new\/wp-content\/uploads\/2021\/10\/epulet-768x236.jpg 768w\" sizes=\"auto, (max-width: 960px) 100vw, 960px\" \/><\/div>\n<hr>\n<div style=\"font-size: 14px;\">&nbsp;<\/div>\n","protected":false},"excerpt":{"rendered":"<p>&nbsp; &nbsp;<\/p>\n","protected":false},"author":1,"featured_media":0,"parent":0,"menu_order":0,"comment_status":"closed","ping_status":"closed","template":"","meta":{"ngg_post_thumbnail":0,"footnotes":""},"class_list":["post-2692","page","type-page","status-publish","hentry"],"_links":{"self":[{"href":"http:\/\/www.radnotiiskola.hu\/new\/wp-json\/wp\/v2\/pages\/2692","targetHints":{"allow":["GET"]}}],"collection":[{"href":"http:\/\/www.radnotiiskola.hu\/new\/wp-json\/wp\/v2\/pages"}],"about":[{"href":"http:\/\/www.radnotiiskola.hu\/new\/wp-json\/wp\/v2\/types\/page"}],"author":[{"embeddable":true,"href":"http:\/\/www.radnotiiskola.hu\/new\/wp-json\/wp\/v2\/users\/1"}],"replies":[{"embeddable":true,"href":"http:\/\/www.radnotiiskola.hu\/new\/wp-json\/wp\/v2\/comments?post=2692"}],"version-history":[{"count":0,"href":"http:\/\/www.radnotiiskola.hu\/new\/wp-json\/wp\/v2\/pages\/2692\/revisions"}],"wp:attachment":[{"href":"http:\/\/www.radnotiiskola.hu\/new\/wp-json\/wp\/v2\/media?parent=2692"}],"curies":[{"name":"wp","href":"https:\/\/api.w.org\/{rel}","templated":true}]}}