{"id":2921,"date":"2022-01-21T08:14:13","date_gmt":"2022-01-21T08:14:13","guid":{"rendered":"http:\/\/www.radnotiiskola.hu\/new\/?page_id=2921"},"modified":"2023-03-29T12:50:51","modified_gmt":"2023-03-29T12:50:51","slug":"letoltheto-dokumentumok","status":"publish","type":"page","link":"http:\/\/www.radnotiiskola.hu\/new\/letoltheto-dokumentumok\/","title":{"rendered":"Let\u00f6lthet\u0151 dokumentumok"},"content":{"rendered":"\n<p><a href=\"https:\/\/docs.google.com\/document\/d\/10zNlu1eFo93CZlT1pTv7oRaFUspc_xIY\/edit?usp=share_link&amp;ouid=103766609354851008732&amp;rtpof=true&amp;sd=true\" target=\"_blank\" rel=\"noopener noreferrer\">Feln\u0151ttk\u00e9pz\u00e9sre jelentkez\u0151lap<\/a><\/p>\n","protected":false},"excerpt":{"rendered":"<p>Feln\u0151ttk\u00e9pz\u00e9sre jelentkez\u0151lap<\/p>\n","protected":false},"author":4,"featured_media":0,"parent":0,"menu_order":0,"comment_status":"closed","ping_status":"closed","template":"","meta":{"ngg_post_thumbnail":0,"footnotes":""},"class_list":["post-2921","page","type-page","status-publish","hentry"],"_links":{"self":[{"href":"http:\/\/www.radnotiiskola.hu\/new\/wp-json\/wp\/v2\/pages\/2921","targetHints":{"allow":["GET"]}}],"collection":[{"href":"http:\/\/www.radnotiiskola.hu\/new\/wp-json\/wp\/v2\/pages"}],"about":[{"href":"http:\/\/www.radnotiiskola.hu\/new\/wp-json\/wp\/v2\/types\/page"}],"author":[{"embeddable":true,"href":"http:\/\/www.radnotiiskola.hu\/new\/wp-json\/wp\/v2\/users\/4"}],"replies":[{"embeddable":true,"href":"http:\/\/www.radnotiiskola.hu\/new\/wp-json\/wp\/v2\/comments?post=2921"}],"version-history":[{"count":0,"href":"http:\/\/www.radnotiiskola.hu\/new\/wp-json\/wp\/v2\/pages\/2921\/revisions"}],"wp:attachment":[{"href":"http:\/\/www.radnotiiskola.hu\/new\/wp-json\/wp\/v2\/media?parent=2921"}],"curies":[{"name":"wp","href":"https:\/\/api.w.org\/{rel}","templated":true}]}}