{"id":2954,"date":"2022-02-15T08:09:51","date_gmt":"2022-02-15T08:09:51","guid":{"rendered":"http:\/\/www.radnotiiskola.hu\/new\/?page_id=2954"},"modified":"2022-02-15T08:09:55","modified_gmt":"2022-02-15T08:09:55","slug":"digitalis-temahet-2021","status":"publish","type":"page","link":"http:\/\/www.radnotiiskola.hu\/new\/digitalis-temahet-2021\/","title":{"rendered":"Digit\u00e1lis T\u00e9mah\u00e9t 2021"},"content":{"rendered":"\n<p>https:\/\/wakelet.com\/wake\/VR4Qr7ZySTE0kNXJ1nf6L<\/p>\n","protected":false},"excerpt":{"rendered":"<p>https:\/\/wakelet.com\/wake\/VR4Qr7ZySTE0kNXJ1nf6L<\/p>\n","protected":false},"author":4,"featured_media":0,"parent":0,"menu_order":0,"comment_status":"closed","ping_status":"closed","template":"","meta":{"ngg_post_thumbnail":0,"footnotes":""},"class_list":["post-2954","page","type-page","status-publish","hentry"],"_links":{"self":[{"href":"http:\/\/www.radnotiiskola.hu\/new\/wp-json\/wp\/v2\/pages\/2954","targetHints":{"allow":["GET"]}}],"collection":[{"href":"http:\/\/www.radnotiiskola.hu\/new\/wp-json\/wp\/v2\/pages"}],"about":[{"href":"http:\/\/www.radnotiiskola.hu\/new\/wp-json\/wp\/v2\/types\/page"}],"author":[{"embeddable":true,"href":"http:\/\/www.radnotiiskola.hu\/new\/wp-json\/wp\/v2\/users\/4"}],"replies":[{"embeddable":true,"href":"http:\/\/www.radnotiiskola.hu\/new\/wp-json\/wp\/v2\/comments?post=2954"}],"version-history":[{"count":0,"href":"http:\/\/www.radnotiiskola.hu\/new\/wp-json\/wp\/v2\/pages\/2954\/revisions"}],"wp:attachment":[{"href":"http:\/\/www.radnotiiskola.hu\/new\/wp-json\/wp\/v2\/media?parent=2954"}],"curies":[{"name":"wp","href":"https:\/\/api.w.org\/{rel}","templated":true}]}}