{"id":2959,"date":"2022-02-15T16:02:45","date_gmt":"2022-02-15T16:02:45","guid":{"rendered":"http:\/\/www.radnotiiskola.hu\/new\/?page_id=2959"},"modified":"2022-02-24T17:54:14","modified_gmt":"2022-02-24T17:54:14","slug":"oh-bazisintezmeny-2020-23","status":"publish","type":"page","link":"http:\/\/www.radnotiiskola.hu\/new\/oh-bazisintezmeny-2020-23\/","title":{"rendered":"OH B\u00e1zisint\u00e9zm\u00e9ny 2020- 23"},"content":{"rendered":"\n<ul>\n<li><a href=\"https:\/\/docs.google.com\/document\/d\/1tixBTNevBSxW3bxuEbWdHZipY1u4h7QV\/edit?usp=sharing&amp;ouid=105110796424939874535&amp;rtpof=true&amp;sd=true\">Int\u00e9zm\u00e9ny\u00fcnk B\u00e1zisiskolai p\u00e1ly\u00e1zata 2020- 23.&nbsp;<\/a><\/li>\n<li><a href=\"https:\/\/docs.google.com\/document\/d\/1lvZ9-xGwseN0Mp5mBjNSaP0vCI8fviGf\/edit?usp=sharing&amp;ouid=105110796424939874535&amp;rtpof=true&amp;sd=true\">B\u00e1zisint\u00e9zm\u00e9nyi munkaterv 2020-23.<\/a>&nbsp;<\/li>\n<li><a href=\"https:\/\/drive.google.com\/file\/d\/1oUQP6I1FpkXiS5ckCErV02wLwxB93vvz\/view?usp=sharing\">Eredm\u00e9ny<\/a><\/li>\n<\/ul>\n","protected":false},"excerpt":{"rendered":"<p>Int\u00e9zm\u00e9ny\u00fcnk B\u00e1zisiskolai p\u00e1ly\u00e1zata 2020- 23.&nbsp; B\u00e1zisint\u00e9zm\u00e9nyi munkaterv 2020-23.&nbsp; Eredm\u00e9ny<\/p>\n","protected":false},"author":4,"featured_media":0,"parent":0,"menu_order":0,"comment_status":"closed","ping_status":"closed","template":"","meta":{"ngg_post_thumbnail":0,"footnotes":""},"class_list":["post-2959","page","type-page","status-publish","hentry"],"_links":{"self":[{"href":"http:\/\/www.radnotiiskola.hu\/new\/wp-json\/wp\/v2\/pages\/2959","targetHints":{"allow":["GET"]}}],"collection":[{"href":"http:\/\/www.radnotiiskola.hu\/new\/wp-json\/wp\/v2\/pages"}],"about":[{"href":"http:\/\/www.radnotiiskola.hu\/new\/wp-json\/wp\/v2\/types\/page"}],"author":[{"embeddable":true,"href":"http:\/\/www.radnotiiskola.hu\/new\/wp-json\/wp\/v2\/users\/4"}],"replies":[{"embeddable":true,"href":"http:\/\/www.radnotiiskola.hu\/new\/wp-json\/wp\/v2\/comments?post=2959"}],"version-history":[{"count":0,"href":"http:\/\/www.radnotiiskola.hu\/new\/wp-json\/wp\/v2\/pages\/2959\/revisions"}],"wp:attachment":[{"href":"http:\/\/www.radnotiiskola.hu\/new\/wp-json\/wp\/v2\/media?parent=2959"}],"curies":[{"name":"wp","href":"https:\/\/api.w.org\/{rel}","templated":true}]}}