{"id":304,"date":"2018-10-08T04:59:18","date_gmt":"2018-10-08T04:59:18","guid":{"rendered":"http:\/\/www.radnotiiskola.hu\/new\/?page_id=304"},"modified":"2020-10-26T11:57:51","modified_gmt":"2020-10-26T11:57:51","slug":"munkatervek","status":"publish","type":"page","link":"http:\/\/www.radnotiiskola.hu\/new\/munkatervek\/","title":{"rendered":"Munkatervek"},"content":{"rendered":"<p><img loading=\"lazy\" decoding=\"async\" class=\"wp-image-309 aligncenter\" src=\"http:\/\/www.radnotiiskola.hu\/new\/wp-content\/uploads\/2018\/10\/munkaterv-300x200.jpg\" alt=\"\" width=\"457\" height=\"305\" srcset=\"http:\/\/www.radnotiiskola.hu\/new\/wp-content\/uploads\/2018\/10\/munkaterv-300x200.jpg 300w, http:\/\/www.radnotiiskola.hu\/new\/wp-content\/uploads\/2018\/10\/munkaterv-768x513.jpg 768w, http:\/\/www.radnotiiskola.hu\/new\/wp-content\/uploads\/2018\/10\/munkaterv-1024x684.jpg 1024w, http:\/\/www.radnotiiskola.hu\/new\/wp-content\/uploads\/2018\/10\/munkaterv.jpg 1168w\" sizes=\"auto, (max-width: 457px) 100vw, 457px\" \/><\/p>\n<p style=\"text-align: center;\">Kattintson <a href=\"https:\/\/drive.google.com\/drive\/folders\/1DYP6ch74Lj2hm2cJWWCvv5w43UcEedDf?usp=sharing\" target=\"_blank\" rel=\"noopener noreferrer\">ide<\/a>, majd v\u00e1lassza ki a k\u00edv\u00e1nt \u00e9vet!<\/p>\n","protected":false},"excerpt":{"rendered":"<p>Kattintson ide, majd v\u00e1lassza ki a k\u00edv\u00e1nt \u00e9vet!<\/p>\n","protected":false},"author":1,"featured_media":0,"parent":0,"menu_order":0,"comment_status":"closed","ping_status":"closed","template":"","meta":{"ngg_post_thumbnail":0,"footnotes":""},"class_list":["post-304","page","type-page","status-publish","hentry"],"_links":{"self":[{"href":"http:\/\/www.radnotiiskola.hu\/new\/wp-json\/wp\/v2\/pages\/304","targetHints":{"allow":["GET"]}}],"collection":[{"href":"http:\/\/www.radnotiiskola.hu\/new\/wp-json\/wp\/v2\/pages"}],"about":[{"href":"http:\/\/www.radnotiiskola.hu\/new\/wp-json\/wp\/v2\/types\/page"}],"author":[{"embeddable":true,"href":"http:\/\/www.radnotiiskola.hu\/new\/wp-json\/wp\/v2\/users\/1"}],"replies":[{"embeddable":true,"href":"http:\/\/www.radnotiiskola.hu\/new\/wp-json\/wp\/v2\/comments?post=304"}],"version-history":[{"count":0,"href":"http:\/\/www.radnotiiskola.hu\/new\/wp-json\/wp\/v2\/pages\/304\/revisions"}],"wp:attachment":[{"href":"http:\/\/www.radnotiiskola.hu\/new\/wp-json\/wp\/v2\/media?parent=304"}],"curies":[{"name":"wp","href":"https:\/\/api.w.org\/{rel}","templated":true}]}}