{"id":343,"date":"2018-10-10T02:17:27","date_gmt":"2018-10-10T02:17:27","guid":{"rendered":"http:\/\/www.radnotiiskola.hu\/new\/?page_id=343"},"modified":"2018-11-28T18:41:32","modified_gmt":"2018-11-28T18:41:32","slug":"2017-2018-as-tanev","status":"publish","type":"page","link":"http:\/\/www.radnotiiskola.hu\/new\/2017-2018-as-tanev\/","title":{"rendered":"2017-2018-as tan\u00e9v"},"content":{"rendered":"<ul>\n<li><span style=\"font-size: 12pt;\"><a href=\"http:\/\/www.radnotiiskola.hu\/new\/2017-2018-es-tanevben-iskolankban-tortent\/\"><span style=\"font-family: arial, helvetica, sans-serif;\">Iskol\u00e1nkban t\u00f6rt\u00e9nt (22 cikk)<\/span><\/a><\/span><\/li>\n<li><span style=\"font-size: 12pt;\"><a href=\"http:\/\/www.radnotiiskola.hu\/new\/2017-2018-as-tanev-felhivasok\/\"><span style=\"font-family: arial, helvetica, sans-serif;\">Felh\u00edv\u00e1sok (18 cikk)<\/span><\/a><\/span><\/li>\n<li><span style=\"font-size: 12pt;\"><a href=\"http:\/\/www.radnotiiskola.hu\/new\/2017-2018-as-tanev-havi-programok\/\"><span style=\"font-family: arial, helvetica, sans-serif;\">Havi programok (10 cikk)<\/span><\/a><\/span><\/li>\n<li><span style=\"font-size: 12pt;\"><a href=\"http:\/\/www.radnotiiskola.hu\/new\/2017-2018-as-tanev-eredmenyeink\/\"><span style=\"font-family: arial, helvetica, sans-serif;\">Eredm\u00e9nyeink (2 cikk)<\/span><\/a><\/span><\/li>\n<\/ul>\n","protected":false},"excerpt":{"rendered":"<p>Iskol\u00e1nkban t\u00f6rt\u00e9nt (22 cikk) Felh\u00edv\u00e1sok (18 cikk) Havi programok (10 cikk) Eredm\u00e9nyeink (2 cikk)<\/p>\n","protected":false},"author":1,"featured_media":0,"parent":0,"menu_order":0,"comment_status":"closed","ping_status":"closed","template":"","meta":{"ngg_post_thumbnail":0,"footnotes":""},"class_list":["post-343","page","type-page","status-publish","hentry"],"_links":{"self":[{"href":"http:\/\/www.radnotiiskola.hu\/new\/wp-json\/wp\/v2\/pages\/343","targetHints":{"allow":["GET"]}}],"collection":[{"href":"http:\/\/www.radnotiiskola.hu\/new\/wp-json\/wp\/v2\/pages"}],"about":[{"href":"http:\/\/www.radnotiiskola.hu\/new\/wp-json\/wp\/v2\/types\/page"}],"author":[{"embeddable":true,"href":"http:\/\/www.radnotiiskola.hu\/new\/wp-json\/wp\/v2\/users\/1"}],"replies":[{"embeddable":true,"href":"http:\/\/www.radnotiiskola.hu\/new\/wp-json\/wp\/v2\/comments?post=343"}],"version-history":[{"count":0,"href":"http:\/\/www.radnotiiskola.hu\/new\/wp-json\/wp\/v2\/pages\/343\/revisions"}],"wp:attachment":[{"href":"http:\/\/www.radnotiiskola.hu\/new\/wp-json\/wp\/v2\/media?parent=343"}],"curies":[{"name":"wp","href":"https:\/\/api.w.org\/{rel}","templated":true}]}}