{"id":3441,"date":"2023-03-01T10:14:12","date_gmt":"2023-03-01T10:14:12","guid":{"rendered":"http:\/\/www.radnotiiskola.hu\/new\/?page_id=3441"},"modified":"2024-03-25T17:13:54","modified_gmt":"2024-03-25T17:13:54","slug":"120-evfordulo","status":"publish","type":"page","link":"http:\/\/www.radnotiiskola.hu\/new\/120-evfordulo\/","title":{"rendered":"120. \u00e9vfordul\u00f3"},"content":{"rendered":"\n<p><img loading=\"lazy\" decoding=\"async\" class=\"alignnone size-full wp-image-3608\" src=\"http:\/\/www.radnotiiskola.hu\/new\/wp-content\/uploads\/2023\/05\/logo.png\" alt=\"\" width=\"923\" height=\"240\" srcset=\"http:\/\/www.radnotiiskola.hu\/new\/wp-content\/uploads\/2023\/05\/logo.png 923w, http:\/\/www.radnotiiskola.hu\/new\/wp-content\/uploads\/2023\/05\/logo-300x78.png 300w, http:\/\/www.radnotiiskola.hu\/new\/wp-content\/uploads\/2023\/05\/logo-768x200.png 768w\" sizes=\"auto, (max-width: 923px) 100vw, 923px\" \/><\/p>\n<p style=\"text-align: center;\">\u00dcnnepi m\u0171sorunk <a href=\"https:\/\/drive.google.com\/file\/d\/1y5H-ozciu4BhU2Ase2KqML-HQxmpQkZY\/view?usp=share_link\">IDE<\/a> kattintva tekinthet\u0151 meg.&nbsp;<\/p>\n<p style=\"text-align: center;\">\u00dcnnepi \u00e9vk\u00f6nyv\u00fcnket <a href=\"https:\/\/docs.google.com\/document\/d\/17D8aeJfNI4xokuty6KKgXDzg2fjKGdD6\/edit?usp=sharing&amp;ouid=103766609354851008732&amp;rtpof=true&amp;sd=true\">ITT<\/a> tekinthetik meg.&nbsp;<\/p>\n<p style=\"text-align: center;\">A m\u0171soron k\u00e9sz\u00fclt f\u00e9nyk\u00e9pek <a href=\"https:\/\/drive.google.com\/drive\/folders\/1aJdI853k5DvSUvSJd063PnIQN9a-Js4Y?usp=share_link\">ITT<\/a> megtekinthet\u0151ek.&nbsp;<\/p>\n<p style=\"text-align: center;\"><iframe loading=\"lazy\" src=\"\/\/www.youtube.com\/embed\/pL0ZjufV8i0\" width=\"560\" height=\"314\" allowfullscreen=\"allowfullscreen\"><\/iframe><\/p>\n<p>&nbsp;<\/p>\n<p><a href=\"https:\/\/drive.google.com\/drive\/folders\/1TxlNUhneOw5Xd3nLIbQQ31N1zEGRpF0P?usp=share_link\">Megeml\u00e9kez\u00e9s a 110. \u00e9vfordul\u00f3nkr\u00f3l.&nbsp;<\/a><\/p>\n","protected":false},"excerpt":{"rendered":"<p>\u00dcnnepi m\u0171sorunk IDE kattintva tekinthet\u0151 meg.&nbsp; \u00dcnnepi \u00e9vk\u00f6nyv\u00fcnket ITT tekinthetik meg.&nbsp; A m\u0171soron k\u00e9sz\u00fclt f\u00e9nyk\u00e9pek ITT megtekinthet\u0151ek.&nbsp; &nbsp; Megeml\u00e9kez\u00e9s a 110. \u00e9vfordul\u00f3nkr\u00f3l.&nbsp;<\/p>\n","protected":false},"author":4,"featured_media":0,"parent":0,"menu_order":0,"comment_status":"closed","ping_status":"closed","template":"","meta":{"ngg_post_thumbnail":0,"footnotes":""},"class_list":["post-3441","page","type-page","status-publish","hentry"],"_links":{"self":[{"href":"http:\/\/www.radnotiiskola.hu\/new\/wp-json\/wp\/v2\/pages\/3441","targetHints":{"allow":["GET"]}}],"collection":[{"href":"http:\/\/www.radnotiiskola.hu\/new\/wp-json\/wp\/v2\/pages"}],"about":[{"href":"http:\/\/www.radnotiiskola.hu\/new\/wp-json\/wp\/v2\/types\/page"}],"author":[{"embeddable":true,"href":"http:\/\/www.radnotiiskola.hu\/new\/wp-json\/wp\/v2\/users\/4"}],"replies":[{"embeddable":true,"href":"http:\/\/www.radnotiiskola.hu\/new\/wp-json\/wp\/v2\/comments?post=3441"}],"version-history":[{"count":0,"href":"http:\/\/www.radnotiiskola.hu\/new\/wp-json\/wp\/v2\/pages\/3441\/revisions"}],"wp:attachment":[{"href":"http:\/\/www.radnotiiskola.hu\/new\/wp-json\/wp\/v2\/media?parent=3441"}],"curies":[{"name":"wp","href":"https:\/\/api.w.org\/{rel}","templated":true}]}}