{"id":346,"date":"2018-10-10T02:18:42","date_gmt":"2018-10-10T02:18:42","guid":{"rendered":"http:\/\/www.radnotiiskola.hu\/new\/?page_id=346"},"modified":"2018-11-28T18:41:49","modified_gmt":"2018-11-28T18:41:49","slug":"2016-2017-es-tanev","status":"publish","type":"page","link":"http:\/\/www.radnotiiskola.hu\/new\/2016-2017-es-tanev\/","title":{"rendered":"2016-2017-es tan\u00e9v"},"content":{"rendered":"<ul>\n<li><span style=\"font-size: 12pt;\"><a href=\"http:\/\/www.radnotiiskola.hu\/new\/2016-2017-tanev-iskolankban-tortent\/\"><span style=\"font-family: arial, helvetica, sans-serif;\">Iskol\u00e1nkban t\u00f6rt\u00e9nt (24 cikk)<\/span><\/a><\/span><\/li>\n<li><span style=\"font-size: 12pt;\"><a href=\"http:\/\/www.radnotiiskola.hu\/new\/2016-2017-es-tanev-felhivasai\/\"><span style=\"font-family: arial, helvetica, sans-serif;\">Felh\u00edv\u00e1sok (16 cikk)<\/span><\/a><\/span><\/li>\n<li><span style=\"font-size: 12pt;\"><a href=\"http:\/\/www.radnotiiskola.hu\/new\/2016-2017-es-tanev-havi-programjai\/\"><span style=\"font-family: arial, helvetica, sans-serif;\">Havi programok (10 cikk)<\/span><\/a><\/span><\/li>\n<li><span style=\"font-size: 12pt;\"><a href=\"http:\/\/www.radnotiiskola.hu\/new\/2016-2017-tanev-eredmenyei\/\"><span style=\"font-family: arial, helvetica, sans-serif;\">Eredm\u00e9nyek\u00a0 (3 cikk)<\/span><\/a><\/span><\/li>\n<li><span style=\"font-size: 12pt;\"><a href=\"http:\/\/www.radnotiiskola.hu\/new\/2016-2017-tanev-dok-hirei\/\"><span style=\"font-family: arial, helvetica, sans-serif;\">D\u00d6K (11 cikk)<\/span><\/a><\/span><\/li>\n<\/ul>\n","protected":false},"excerpt":{"rendered":"<p>Iskol\u00e1nkban t\u00f6rt\u00e9nt (24 cikk) Felh\u00edv\u00e1sok (16 cikk) Havi programok (10 cikk) Eredm\u00e9nyek\u00a0 (3 cikk) D\u00d6K (11 cikk)<\/p>\n","protected":false},"author":1,"featured_media":0,"parent":0,"menu_order":0,"comment_status":"closed","ping_status":"closed","template":"","meta":{"ngg_post_thumbnail":0,"footnotes":""},"class_list":["post-346","page","type-page","status-publish","hentry"],"_links":{"self":[{"href":"http:\/\/www.radnotiiskola.hu\/new\/wp-json\/wp\/v2\/pages\/346","targetHints":{"allow":["GET"]}}],"collection":[{"href":"http:\/\/www.radnotiiskola.hu\/new\/wp-json\/wp\/v2\/pages"}],"about":[{"href":"http:\/\/www.radnotiiskola.hu\/new\/wp-json\/wp\/v2\/types\/page"}],"author":[{"embeddable":true,"href":"http:\/\/www.radnotiiskola.hu\/new\/wp-json\/wp\/v2\/users\/1"}],"replies":[{"embeddable":true,"href":"http:\/\/www.radnotiiskola.hu\/new\/wp-json\/wp\/v2\/comments?post=346"}],"version-history":[{"count":0,"href":"http:\/\/www.radnotiiskola.hu\/new\/wp-json\/wp\/v2\/pages\/346\/revisions"}],"wp:attachment":[{"href":"http:\/\/www.radnotiiskola.hu\/new\/wp-json\/wp\/v2\/media?parent=346"}],"curies":[{"name":"wp","href":"https:\/\/api.w.org\/{rel}","templated":true}]}}