{"id":3589,"date":"2023-04-27T15:32:02","date_gmt":"2023-04-27T15:32:02","guid":{"rendered":"http:\/\/www.radnotiiskola.hu\/new\/?page_id=3589"},"modified":"2023-04-27T15:35:34","modified_gmt":"2023-04-27T15:35:34","slug":"digitalis-temahet-2023","status":"publish","type":"page","link":"http:\/\/www.radnotiiskola.hu\/new\/digitalis-temahet-2023\/","title":{"rendered":"Digit\u00e1lis T\u00e9mah\u00e9t 2023"},"content":{"rendered":"\n<p style=\"text-align: justify;\"><img loading=\"lazy\" decoding=\"async\" class=\"size-thumbnail wp-image-3574 alignright\" src=\"http:\/\/www.radnotiiskola.hu\/new\/wp-content\/uploads\/2023\/04\/1680603955394-150x150.jpg\" alt=\"\" width=\"150\" height=\"150\" srcset=\"http:\/\/www.radnotiiskola.hu\/new\/wp-content\/uploads\/2023\/04\/1680603955394-150x150.jpg 150w, http:\/\/www.radnotiiskola.hu\/new\/wp-content\/uploads\/2023\/04\/1680603955394-60x60.jpg 60w\" sizes=\"auto, (max-width: 150px) 100vw, 150px\" \/>Int\u00e9zm\u00e9ny\u00fcnk, a Gy\u0151ri Radn\u00f3ti Mikl\u00f3s \u00c1ltal\u00e1nos Iskola m\u00e1r hetedik \u00e9ve r\u00e9szt vesz a Digit\u00e1lis T\u00e9mah\u00e9t programj\u00e1ban. Az elm\u00falt \u00e9vben t\u00f6bb p\u00e1ly\u00e1zattal is indultunk, melyek k\u00f6z\u00fcl az egyik munk\u00e1nk a Digit\u00e1lis Pedag\u00f3giai M\u00f3dszertani K\u00f6zpont k\u00fcl\u00f6nd\u00edj\u00e1ban r\u00e9szes\u00fclt. Az idei tan\u00e9rvben m\u00e1rcius v\u00e9g\u00e9n ker\u00fclt sor a Digit\u00e1lis T\u00e9mah\u00e9t program sorozat\u00e1nak lebonyol\u00edt\u00e1s\u00e1ra.<!--more--><\/p>\n<p style=\"text-align: justify;\"><span style=\"font-weight: 400;\">A projekt c\u00e9lja az , hogy Pet\u0151fi S\u00e1ndor sz\u00fclet\u00e9s\u00e9nek 200. \u00e9vfordul\u00f3j\u00e1n megeml\u00e9kezz\u00fcnk a <img loading=\"lazy\" decoding=\"async\" class=\"size-thumbnail wp-image-3593 alignleft\" src=\"http:\/\/www.radnotiiskola.hu\/new\/wp-content\/uploads\/2023\/04\/dth_fb-150x150.png\" alt=\"\" width=\"150\" height=\"150\" srcset=\"http:\/\/www.radnotiiskola.hu\/new\/wp-content\/uploads\/2023\/04\/dth_fb-150x150.png 150w, http:\/\/www.radnotiiskola.hu\/new\/wp-content\/uploads\/2023\/04\/dth_fb-300x300.png 300w, http:\/\/www.radnotiiskola.hu\/new\/wp-content\/uploads\/2023\/04\/dth_fb-60x60.png 60w, http:\/\/www.radnotiiskola.hu\/new\/wp-content\/uploads\/2023\/04\/dth_fb.png 512w\" sizes=\"auto, (max-width: 150px) 100vw, 150px\" \/>k\u00f6lt\u0151r\u0151l \u00e9s hazafir\u00f3l. A digit\u00e1lis eszk\u00f6z\u00f6ket nagym\u00e9rt\u00e9kben bevonva,\u00e9lm\u00e9nyszer\u0171en tervezz\u00fck a tan\u00f3r\u00e1kat. <\/span><span style=\"font-weight: 400;\">A pedag\u00f3gusok \u00e9s az elt\u00e9r\u0151 \u00e9vfolyamok di\u00e1kjai egym\u00e1st\u00f3l tanulhatnak.Feldolgozzuk Pet\u0151fi S\u00e1ndor m\u0171veit magyar, n\u00e9met \u00e9s angol nyelven \u00e9s&nbsp; \u00e9let\u00e9nek fontos \u00e1llom\u00e1sait,tetteit \u00e9s gondolatait.<\/span><\/p>\n<p>A p\u00e1ly\u00e1zati alapdokumentumok pedig t\u00e9telesen kiemelve:<\/p>\n<ul>\n<li><a href=\"https:\/\/docs.google.com\/document\/d\/1LU_klvNn8UECDHQMo2TKGGELEgCXgEtKMlxgdajOeps\/edit?usp=share_link\">P\u00e1ly\u00e1zati \u0171rlap<\/a><\/li>\n<li><a href=\"https:\/\/docs.google.com\/document\/d\/1kyoUlzm_IRF78lAMLG6D0Q88_6qkOA8fGaK3MIyAg8M\/edit?usp=share_link\">Projet terv<\/a><\/li>\n<li><a href=\"https:\/\/docs.google.com\/spreadsheets\/d\/1DMiBN577ZKd62mnyBz_KMlBxU-zomYUDduYUN04Oaqs\/edit?usp=share_link\">R\u00e9szv\u00e9tel \u00e9s tev\u00e9kenys\u00e9g&nbsp;<\/a>&nbsp;<\/li>\n<\/ul>\n<p>Az elk\u00e9sz\u00fclt munk\u00e1kat \u00e9s a folyamatot bemutat\u00f3 vide\u00f3 a lej\u00e1tsz\u00e1s gombra kattintva megtekinthet\u0151.&nbsp;<\/p>\n<p>&nbsp;<\/p>\n<p><a href=\"https:\/\/drive.google.com\/file\/d\/1j1Yn9kcUfEXjr4QK69VjysK-badegOxE\/view?usp=share_link\"><img loading=\"lazy\" decoding=\"async\" class=\"size-thumbnail wp-image-3591 aligncenter\" src=\"http:\/\/www.radnotiiskola.hu\/new\/wp-content\/uploads\/2023\/04\/lejatszo-1-150x150.png\" alt=\"\" width=\"150\" height=\"150\" srcset=\"http:\/\/www.radnotiiskola.hu\/new\/wp-content\/uploads\/2023\/04\/lejatszo-1-150x150.png 150w, http:\/\/www.radnotiiskola.hu\/new\/wp-content\/uploads\/2023\/04\/lejatszo-1-60x60.png 60w\" sizes=\"auto, (max-width: 150px) 100vw, 150px\" \/><\/a><\/p>\n<p>Tov\u00e1bbi munk\u00e1k \u00e9s bemutat\u00f3k <a href=\"https:\/\/drive.google.com\/drive\/folders\/1khdahxTQWzv-zt41H6l9yf7mf5svNqQX?usp=share_link\">ITT<\/a> tekinthet\u0151ek meg.&nbsp;<\/p>\n<p>K\u00f6sz\u00f6nj\u00fck a figyelmet!&nbsp;<\/p>\n","protected":false},"excerpt":{"rendered":"<p>Int\u00e9zm\u00e9ny\u00fcnk, a Gy\u0151ri Radn\u00f3ti Mikl\u00f3s \u00c1ltal\u00e1nos Iskola m\u00e1r hetedik \u00e9ve r\u00e9szt vesz a Digit\u00e1lis T\u00e9mah\u00e9t programj\u00e1ban. Az elm\u00falt \u00e9vben t\u00f6bb p\u00e1ly\u00e1zattal is indultunk, melyek k\u00f6z\u00fcl az egyik munk\u00e1nk a Digit\u00e1lis Pedag\u00f3giai M\u00f3dszertani K\u00f6zpont k\u00fcl\u00f6nd\u00edj\u00e1ban r\u00e9szes\u00fclt. Az idei tan\u00e9rvben m\u00e1rcius v\u00e9g\u00e9n ker\u00fclt sor a Digit\u00e1lis T\u00e9mah\u00e9t program sorozat\u00e1nak lebonyol\u00edt\u00e1s\u00e1ra.<\/p>\n","protected":false},"author":4,"featured_media":0,"parent":0,"menu_order":0,"comment_status":"closed","ping_status":"closed","template":"","meta":{"ngg_post_thumbnail":0,"footnotes":""},"class_list":["post-3589","page","type-page","status-publish","hentry"],"_links":{"self":[{"href":"http:\/\/www.radnotiiskola.hu\/new\/wp-json\/wp\/v2\/pages\/3589","targetHints":{"allow":["GET"]}}],"collection":[{"href":"http:\/\/www.radnotiiskola.hu\/new\/wp-json\/wp\/v2\/pages"}],"about":[{"href":"http:\/\/www.radnotiiskola.hu\/new\/wp-json\/wp\/v2\/types\/page"}],"author":[{"embeddable":true,"href":"http:\/\/www.radnotiiskola.hu\/new\/wp-json\/wp\/v2\/users\/4"}],"replies":[{"embeddable":true,"href":"http:\/\/www.radnotiiskola.hu\/new\/wp-json\/wp\/v2\/comments?post=3589"}],"version-history":[{"count":0,"href":"http:\/\/www.radnotiiskola.hu\/new\/wp-json\/wp\/v2\/pages\/3589\/revisions"}],"wp:attachment":[{"href":"http:\/\/www.radnotiiskola.hu\/new\/wp-json\/wp\/v2\/media?parent=3589"}],"curies":[{"name":"wp","href":"https:\/\/api.w.org\/{rel}","templated":true}]}}