{"id":3990,"date":"2024-03-19T17:26:00","date_gmt":"2024-03-19T17:26:00","guid":{"rendered":"http:\/\/www.radnotiiskola.hu\/new\/?page_id=3990"},"modified":"2024-03-25T17:33:04","modified_gmt":"2024-03-25T17:33:04","slug":"lengyel-alfred-honismereti-verseny","status":"publish","type":"page","link":"http:\/\/www.radnotiiskola.hu\/new\/lengyel-alfred-honismereti-verseny\/","title":{"rendered":"Lengyel Alfr\u00e9d Honismereti verseny"},"content":{"rendered":"\n<p><img loading=\"lazy\" decoding=\"async\" class=\"size-medium wp-image-3991 alignright\" src=\"http:\/\/www.radnotiiskola.hu\/new\/wp-content\/uploads\/2024\/03\/432697651_389555913941851_4866799921665294438_n-300x225.jpg\" alt=\"\" width=\"300\" height=\"225\" srcset=\"http:\/\/www.radnotiiskola.hu\/new\/wp-content\/uploads\/2024\/03\/432697651_389555913941851_4866799921665294438_n-300x225.jpg 300w, http:\/\/www.radnotiiskola.hu\/new\/wp-content\/uploads\/2024\/03\/432697651_389555913941851_4866799921665294438_n-1024x768.jpg 1024w, http:\/\/www.radnotiiskola.hu\/new\/wp-content\/uploads\/2024\/03\/432697651_389555913941851_4866799921665294438_n-768x576.jpg 768w, http:\/\/www.radnotiiskola.hu\/new\/wp-content\/uploads\/2024\/03\/432697651_389555913941851_4866799921665294438_n-1536x1152.jpg 1536w, http:\/\/www.radnotiiskola.hu\/new\/wp-content\/uploads\/2024\/03\/432697651_389555913941851_4866799921665294438_n.jpg 2048w\" sizes=\"auto, (max-width: 300px) 100vw, 300px\" \/>Tanul\u00f3ink sz\u00e9p eredm\u00e9nyt \u00e9rtek el 2024-ben is a Lengyel Alfr\u00e9dr\u00f3l elnevezett honismereti versenyen.<\/p>\n<p>B\u00fcszk\u00e9k vagyunk r\u00e1juk.&nbsp;<\/p>\n<p>A p\u00e1lyamunk\u00e1k <a href=\"https:\/\/docs.google.com\/presentation\/d\/1OkJspJN2qAO3EqQBx0RnsEnAypiqFB7_\/edit?usp=sharing&amp;ouid=105110796424939874535&amp;rtpof=true&amp;sd=true\">ITT<\/a> tekinthet\u0151ek meg&nbsp;<\/p>\n","protected":false},"excerpt":{"rendered":"<p>Tanul\u00f3ink sz\u00e9p eredm\u00e9nyt \u00e9rtek el 2024-ben is a Lengyel Alfr\u00e9dr\u00f3l elnevezett honismereti versenyen. B\u00fcszk\u00e9k vagyunk r\u00e1juk.&nbsp; A p\u00e1lyamunk\u00e1k ITT tekinthet\u0151ek meg&nbsp;<\/p>\n","protected":false},"author":4,"featured_media":0,"parent":0,"menu_order":0,"comment_status":"closed","ping_status":"closed","template":"","meta":{"ngg_post_thumbnail":0,"footnotes":""},"class_list":["post-3990","page","type-page","status-publish","hentry"],"_links":{"self":[{"href":"http:\/\/www.radnotiiskola.hu\/new\/wp-json\/wp\/v2\/pages\/3990","targetHints":{"allow":["GET"]}}],"collection":[{"href":"http:\/\/www.radnotiiskola.hu\/new\/wp-json\/wp\/v2\/pages"}],"about":[{"href":"http:\/\/www.radnotiiskola.hu\/new\/wp-json\/wp\/v2\/types\/page"}],"author":[{"embeddable":true,"href":"http:\/\/www.radnotiiskola.hu\/new\/wp-json\/wp\/v2\/users\/4"}],"replies":[{"embeddable":true,"href":"http:\/\/www.radnotiiskola.hu\/new\/wp-json\/wp\/v2\/comments?post=3990"}],"version-history":[{"count":0,"href":"http:\/\/www.radnotiiskola.hu\/new\/wp-json\/wp\/v2\/pages\/3990\/revisions"}],"wp:attachment":[{"href":"http:\/\/www.radnotiiskola.hu\/new\/wp-json\/wp\/v2\/media?parent=3990"}],"curies":[{"name":"wp","href":"https:\/\/api.w.org\/{rel}","templated":true}]}}