{"id":509,"date":"2018-11-25T08:10:37","date_gmt":"2018-11-25T08:10:37","guid":{"rendered":"http:\/\/www.radnotiiskola.hu\/new\/?page_id=509"},"modified":"2018-11-25T08:10:37","modified_gmt":"2018-11-25T08:10:37","slug":"szep-hazank-felvidek","status":"publish","type":"page","link":"http:\/\/www.radnotiiskola.hu\/new\/szep-hazank-felvidek\/","title":{"rendered":"&#8222;Sz\u00e9p haz\u00e1nk, Felvid\u00e9k &#8230;&#8221;"},"content":{"rendered":"<p>2017. m\u00e1jus 25-27-\u00e9n a Gy\u0151ri Radn\u00f3ti Mikl\u00f3s \u00c1ltal\u00e1nos Iskola hetedik oszt\u00e1lyos tanul\u00f3i a sikeres \u201eHat\u00e1rtalanul\u201d P\u00e1ly\u00e1zat keret\u00e9ben a Trianoni Dikt\u00e1tum \u00e1ltal elszak\u00edtott Felvid\u00e9ken j\u00e1rt.<\/p>\n<p><img loading=\"lazy\" decoding=\"async\" class=\"size-medium wp-image-510 alignleft\" src=\"http:\/\/www.radnotiiskola.hu\/new\/wp-content\/uploads\/2018\/11\/Kass\u00e1n-300x225.jpg\" alt=\"\" width=\"300\" height=\"225\" srcset=\"http:\/\/www.radnotiiskola.hu\/new\/wp-content\/uploads\/2018\/11\/Kass\u00e1n-300x225.jpg 300w, http:\/\/www.radnotiiskola.hu\/new\/wp-content\/uploads\/2018\/11\/Kass\u00e1n.jpg 640w\" sizes=\"auto, (max-width: 300px) 100vw, 300px\" \/>Els\u0151 nap a XIV. sz\u00e1zadban vir\u00e1gkorukat \u00e9l\u0151 \u00e9s az akkori gazdas\u00e1gi f\u00e9nykor nyomait \u0151rz\u0151 b\u00e1nyav\u00e1rosokat n\u00e9zt\u00fck meg. K\u00f6rm\u00f6cb\u00e1ny\u00e1n a numizmatika tudom\u00e1ny\u00e1ba kaptunk betekint\u00e9st. A p\u00e9nzver\u00e9s \u00e9vsz\u00e1zados eszk\u00f6zei \u00e9s m\u00f3dszerei az aranyb\u00e1ny\u00e1szat fellegv\u00e1r\u00e1v\u00e1 tett\u00e9k a gy\u00f6ny\u00f6r\u0171 k\u00f6z\u00e9pkori telep\u00fcl\u00e9st. Az ez\u00fcst v\u00e1rosa, a b\u00e1ny\u00e1szati akad\u00e9mia helye 1918-ig Selmecb\u00e1nya volt. Sz\u00edvesen \u00e9nekelt\u00fck a b\u00e1ny\u00e1szati indul\u00f3t \u00e9s \u00e1t\u00e9rezt\u00fck a Trianoni Himnusz hangulat\u00e1t Beszterceb\u00e1nya fel\u00e9 k\u00f6zeledve. Ott a F\u0151 t\u00e9ren s\u00e9t\u00e1ltunk \u00e9s megcsod\u00e1ltuk a V\u00e1rnegyed h\u00edres \u00e9p\u00fcleteit. A m\u00e1sodik nap a sz\u00e1szok f\u00f6ldj\u00e9re vett\u00fck az ir\u00e1nyt. A Szapolyai, Thurz\u00f3 \u00e9s Cs\u00e1ky csal\u00e1dok \u00e1ltal naggy\u00e1 tett Szepes v\u00e1r\u00e1nak megtekint\u00e9se el\u0151tt \u00d3t\u00e1traf\u00fcred szecesszi\u00f3s \u00e9p\u00fcletei var\u00e1zsoltak el benn\u00fcnket.<\/p>\n<p>&nbsp;<\/p>\n<p>\u00datk\u00f6zben a T\u00e1tra term\u00e9szeti k\u00f6rnyezet\u00e9t, a fens\u00e9ges hegyeket mindannyian \u00e1mulva n\u00e9zt\u00fck. L\u0151cse v\u00e1rosa<img loading=\"lazy\" decoding=\"async\" class=\"size-medium wp-image-511 alignright\" src=\"http:\/\/www.radnotiiskola.hu\/new\/wp-content\/uploads\/2018\/11\/Kassa_R\u00e1k\u00f3czi-300x225.jpg\" alt=\"\" width=\"300\" height=\"225\" srcset=\"http:\/\/www.radnotiiskola.hu\/new\/wp-content\/uploads\/2018\/11\/Kassa_R\u00e1k\u00f3czi-300x225.jpg 300w, http:\/\/www.radnotiiskola.hu\/new\/wp-content\/uploads\/2018\/11\/Kassa_R\u00e1k\u00f3czi.jpg 640w\" sizes=\"auto, (max-width: 300px) 100vw, 300px\" \/> &#8211; a g\u00f3tikus Szent Jakab templommal &#8211; a szorgalmas, gyarapod\u00f3 v\u00e1rosi polg\u00e1rs\u00e1g keze nyom\u00e1t \u0151rizte meg sz\u00e1munkra. Az utols\u00f3 napot a R\u00e1k\u00f3czik szellem\u00e9ben \u00e9lt\u00fck meg. A koszor\u00faz\u00f3 \u00fcnneps\u00e9g II. R\u00e1k\u00f3czi Ferenc s\u00edrj\u00e1n\u00e1l a D\u00f3mban, majd a Rodost\u00f3-h\u00e1zban tett l\u00e1togat\u00e1s lelki \u00e9lm\u00e9nyekkel gyarap\u00edtott feln\u0151ttet, gyereket egyar\u00e1nt. Kass\u00e1t azzal a rem\u00e9nnyel hagytuk el, amivel R\u00e1k\u00f3czi a kurucok \u00e9l\u00e9re \u00e1llt: \u201eAz igaz \u00fcgyet Isten nem hagyja el.\u201d<\/p>\n","protected":false},"excerpt":{"rendered":"<p>2017. m\u00e1jus 25-27-\u00e9n a Gy\u0151ri Radn\u00f3ti Mikl\u00f3s \u00c1ltal\u00e1nos Iskola hetedik oszt\u00e1lyos tanul\u00f3i a sikeres \u201eHat\u00e1rtalanul\u201d P\u00e1ly\u00e1zat keret\u00e9ben a Trianoni Dikt\u00e1tum \u00e1ltal elszak\u00edtott Felvid\u00e9ken j\u00e1rt. Els\u0151 nap a XIV. sz\u00e1zadban vir\u00e1gkorukat \u00e9l\u0151 \u00e9s az akkori gazdas\u00e1gi f\u00e9nykor nyomait \u0151rz\u0151 b\u00e1nyav\u00e1rosokat n\u00e9zt\u00fck meg. K\u00f6rm\u00f6cb\u00e1ny\u00e1n a numizmatika tudom\u00e1ny\u00e1ba kaptunk betekint\u00e9st. A p\u00e9nzver\u00e9s \u00e9vsz\u00e1zados eszk\u00f6zei \u00e9s m\u00f3dszerei az aranyb\u00e1ny\u00e1szat [&hellip;]<\/p>\n","protected":false},"author":1,"featured_media":0,"parent":0,"menu_order":0,"comment_status":"closed","ping_status":"closed","template":"","meta":{"ngg_post_thumbnail":0,"footnotes":""},"class_list":["post-509","page","type-page","status-publish","hentry"],"_links":{"self":[{"href":"http:\/\/www.radnotiiskola.hu\/new\/wp-json\/wp\/v2\/pages\/509","targetHints":{"allow":["GET"]}}],"collection":[{"href":"http:\/\/www.radnotiiskola.hu\/new\/wp-json\/wp\/v2\/pages"}],"about":[{"href":"http:\/\/www.radnotiiskola.hu\/new\/wp-json\/wp\/v2\/types\/page"}],"author":[{"embeddable":true,"href":"http:\/\/www.radnotiiskola.hu\/new\/wp-json\/wp\/v2\/users\/1"}],"replies":[{"embeddable":true,"href":"http:\/\/www.radnotiiskola.hu\/new\/wp-json\/wp\/v2\/comments?post=509"}],"version-history":[{"count":0,"href":"http:\/\/www.radnotiiskola.hu\/new\/wp-json\/wp\/v2\/pages\/509\/revisions"}],"wp:attachment":[{"href":"http:\/\/www.radnotiiskola.hu\/new\/wp-json\/wp\/v2\/media?parent=509"}],"curies":[{"name":"wp","href":"https:\/\/api.w.org\/{rel}","templated":true}]}}