{"id":538,"date":"2018-11-25T08:30:06","date_gmt":"2018-11-25T08:30:06","guid":{"rendered":"http:\/\/www.radnotiiskola.hu\/new\/?page_id=538"},"modified":"2018-11-25T08:30:20","modified_gmt":"2018-11-25T08:30:20","slug":"bakonyi-kirandulas-a-fold-napjan","status":"publish","type":"page","link":"http:\/\/www.radnotiiskola.hu\/new\/bakonyi-kirandulas-a-fold-napjan\/","title":{"rendered":"Bakonyi kir\u00e1ndul\u00e1s a F\u00d6LD NAPJ\u00c1N"},"content":{"rendered":"<p><span style=\"font-family: arial, helvetica, sans-serif;\"><em>\u201eTavaszr<\/em><em>a m\u00e1r eleg\u00fcnk lett a vil\u00e1g zaj\u00e1b\u00f3l, \u00e9s egy igazi, csendes, meghitt zugot kerest\u00fcnk az \u00e9g alatt, ell\u00e1togattunk a Bakonyba! Erdei \u00e1llatok, mad\u00e1rdal, csend, erdei leveg\u0151, patakcsobog\u00e1s fogadott benn\u00fcnket!\u201d<\/em><\/span><\/p>\n<p><span style=\"font-family: arial, helvetica, sans-serif;\"><img loading=\"lazy\" decoding=\"async\" class=\"size-medium wp-image-539 alignright\" src=\"http:\/\/www.radnotiiskola.hu\/new\/wp-content\/uploads\/2018\/11\/Bakony-300x225.png\" alt=\"\" width=\"300\" height=\"225\" srcset=\"http:\/\/www.radnotiiskola.hu\/new\/wp-content\/uploads\/2018\/11\/Bakony-300x225.png 300w, http:\/\/www.radnotiiskola.hu\/new\/wp-content\/uploads\/2018\/11\/Bakony.png 524w\" sizes=\"auto, (max-width: 300px) 100vw, 300px\" \/>Iskol\u00e1nk fontos c\u00e9lk\u00e9nt t\u0171zte ki a sz\u00fcl\u0151kkel val\u00f3 kapcsolattart\u00e1s er\u0151s\u00edt\u00e9s\u00e9t.<\/span><\/p>\n<p><span style=\"font-family: arial, helvetica, sans-serif;\">Ezt a c\u00e9lt szolg\u00e1lta Ferencz Tibor volt SZM v\u00e1lasztm\u00e1nyi eln\u00f6k szervez\u00e9s\u00e9ben megrendez\u00e9sre ker\u00fcl\u0151 bakonyi kir\u00e1ndul\u00e1s is. A szabadid\u0151s program szervez\u00e9s\u00e9ben a D\u00d6K \u00e9s a pedag\u00f3giai munkak\u00f6z\u00f6ss\u00e9g vezet\u0151je is akt\u00edvan r\u00e9szt vett.<\/span><\/p>\n<p><span style=\"font-family: arial, helvetica, sans-serif;\">Szerencs\u00e9re az id\u0151j\u00e1r\u00e1s aznap kegyes volt hozz\u00e1nk, s a szombati napunkat sz\u00e9lvihar \u00e9s es\u0151mentesen t\u00f6lthett\u00fck el. B\u00e1r \u00e1prilis v\u00e9g\u00e9hez k\u00e9pest nagyon sok havat l\u00e1ttunk!<\/span><\/p>\n<p><span style=\"font-family: arial, helvetica, sans-serif;\">A k\u00f6zel 70 f\u0151s kir\u00e1ndul\u00f3 csoport a vinyei j\u00e1tsz\u00f3t\u00e9rre \u00e9rkezett meg a k\u00fcl\u00f6n busszal, s ott vert t\u00e1bort. T\u00far\u00e1nk a H\u00f3dos-\u00e9r v\u00f6lgy\u00e9ben l\u00e9v\u0151 \u00fcd\u00fcl\u0151telept\u0151l indult el a kijel\u00f6lt z\u00f6ld turista\u00faton. S\u00e9t\u00e1nk sor\u00e1n szabadt\u00e9ri j\u00e1tsz\u00f3teret tal\u00e1ltunk, ahol kicsik \u00e9s nagyobbak kipr\u00f3b\u00e1lhatt\u00e1k \u00fcgyess\u00e9g\u00fcket.<\/span><\/p>\n<p><span style=\"font-family: arial, helvetica, sans-serif;\">Majd folytatva utunkat kis emelked\u0151 ut\u00e1n, \u00e9rt\u00fck el a z\u00f6ld barlangjelz\u00e9st.\u00a0 Likas-k\u0151 sziklat\u00f6mbj\u00e9t a b\u00fckkerd\u0151 m\u00e9ly\u00e9n fedezt\u00fck fel. A szikla belsej\u00e9ben az id\u0151k sor\u00e1n a v\u00edz folyos\u00f3szer\u0171 \u00fcregeket v\u00e1jt ki, amelyek t\u00f6bb kij\u00e1rattal, n\u00e9h\u00e1ny m\u00e9teres, t\u00f6bbsz\u00f6r\u00f6sen el\u00e1gaz\u00f3 alag\u00fatrendszert alkotnak. A feln\u0151ttek csak guggolva, n\u00e9gyk\u00e9zl\u00e1b tudt\u00e1k \u00e1tpr\u00e9selni magukat a r\u00e9seken, de a gyerekek sz\u00e1m\u00e1ra k\u00f6nnyen \u00e1tj\u00e1rhat\u00f3, izgalmas b\u00faj\u00f3csk\u00e1z\u00f3 hely volt. Tanul\u00f3ink nagyon \u00e9lvezt\u00e9k a kit\u00e9r\u0151t!<\/span><\/p>\n<p><span style=\"font-family: arial, helvetica, sans-serif;\">Ezut\u00e1n a P\u00e1pal\u00e1t\u00f3-k\u0151h\u00f6z \u00e9rkezt\u00fcnk, mely egy geol\u00f3giai k\u00e9pz\u0151dm\u00e9ny, csod\u00e1latos kil\u00e1t\u00e1ssal. A nev\u00e9t is innen kapta: tiszta id\u0151ben besz\u00e1mol\u00f3k szerint P\u00e1pa v\u00e1rosa l\u00e1that\u00f3, \u00e9s ez mellett a Pannonhalmi F\u0151ap\u00e1ts\u00e1g gy\u00f6ny\u00f6r\u0171 kontrasztot rajzol a t\u00e1volban. Itt let\u00e1boroztunk, s \u00e9hs\u00e9g\u00fcnket, szomjunkat oltottuk.<\/span><\/p>\n<p><span style=\"font-family: arial, helvetica, sans-serif;\">Majd visszat\u00e9rt\u00fcnk a vinyei pihen\u0151helyhez. Itt r\u00f6nk asztalok-padok v\u00e1rj\u00e1k a megf\u00e1radt, \u00e9hes v\u00e1ndorokat. Nek\u00fcnk is j\u00f3l esett a pihen\u00e9s t\u00far\u00e1nkat k\u00f6vet\u0151en. Ehett\u00fcnk finom medvehagym\u00e1s-tejf\u00f6l\u00f6s l\u00e1ngost, s k\u00f3stolhattunk finom helyi lekv\u00e1rokat, m\u00e9zeket!<\/span><\/p>\n<p><span style=\"font-family: arial, helvetica, sans-serif;\">B\u00e1r a gyerekek nem sok\u00e1ig maradtak t\u00e9tlenek, s \u00f6nfeledt j\u00e1t\u00e9kba kezdtek!<\/span><\/p>\n<p><span style=\"font-family: arial, helvetica, sans-serif;\">A lurk\u00f3k sz\u00e1m\u00e1ra igazi kalandot jelentett a nap v\u00e9g\u00e9t z\u00e1r\u00f3 r\u00f6vid t\u00fara, a Cuha-patak megh\u00f3d\u00edt\u00e1sa is!<\/span><\/p>\n<p><span style=\"font-family: arial, helvetica, sans-serif;\">\u00c1tkel\u00e9s\u00fcnket megnehez\u00edtette a patak magas v\u00edzszintje. Ez\u00e9rt hatalmas sziklat\u00f6mb\u00f6k\u00f6n, s kid\u0151lt fat\u00f6rzseken kellett \u00e1tkeln\u00fcnk a patakon. De a b\u00e1traknak siker\u00fclt!<\/span><\/p>\n<p><span style=\"font-family: arial, helvetica, sans-serif;\">V\u00e9g\u00fcl eljutottunk a K\u0151pince-forr\u00e1shoz. Ahol megt\u00f6lthett\u00fck ki\u00fcr\u00fclt vizes palackjainkat.<\/span><\/p>\n<p><span style=\"font-family: arial, helvetica, sans-serif;\">S a forr\u00e1st\u00f3l nem messze m\u00e9g utolj\u00e1ra megh\u00f3d\u00edtottuk a meredek hegyoldalt is!<\/span><\/p>\n<p><span style=\"font-family: arial, helvetica, sans-serif;\">Term\u00e9szeti gy\u00f6ngyszemekben, l\u00e1tv\u00e1nyban gazdag t\u00far\u00e1n r\u00e9sztvev\u0151 di\u00e1kjaink, sz\u00fcleik, nagysz\u00fcleik, s a tan\u00e1rok kellemes szabadid\u0151s programot t\u00f6lthettek el egy\u00fctt!<\/span><\/p>\n<p><span style=\"font-family: arial, helvetica, sans-serif;\">Rem\u00e9lj\u00fck lesz folytat\u00e1sa!<\/span><\/p>\n<p><span style=\"font-family: arial, helvetica, sans-serif;\">S\u00fct\u00f6rin\u00e9 Hada Ildik\u00f3<\/span><br \/>\n<span style=\"font-family: arial, helvetica, sans-serif;\">D\u00d6K-vezet\u0151<\/span><\/p>\n","protected":false},"excerpt":{"rendered":"<p>\u201eTavaszra m\u00e1r eleg\u00fcnk lett a vil\u00e1g zaj\u00e1b\u00f3l, \u00e9s egy igazi, csendes, meghitt zugot kerest\u00fcnk az \u00e9g alatt, ell\u00e1togattunk a Bakonyba! Erdei \u00e1llatok, mad\u00e1rdal, csend, erdei leveg\u0151, patakcsobog\u00e1s fogadott benn\u00fcnket!\u201d Iskol\u00e1nk fontos c\u00e9lk\u00e9nt t\u0171zte ki a sz\u00fcl\u0151kkel val\u00f3 kapcsolattart\u00e1s er\u0151s\u00edt\u00e9s\u00e9t. Ezt a c\u00e9lt szolg\u00e1lta Ferencz Tibor volt SZM v\u00e1lasztm\u00e1nyi eln\u00f6k szervez\u00e9s\u00e9ben megrendez\u00e9sre ker\u00fcl\u0151 bakonyi kir\u00e1ndul\u00e1s is. [&hellip;]<\/p>\n","protected":false},"author":1,"featured_media":0,"parent":0,"menu_order":0,"comment_status":"closed","ping_status":"closed","template":"","meta":{"ngg_post_thumbnail":0,"footnotes":""},"class_list":["post-538","page","type-page","status-publish","hentry"],"_links":{"self":[{"href":"http:\/\/www.radnotiiskola.hu\/new\/wp-json\/wp\/v2\/pages\/538","targetHints":{"allow":["GET"]}}],"collection":[{"href":"http:\/\/www.radnotiiskola.hu\/new\/wp-json\/wp\/v2\/pages"}],"about":[{"href":"http:\/\/www.radnotiiskola.hu\/new\/wp-json\/wp\/v2\/types\/page"}],"author":[{"embeddable":true,"href":"http:\/\/www.radnotiiskola.hu\/new\/wp-json\/wp\/v2\/users\/1"}],"replies":[{"embeddable":true,"href":"http:\/\/www.radnotiiskola.hu\/new\/wp-json\/wp\/v2\/comments?post=538"}],"version-history":[{"count":0,"href":"http:\/\/www.radnotiiskola.hu\/new\/wp-json\/wp\/v2\/pages\/538\/revisions"}],"wp:attachment":[{"href":"http:\/\/www.radnotiiskola.hu\/new\/wp-json\/wp\/v2\/media?parent=538"}],"curies":[{"name":"wp","href":"https:\/\/api.w.org\/{rel}","templated":true}]}}