{"id":568,"date":"2018-11-25T08:50:31","date_gmt":"2018-11-25T08:50:31","guid":{"rendered":"http:\/\/www.radnotiiskola.hu\/new\/?page_id=568"},"modified":"2018-11-25T08:50:31","modified_gmt":"2018-11-25T08:50:31","slug":"mikulas-latogatasa-iskolankban","status":"publish","type":"page","link":"http:\/\/www.radnotiiskola.hu\/new\/mikulas-latogatasa-iskolankban\/","title":{"rendered":"Mikul\u00e1s l\u00e1togat\u00e1sa iskol\u00e1nkban"},"content":{"rendered":"<p><strong>J\u00f3nak lenni j\u00f3!<\/strong><\/p>\n<p><img loading=\"lazy\" decoding=\"async\" class=\"size-medium wp-image-569 alignright\" src=\"http:\/\/www.radnotiiskola.hu\/new\/wp-content\/uploads\/2018\/11\/Mikul\u00e1s_1-224x300.png\" alt=\"\" width=\"224\" height=\"300\" srcset=\"http:\/\/www.radnotiiskola.hu\/new\/wp-content\/uploads\/2018\/11\/Mikul\u00e1s_1-224x300.png 224w, http:\/\/www.radnotiiskola.hu\/new\/wp-content\/uploads\/2018\/11\/Mikul\u00e1s_1.png 324w\" sizes=\"auto, (max-width: 224px) 100vw, 224px\" \/>Az advent sz\u00f3 jelent\u00e9se elj\u00f6vetel. Iskol\u00e1nkban mi is megpr\u00f3b\u00e1lunk ebben az id\u0151szakban elcs\u00f6ndesedni, egym\u00e1sra jobban odafigyelni, sz\u00edv\u00fcnket kit\u00e1rva a m\u00e1sik fel\u00e9.<\/p>\n<p>Az advent nyit\u00f3 \u00fcnnepe egyed\u00fcl a gyermekek\u00e9. Mikul\u00e1s \u00fcnnep\u00e9re a gyerekek kif\u00e9nyes\u00edtik a csizm\u00e1csk\u00e1ikat \u00e9s kiteszik az ablakba, hogy abba tegye Mikul\u00e1s meglepet\u00e9s aj\u00e1nd\u00e9kait.<\/p>\n<p>\u0150t l\u00e1tni term\u00e9szetesen nem fogj\u00e1k, hisz mostan\u00e1ban m\u00e1r nagyon kor\u00e1n s\u00f6t\u00e9tedik. A Mikul\u00e1s pedig nagyon gyorsan j\u00f6n \u00e9s egy pillanat alatt m\u00e1r tova is siet sz\u00e1nj\u00e1val, mert egy \u00e9jszaka alatt a vil\u00e1g \u00f6sszes gyermek\u00e9t meg kell l\u00e1togatnia. Amelyik gyerek azonban nagyon szerencs\u00e9s, az szem\u00e9lyesen is tal\u00e1lkozhat vele.<\/p>\n<p>\u00cdgy volt ez a radn\u00f3tis kisdi\u00e1kokkal is. Ildi n\u00e9ni, a D\u00d6K-vezet\u0151 \u00edrt Mikul\u00e1snak egy levelet, melyben arra k\u00e9rte, hogy l\u00e1togasson el iskol\u00e1nkba. S ahogy lenni szokott, Mikul\u00e1s teljes\u00edtette is ezt a k\u00edv\u00e1ns\u00e1got.<\/p>\n<p>A gyerekek nagyon \u00f6r\u00fcltek a v\u00e1ratlan vend\u00e9gnek. S hogy kipihenje utaz\u00e1sa f\u00e1radalmait, \u00e9nekkel \u00e9s verssel \u00f6rvendeztett\u00e9k meg a j\u00f3s\u00e1gos \u00f6regembert. El\u0151sz\u00f6r a \u201eHull a pelyhes feh\u00e9r h\u00f3\u201d kezdet\u0171 dalocsk\u00e1t, majd a \u201eMikul\u00e1s, Mikul\u00e1s\u201d, \u201eT\u00e9lap\u00f3 itt van\u201d,s Hal\u00e1sz Juditt\u00f3l a \u201eRossz gyerekek\u201d c. dalt, v\u00e9g\u00fcl a \u201eMikul\u00e1s sz\u00e1nja\u201d c. \u00e9neket adt\u00e1k el\u0151. Elhangzott a Mikul\u00e1s-k\u00f6sz\u00f6nt\u0151je c. vers is. A fic\u00e1nk\u00e1sok pedig az \u201eEmber, ember, december\u201d c. dal elj\u00e1tsz\u00e1s\u00e1val z\u00e1rt\u00e1k a programot.<\/p>\n<p style=\"text-align: center;\"><img loading=\"lazy\" decoding=\"async\" class=\"alignnone size-medium wp-image-570\" src=\"http:\/\/www.radnotiiskola.hu\/new\/wp-content\/uploads\/2018\/11\/Mikul\u00e1s_2-300x225.png\" alt=\"\" width=\"300\" height=\"225\" srcset=\"http:\/\/www.radnotiiskola.hu\/new\/wp-content\/uploads\/2018\/11\/Mikul\u00e1s_2-300x225.png 300w, http:\/\/www.radnotiiskola.hu\/new\/wp-content\/uploads\/2018\/11\/Mikul\u00e1s_2.png 478w\" sizes=\"auto, (max-width: 300px) 100vw, 300px\" \/><\/p>\n<p>Mikul\u00e1snak nagyon tetszett valamennyi produkci\u00f3, s viszonz\u00e1sul minden als\u00f3sr\u00f3l felolvasta a mindent l\u00e1t\u00f3 k\u00f6nyv\u00e9b\u0151l, hogy kir\u0151l mi j\u00f3t, s rosszat hallott, s term\u00e9szetesen szaloncukor is el\u0151ker\u00fclt Mikul\u00e1s zs\u00e1kj\u00e1b\u00f3l.<\/p>\n<p>S v\u00e9g\u00fcl meg\u00edg\u00e9rte, hogy j\u00f6v\u0151re is ell\u00e1togat a radn\u00f3tis kisdi\u00e1kokhoz!<\/p>\n<p>Szervez\u0151:<\/p>\n<p>S\u00fct\u00f6rin\u00e9 Hada Ildik\u00f3<br \/>\nD\u00d6K-vezet\u0151<\/p>\n","protected":false},"excerpt":{"rendered":"<p>J\u00f3nak lenni j\u00f3! Az advent sz\u00f3 jelent\u00e9se elj\u00f6vetel. Iskol\u00e1nkban mi is megpr\u00f3b\u00e1lunk ebben az id\u0151szakban elcs\u00f6ndesedni, egym\u00e1sra jobban odafigyelni, sz\u00edv\u00fcnket kit\u00e1rva a m\u00e1sik fel\u00e9. Az advent nyit\u00f3 \u00fcnnepe egyed\u00fcl a gyermekek\u00e9. Mikul\u00e1s \u00fcnnep\u00e9re a gyerekek kif\u00e9nyes\u00edtik a csizm\u00e1csk\u00e1ikat \u00e9s kiteszik az ablakba, hogy abba tegye Mikul\u00e1s meglepet\u00e9s aj\u00e1nd\u00e9kait. \u0150t l\u00e1tni term\u00e9szetesen nem fogj\u00e1k, hisz mostan\u00e1ban [&hellip;]<\/p>\n","protected":false},"author":1,"featured_media":0,"parent":0,"menu_order":0,"comment_status":"closed","ping_status":"closed","template":"","meta":{"ngg_post_thumbnail":0,"footnotes":""},"class_list":["post-568","page","type-page","status-publish","hentry"],"_links":{"self":[{"href":"http:\/\/www.radnotiiskola.hu\/new\/wp-json\/wp\/v2\/pages\/568","targetHints":{"allow":["GET"]}}],"collection":[{"href":"http:\/\/www.radnotiiskola.hu\/new\/wp-json\/wp\/v2\/pages"}],"about":[{"href":"http:\/\/www.radnotiiskola.hu\/new\/wp-json\/wp\/v2\/types\/page"}],"author":[{"embeddable":true,"href":"http:\/\/www.radnotiiskola.hu\/new\/wp-json\/wp\/v2\/users\/1"}],"replies":[{"embeddable":true,"href":"http:\/\/www.radnotiiskola.hu\/new\/wp-json\/wp\/v2\/comments?post=568"}],"version-history":[{"count":0,"href":"http:\/\/www.radnotiiskola.hu\/new\/wp-json\/wp\/v2\/pages\/568\/revisions"}],"wp:attachment":[{"href":"http:\/\/www.radnotiiskola.hu\/new\/wp-json\/wp\/v2\/media?parent=568"}],"curies":[{"name":"wp","href":"https:\/\/api.w.org\/{rel}","templated":true}]}}