{"id":572,"date":"2018-11-25T08:53:08","date_gmt":"2018-11-25T08:53:08","guid":{"rendered":"http:\/\/www.radnotiiskola.hu\/new\/?page_id=572"},"modified":"2018-11-25T08:53:08","modified_gmt":"2018-11-25T08:53:08","slug":"radnoti-mikulas-roplabda-torna","status":"publish","type":"page","link":"http:\/\/www.radnotiiskola.hu\/new\/radnoti-mikulas-roplabda-torna\/","title":{"rendered":"Radn\u00f3ti Mikul\u00e1s R\u00f6plabda Torna"},"content":{"rendered":"<p>Iskol\u00e1nkban hagyom\u00e1ny, hogy Mikul\u00e1s napj\u00e1n megh\u00edvjuk a koroszt\u00e1lyos iskol\u00e1k csapatait, hogy r\u00e9szt vegyenek az iskol\u00e1nkban megrendez\u00e9sre ker\u00fcl\u0151 Mikul\u00e1s R\u00f6plabda Torn\u00e1n.<\/p>\n<p>Ebben az \u00e9vben a IV. koroszt\u00e1ly\u00fa, gyermek r\u00f6plabda csapatra v\u00e1rt a nemes feladat, hogy iskol\u00e1nkat k\u00e9pviselje.<\/p>\n<p>Rajtunk k\u00edv\u00fcl m\u00e9g 2 \u00e1ltal\u00e1nos iskol\u00e1b\u00f3l \u00e9rkeztek csapatok.<\/p>\n<p><img loading=\"lazy\" decoding=\"async\" class=\"size-medium wp-image-573 aligncenter\" src=\"http:\/\/www.radnotiiskola.hu\/new\/wp-content\/uploads\/2018\/11\/Mikul\u00e1s_Kupa_1-300x225.png\" alt=\"\" width=\"300\" height=\"225\" srcset=\"http:\/\/www.radnotiiskola.hu\/new\/wp-content\/uploads\/2018\/11\/Mikul\u00e1s_Kupa_1-300x225.png 300w, http:\/\/www.radnotiiskola.hu\/new\/wp-content\/uploads\/2018\/11\/Mikul\u00e1s_Kupa_1.png 510w\" sizes=\"auto, (max-width: 300px) 100vw, 300px\" \/><\/p>\n<p>Valamennyi m\u00e9rk\u0151z\u00e9sen\u00a0minden csapat\u00a03 j\u00e1tszm\u00e1s\u00a025\u00a0pontig\u00a0tart\u00f3 m\u00e9rk\u0151z\u00e9st j\u00e1tszhatott. Felt\u00e9tel volt, hogy minden iskol\u00e1nak vegyes (fi\u00fa-l\u00e1ny) csapatot kellett ind\u00edtania, m\u00e9rk\u0151z\u00e9senk\u00e9nt \u00e9s csapatonk\u00e9nt minimum h\u00e1rom l\u00e1nnyal.<\/p>\n<p><img loading=\"lazy\" decoding=\"async\" class=\"size-medium wp-image-574 aligncenter\" src=\"http:\/\/www.radnotiiskola.hu\/new\/wp-content\/uploads\/2018\/11\/Mikul\u00e1s_Kupa_2-300x225.png\" alt=\"\" width=\"300\" height=\"225\" srcset=\"http:\/\/www.radnotiiskola.hu\/new\/wp-content\/uploads\/2018\/11\/Mikul\u00e1s_Kupa_2-300x225.png 300w, http:\/\/www.radnotiiskola.hu\/new\/wp-content\/uploads\/2018\/11\/Mikul\u00e1s_Kupa_2.png 431w\" sizes=\"auto, (max-width: 300px) 100vw, 300px\" \/><\/p>\n<p>Csapatunk a torna abszol\u00fat gy\u0151ztese lett! Hisz az Abdai Zr\u00ednyi Ilona \u00c1ltal\u00e1nos Iskola Ikr\u00e9nyi Tagiskola, valamint az \u00d6veges K\u00e1lm\u00e1n Gyakorl\u00f3 \u00c1ltal\u00e1nos Iskola csapat\u00e1t is 3:0 ar\u00e1nyban legy\u0151zte!<\/p>\n<p>\u00cdgy iskol\u00e1nk 150 ponttal, az Ikr\u00e9ny 106 ponttal, az \u00d6veges pedig 85 ponttal z\u00e1rta a torn\u00e1t!<\/p>\n<p><strong>A CSAPAT TAGJAI:<\/strong><\/p>\n<p>N\u00e9meth Cintia, Cser Orsolya, Nits Ren\u00e1ta, Egerv\u00e1ri Eszter, B\u00f6jthe Csaba (8. a), P\u00e1kozdi Rich\u00e1rd, Ol\u00e1h Krisztofer, Pint\u00e9r Dominika, Pl\u00e9n\u00e1rd D\u00e1niel \u00e9s Bella Bence (7. b)<\/p>\n<p>EDZ\u0150:<br \/>\nS\u00fct\u00f6rin\u00e9 Hada Ildik\u00f3<\/p>\n<p><strong>Gratul\u00e1lunk a csapatnak!<\/strong><\/p>\n<p>Szervez\u0151k:<br \/>\nS\u00fct\u00f6rin\u00e9 Hada Ildik\u00f3 \u00e9s<br \/>\nFarnady Ern\u0151<\/p>\n","protected":false},"excerpt":{"rendered":"<p>Iskol\u00e1nkban hagyom\u00e1ny, hogy Mikul\u00e1s napj\u00e1n megh\u00edvjuk a koroszt\u00e1lyos iskol\u00e1k csapatait, hogy r\u00e9szt vegyenek az iskol\u00e1nkban megrendez\u00e9sre ker\u00fcl\u0151 Mikul\u00e1s R\u00f6plabda Torn\u00e1n. Ebben az \u00e9vben a IV. koroszt\u00e1ly\u00fa, gyermek r\u00f6plabda csapatra v\u00e1rt a nemes feladat, hogy iskol\u00e1nkat k\u00e9pviselje. Rajtunk k\u00edv\u00fcl m\u00e9g 2 \u00e1ltal\u00e1nos iskol\u00e1b\u00f3l \u00e9rkeztek csapatok. Valamennyi m\u00e9rk\u0151z\u00e9sen\u00a0minden csapat\u00a03 j\u00e1tszm\u00e1s\u00a025\u00a0pontig\u00a0tart\u00f3 m\u00e9rk\u0151z\u00e9st j\u00e1tszhatott. Felt\u00e9tel volt, hogy minden iskol\u00e1nak [&hellip;]<\/p>\n","protected":false},"author":1,"featured_media":0,"parent":0,"menu_order":0,"comment_status":"closed","ping_status":"closed","template":"","meta":{"ngg_post_thumbnail":0,"footnotes":""},"class_list":["post-572","page","type-page","status-publish","hentry"],"_links":{"self":[{"href":"http:\/\/www.radnotiiskola.hu\/new\/wp-json\/wp\/v2\/pages\/572","targetHints":{"allow":["GET"]}}],"collection":[{"href":"http:\/\/www.radnotiiskola.hu\/new\/wp-json\/wp\/v2\/pages"}],"about":[{"href":"http:\/\/www.radnotiiskola.hu\/new\/wp-json\/wp\/v2\/types\/page"}],"author":[{"embeddable":true,"href":"http:\/\/www.radnotiiskola.hu\/new\/wp-json\/wp\/v2\/users\/1"}],"replies":[{"embeddable":true,"href":"http:\/\/www.radnotiiskola.hu\/new\/wp-json\/wp\/v2\/comments?post=572"}],"version-history":[{"count":0,"href":"http:\/\/www.radnotiiskola.hu\/new\/wp-json\/wp\/v2\/pages\/572\/revisions"}],"wp:attachment":[{"href":"http:\/\/www.radnotiiskola.hu\/new\/wp-json\/wp\/v2\/media?parent=572"}],"curies":[{"name":"wp","href":"https:\/\/api.w.org\/{rel}","templated":true}]}}