{"id":576,"date":"2018-11-25T08:58:06","date_gmt":"2018-11-25T08:58:06","guid":{"rendered":"http:\/\/www.radnotiiskola.hu\/new\/?page_id=576"},"modified":"2018-11-25T08:58:06","modified_gmt":"2018-11-25T08:58:06","slug":"a-sport-legyen-a-tied-program-helyi-megvalositasa-iskolankban","status":"publish","type":"page","link":"http:\/\/www.radnotiiskola.hu\/new\/a-sport-legyen-a-tied-program-helyi-megvalositasa-iskolankban\/","title":{"rendered":"A SPORT LEGYEN A TIED! PROGRAM HELYI MEGVAL\u00d3S\u00cdT\u00c1SA ISKOL\u00c1NKBAN"},"content":{"rendered":"<p style=\"text-align: center;\"><span style=\"font-size: 14pt;\">A SPORT NEMZET\u00dcNK K\u00d6Z\u00d6S \u00c9RT\u00c9KE, EG\u00c9SZS\u00c9GES J\u00d6V\u0150NK Z\u00c1LOGA.<\/span><\/p>\n<p>\u00a0<img loading=\"lazy\" decoding=\"async\" class=\"size-medium wp-image-579 alignright\" src=\"http:\/\/www.radnotiiskola.hu\/new\/wp-content\/uploads\/2018\/11\/Sport-300x200.jpg\" alt=\"\" width=\"300\" height=\"200\" srcset=\"http:\/\/www.radnotiiskola.hu\/new\/wp-content\/uploads\/2018\/11\/Sport-300x200.jpg 300w, http:\/\/www.radnotiiskola.hu\/new\/wp-content\/uploads\/2018\/11\/Sport.jpg 456w\" sizes=\"auto, (max-width: 300px) 100vw, 300px\" \/>A Magyar Di\u00e1ksport Sz\u00f6vets\u00e9g az EMMI Sport\u00e9rt Felel\u0151s \u00c1llamtitk\u00e1rs\u00e1g\u00e1nak t\u00e1mogat\u00e1s\u00e1val 2015 \u00e1prilisban ind\u00edtotta \u00fatj\u00e1ra\u00a0A Sport Legyen a Tied! programot.<\/p>\n<p>A tavalyi \u00e9v sikereinek k\u00f6sz\u00f6nhet\u0151en 2016-ban a Program folytat\u00e1sra ker\u00fclt.<\/p>\n<p>A kezdem\u00e9nyez\u00e9s f\u0151 c\u00e9lja, az iskol\u00e1skor\u00fa gyerekek sportba t\u00f6rt\u00e9n\u0151 sz\u00e9lesk\u00f6r\u0171 bevon\u00e1sa, \u00edgy n\u00f6velve a sport\u00e1gak ut\u00e1np\u00f3tl\u00e1s-b\u00e1zis\u00e1t.<\/p>\n<p>A Program keretein bel\u00fcl, 13 sport\u00e1gi szaksz\u00f6vets\u00e9g \u00f6sszesen t\u00f6bb, mint 1100 int\u00e9zm\u00e9nybe helyez ki sport\u00e1g specifikus eszk\u00f6z\u00f6ket. Az eszk\u00f6zcsomagban r\u00e9szes\u00fcl\u0151 iskol\u00e1k k\u00f6z\u00fcl, orsz\u00e1gszerte t\u00f6bb mint 200 \u00e1ltal\u00e1nos iskol\u00e1ban ker\u00fcl megszervez\u00e9sre sport\u00e1gakat \u00e9s sportegyes\u00fcleteket bemutat\u00f3 esem\u00e9ny.<\/p>\n<p>A Sport Legyen a Tied! Program keret\u00e9ben orsz\u00e1gszerte ker\u00fcltek megrendez\u00e9sre a sport\u00e1gakat bemutat\u00f3 megyei esem\u00e9nyek a tavalyi \u00e9vben. Akkor, 2015. szeptember 15-\u00e9n, iskol\u00e1nk 3. \u00e9s 4. oszt\u00e1lyos tanul\u00f3i is megh\u00edv\u00e1st kaptak a V\u00e1rosi Egyetemi Csarnokba. A rendezv\u00e9nyen 20 sport\u00e1gat ismerhettek meg a gyerekek. Megtapasztalhatt\u00e1k, megismerhett\u00e9k az adott sport\u00e1gakat.<\/p>\n<p>Az idei tan\u00e9vben azon szerencs\u00e9s iskol\u00e1k k\u00f6z\u00f6tt tudhattuk magunkat, amelyek sport\u00e1g specifikus eszk\u00f6zcsomagot, a r\u00f6plabda sport\u00e1g eszk\u00f6zcsomagj\u00e1ban r\u00e9szes\u00fclhettek (k\u00f6zel f\u00e9l milli\u00f3 forint \u00e9rt\u00e9kben). 32 r\u00f6plabd\u00e1t, h\u00e1l\u00f3t, mobil\u00e1llv\u00e1ny szettet, eredm\u00e9nylapoz\u00f3t, p\u00e1lyajel\u00f6l\u0151 b\u00f3ja szettet, koordin\u00e1ci\u00f3s l\u00e9tr\u00e1t, mobil k\u00fclt\u00e9ri parkr\u00f6plabda szettet \u00e9s 20 db p\u00f3l\u00f3mezt is kaptunk a csomagban.<\/p>\n<p>Ezen k\u00edv\u00fcl 2016. november 21-\u00e9n megszervez\u00e9sre ker\u00fclt a sport\u00e1gakat \u00e9s sportegyes\u00fcleteket bemutat\u00f3 esem\u00e9ny is iskol\u00e1nkban! A programon a kiemelt\u00a0r\u00f6plabda\u00a0sport\u00e1g mellett\u00a0a birk\u00f3z\u00e1s \u00e9s a sportl\u00f6v\u00e9szet\u00a0sport\u00e1g mutatkozott be.<\/p>\n<p>Az esem\u00e9nyt Sipos Gy\u0151z\u0151, az MDSZ nyugat-dun\u00e1nt\u00fali r\u00e9gi\u00f3 irodavezet\u0151je nyitotta meg, valamint Sip\u0151cz Katalin a KLIK k\u00e9pviselet\u00e9ben is k\u00f6sz\u00f6nt\u00f6tte a jelenl\u00e9v\u0151ket.<\/p>\n<p>A r\u00f6plabda sport\u00e1gi bemutat\u00f3t Farnady Ern\u0151 vez\u00e9nyelte le.<\/p>\n<p>A programon az iskola valamennyi tanul\u00f3ja r\u00e9szt vett, s az oszt\u00e1lyok forg\u00f3sz\u00ednpad szer\u0171en v\u00e1ltott\u00e1k egym\u00e1st a sport\u00e1gak helysz\u00ednei k\u00f6z\u00f6tt. Tartalmas, s \u00e9lm\u00e9nyekben gazdag d\u00e9lel\u0151tt\u00f6t t\u00f6lthett\u00fcnk egy\u00fctt!<\/p>\n<p><img loading=\"lazy\" decoding=\"async\" class=\"size-medium wp-image-577 alignleft\" src=\"http:\/\/www.radnotiiskola.hu\/new\/wp-content\/uploads\/2018\/11\/DSCF3369-300x225.jpg\" alt=\"\" width=\"300\" height=\"225\" srcset=\"http:\/\/www.radnotiiskola.hu\/new\/wp-content\/uploads\/2018\/11\/DSCF3369-300x225.jpg 300w, http:\/\/www.radnotiiskola.hu\/new\/wp-content\/uploads\/2018\/11\/DSCF3369.jpg 640w\" sizes=\"auto, (max-width: 300px) 100vw, 300px\" \/>\u00a0 \u00a0<img loading=\"lazy\" decoding=\"async\" class=\"alignnone size-medium wp-image-578\" src=\"http:\/\/www.radnotiiskola.hu\/new\/wp-content\/uploads\/2018\/11\/DSCF3383-300x225.jpg\" alt=\"\" width=\"300\" height=\"225\" srcset=\"http:\/\/www.radnotiiskola.hu\/new\/wp-content\/uploads\/2018\/11\/DSCF3383-300x225.jpg 300w, http:\/\/www.radnotiiskola.hu\/new\/wp-content\/uploads\/2018\/11\/DSCF3383.jpg 640w\" sizes=\"auto, (max-width: 300px) 100vw, 300px\" \/><\/p>\n<p>S\u00fct\u00f6rin\u00e9 Hada Ildik\u00f3<br \/>\nszervez\u0151<\/p>\n","protected":false},"excerpt":{"rendered":"<p>A SPORT NEMZET\u00dcNK K\u00d6Z\u00d6S \u00c9RT\u00c9KE, EG\u00c9SZS\u00c9GES J\u00d6V\u0150NK Z\u00c1LOGA. \u00a0A Magyar Di\u00e1ksport Sz\u00f6vets\u00e9g az EMMI Sport\u00e9rt Felel\u0151s \u00c1llamtitk\u00e1rs\u00e1g\u00e1nak t\u00e1mogat\u00e1s\u00e1val 2015 \u00e1prilisban ind\u00edtotta \u00fatj\u00e1ra\u00a0A Sport Legyen a Tied! programot. A tavalyi \u00e9v sikereinek k\u00f6sz\u00f6nhet\u0151en 2016-ban a Program folytat\u00e1sra ker\u00fclt. A kezdem\u00e9nyez\u00e9s f\u0151 c\u00e9lja, az iskol\u00e1skor\u00fa gyerekek sportba t\u00f6rt\u00e9n\u0151 sz\u00e9lesk\u00f6r\u0171 bevon\u00e1sa, \u00edgy n\u00f6velve a sport\u00e1gak ut\u00e1np\u00f3tl\u00e1s-b\u00e1zis\u00e1t. A Program [&hellip;]<\/p>\n","protected":false},"author":1,"featured_media":0,"parent":0,"menu_order":0,"comment_status":"closed","ping_status":"closed","template":"","meta":{"ngg_post_thumbnail":0,"footnotes":""},"class_list":["post-576","page","type-page","status-publish","hentry"],"_links":{"self":[{"href":"http:\/\/www.radnotiiskola.hu\/new\/wp-json\/wp\/v2\/pages\/576","targetHints":{"allow":["GET"]}}],"collection":[{"href":"http:\/\/www.radnotiiskola.hu\/new\/wp-json\/wp\/v2\/pages"}],"about":[{"href":"http:\/\/www.radnotiiskola.hu\/new\/wp-json\/wp\/v2\/types\/page"}],"author":[{"embeddable":true,"href":"http:\/\/www.radnotiiskola.hu\/new\/wp-json\/wp\/v2\/users\/1"}],"replies":[{"embeddable":true,"href":"http:\/\/www.radnotiiskola.hu\/new\/wp-json\/wp\/v2\/comments?post=576"}],"version-history":[{"count":0,"href":"http:\/\/www.radnotiiskola.hu\/new\/wp-json\/wp\/v2\/pages\/576\/revisions"}],"wp:attachment":[{"href":"http:\/\/www.radnotiiskola.hu\/new\/wp-json\/wp\/v2\/media?parent=576"}],"curies":[{"name":"wp","href":"https:\/\/api.w.org\/{rel}","templated":true}]}}