{"id":591,"date":"2018-11-25T09:07:47","date_gmt":"2018-11-25T09:07:47","guid":{"rendered":"http:\/\/www.radnotiiskola.hu\/new\/?page_id=591"},"modified":"2018-11-25T09:07:47","modified_gmt":"2018-11-25T09:07:47","slug":"europai-diaksport-napja-szi-egeszseg-es-sportnap-a-bercsenyi-ligetben","status":"publish","type":"page","link":"http:\/\/www.radnotiiskola.hu\/new\/europai-diaksport-napja-szi-egeszseg-es-sportnap-a-bercsenyi-ligetben\/","title":{"rendered":"EUR\u00d3PAI DI\u00c1KSPORT NAPJA &#8211; SZI EG\u00c9SZS\u00c9G- \u00c9S SPORTNAP A BERCS\u00c9NYI LIGETBEN"},"content":{"rendered":"<p><span style=\"font-family: arial, helvetica, sans-serif;\"><img loading=\"lazy\" decoding=\"async\" class=\"size-medium wp-image-592 alignright\" src=\"http:\/\/www.radnotiiskola.hu\/new\/wp-content\/uploads\/2018\/11\/sportnap1-300x225.png\" alt=\"\" width=\"300\" height=\"225\" srcset=\"http:\/\/www.radnotiiskola.hu\/new\/wp-content\/uploads\/2018\/11\/sportnap1-300x225.png 300w, http:\/\/www.radnotiiskola.hu\/new\/wp-content\/uploads\/2018\/11\/sportnap1.png 447w\" sizes=\"auto, (max-width: 300px) 100vw, 300px\" \/> M\u00e1r hagyom\u00e1ny, hogy \u0151sszel iskol\u00e1nk apraja, nagyja sportos, j\u00e1t\u00e9kos d\u00e9lel\u0151tt\u00f6t t\u00f6ltenek egy\u00fctt tan\u00edt\u00f3ikkal, tan\u00e1raikkal.<\/span><\/p>\n<p><span style=\"font-family: arial, helvetica, sans-serif;\">Ezen a napon (szeptember 30-\u00e1n) iskol\u00e1nk csatlakozott az MDSZ \u00e1ltal meghirdetett Eur\u00f3pai Di\u00e1ksport Napj\u00e1hoz. \u00cdgy 15-20 orsz\u00e1g iskol\u00e1ihoz hasonl\u00f3an, mi is j\u00e1t\u00e9kos, szabadid\u0151s sport d\u00e9lel\u0151tt\u00f6t szervezt\u00fcnk.<\/span><\/p>\n<p><span style=\"font-family: arial, helvetica, sans-serif;\">A napot k\u00f6z\u00f6s bemeleg\u00edt\u00e9ssel kezdt\u00fck a m\u0171f\u00fcves p\u00e1ly\u00e1n,\u00a0majd megkezd\u00f3dtek a k\u00fczdelmek!<\/span><\/p>\n<p><span style=\"font-family: arial, helvetica, sans-serif;\">Als\u00f3 tagozaton, egy \u00e9rdekes akad\u00e1lyp\u00e1ly\u00e1n kellett a kicsinyeknek kereszt\u00fclverekedni magukat. Volt:<\/span><\/p>\n<ul>\n<li><span style=\"font-family: arial, helvetica, sans-serif;\">\u201eGR\u00c1N\u00c1THAJ\u00cdT\u00c1S\u201d \u2013 ahol a gyerekek c\u00e9lz\u00f3 \u00fcgyess\u00e9g\u00e9t,<\/span><\/li>\n<li><span style=\"font-family: arial, helvetica, sans-serif;\">\u201ePAR\u00c1ZSFUT\u00c1S\u201d \u2013 gyorsas\u00e1g\u00e1t,<\/span><\/li>\n<li><span style=\"font-family: arial, helvetica, sans-serif;\">\u201eAKAD\u00c1LYFUT\u00c1S\u201d \u2013 k\u00fasz\u00f3, m\u00e1sz\u00f3 \u00fcgyess\u00e9g\u00e9t,<\/span><\/li>\n<li><span style=\"font-family: arial, helvetica, sans-serif;\">\u201eMOCS\u00c1RJ\u00c1R\u00c1S\u201d \u2013 egyens\u00faly\u00e9rz\u00e9k\u00e9t,<\/span><\/li>\n<li><span style=\"font-family: arial, helvetica, sans-serif;\">\u201eKINCSVAD\u00c1SZAT\u201d \u2013 tal\u00e1l\u00e9konys\u00e1g\u00e1t, j\u00e1rtass\u00e1g\u00e1t m\u00e9rt\u00fck fel.<\/span><\/li>\n<\/ul>\n<p><span style=\"font-family: arial, helvetica, sans-serif;\">Ezen fel\u00fcl minden oszt\u00e1lyn\u00e1l plusz pontot \u00e9rt, ha a tan\u00edt\u00f3 n\u00e9nik is be\u00e1lltak teljes\u00edteni a pr\u00f3b\u00e1t!<\/span><\/p>\n<p><span style=\"font-family: arial, helvetica, sans-serif;\">Fels\u0151 tagozaton j\u00e1t\u00e9kos v\u00e1lt\u00f3versenyek v\u00e1rt\u00e1k a gyerekeket. Volt\u00a0v\u00e1lt\u00f3verseny:<\/span><\/p>\n<ul>\n<li><span style=\"font-family: arial, helvetica, sans-serif;\">fut\u00e1ssal, sz\u00f6kdel\u00e9ssel (p\u00e1ros \u00e9s egy l\u00e1bon),<\/span><\/li>\n<li><span style=\"font-family: arial, helvetica, sans-serif;\">egyens\u00falyoz\u00e1si feladattal,<\/span><\/li>\n<li><span style=\"font-family: arial, helvetica, sans-serif;\">k\u00f6t\u00e9lhajt\u00e1ssal fut\u00e1s k\u00f6zben, majd p\u00e1ros l\u00e1bon sz\u00f6kdelve,<\/span><\/li>\n<li><span style=\"font-family: arial, helvetica, sans-serif;\">v\u00edzhord\u00e1ssal,<\/span><\/li>\n<li><span style=\"font-family: arial, helvetica, sans-serif;\">labdavezet\u00e9ssel (l\u00e1bbal), labdahord\u00e1ssal (k\u00e9zben),<\/span><\/li>\n<li><span style=\"font-family: arial, helvetica, sans-serif;\">karikagur\u00edt\u00e1s\u00e1val.<\/span><\/li>\n<\/ul>\n<p><span style=\"font-family: arial, helvetica, sans-serif;\">Az izgalmas versenyek mellett focimeccseket is v\u00edvtak egym\u00e1ssal az oszt\u00e1lyok, mind als\u00f3, mind fels\u0151 tagozaton.<\/span><\/p>\n<p><span style=\"font-family: arial, helvetica, sans-serif;\">A nap v\u00e9g\u00e9n minden oszt\u00e1ly oklevelet kapott, s a meg\u00e9rdemelt nyerem\u00e9nylabd\u00e1k is gazd\u00e1ra tal\u00e1ltak.<\/span><\/p>\n<p><span style=\"font-family: arial, helvetica, sans-serif;\"><img loading=\"lazy\" decoding=\"async\" class=\"alignnone size-medium wp-image-593\" src=\"http:\/\/www.radnotiiskola.hu\/new\/wp-content\/uploads\/2018\/11\/sportnap3-300x225.png\" alt=\"\" width=\"300\" height=\"225\" srcset=\"http:\/\/www.radnotiiskola.hu\/new\/wp-content\/uploads\/2018\/11\/sportnap3-300x225.png 300w, http:\/\/www.radnotiiskola.hu\/new\/wp-content\/uploads\/2018\/11\/sportnap3.png 439w\" sizes=\"auto, (max-width: 300px) 100vw, 300px\" \/><img loading=\"lazy\" decoding=\"async\" class=\"size-medium wp-image-592 alignright\" src=\"http:\/\/www.radnotiiskola.hu\/new\/wp-content\/uploads\/2018\/11\/sportnap1-300x225.png\" alt=\"\" width=\"300\" height=\"225\" srcset=\"http:\/\/www.radnotiiskola.hu\/new\/wp-content\/uploads\/2018\/11\/sportnap1-300x225.png 300w, http:\/\/www.radnotiiskola.hu\/new\/wp-content\/uploads\/2018\/11\/sportnap1.png 447w\" sizes=\"auto, (max-width: 300px) 100vw, 300px\" \/><\/span><\/p>\n<p>&nbsp;<\/p>\n<hr \/>\n<p><strong>EREDM\u00c9NYEK:<\/strong><\/p>\n<p>A legkisebbek koroszt\u00e1ly\u00e1ban<\/p>\n<ol>\n<li>helyez\u00e9st \u00e9rt el a 4. a oszt\u00e1ly 20 ponttal<\/li>\n<li>helyez\u00e9st \u00e9rt el az 1. a oszt\u00e1ly 19 ponttal<\/li>\n<li>helyez\u00e9st \u00e9rt el a 2. a oszt\u00e1ly 16 ponttal<\/li>\n<li>helyez\u00e9st \u00e9rt el a 3. a oszt\u00e1ly 12 ponttal<\/li>\n<\/ol>\n<p>A fels\u0151s\u00f6k koroszt\u00e1ly\u00e1ban<\/p>\n<ol>\n<li>helyez\u00e9st \u00e9rt el a 8. a oszt\u00e1ly 41 ponttal<\/li>\n<li>helyez\u00e9st \u00e9rt el az 7. a oszt\u00e1ly 39 ponttal<\/li>\n<li>helyez\u00e9st \u00e9rt el a 7. b oszt\u00e1ly 34 ponttal<\/li>\n<li>helyez\u00e9st \u00e9rt el az 5. a oszt\u00e1ly 27 ponttal<\/li>\n<li>helyez\u00e9st \u00e9rt el a 6. a oszt\u00e1ly 21 ponttal<\/li>\n<\/ol>\n<p>A fels\u0151s bar\u00e1ts\u00e1gos labdar\u00fag\u00f3 torn\u00e1n k\u00fcl\u00f6nd\u00edjat a 7. b kapott.<\/p>\n<p>A nap legf\u0151bb feladata a k\u00f6z\u00f6ss\u00e9g\u00e9p\u00edt\u00e9s volt, valamint a j\u00f3 hangulat megteremt\u00e9se.<\/p>\n<p>Ez marad\u00e9ktalanul megval\u00f3sult!<\/p>\n<p>Szervez\u0151k: S\u00fct\u00f6rin\u00e9 Hada Ildik\u00f3, \u00a0Turb\u00e9k \u00c1d\u00e1m \u00e9s V\u00edgh Zsolt<\/p>\n","protected":false},"excerpt":{"rendered":"<p>M\u00e1r hagyom\u00e1ny, hogy \u0151sszel iskol\u00e1nk apraja, nagyja sportos, j\u00e1t\u00e9kos d\u00e9lel\u0151tt\u00f6t t\u00f6ltenek egy\u00fctt tan\u00edt\u00f3ikkal, tan\u00e1raikkal. Ezen a napon (szeptember 30-\u00e1n) iskol\u00e1nk csatlakozott az MDSZ \u00e1ltal meghirdetett Eur\u00f3pai Di\u00e1ksport Napj\u00e1hoz. \u00cdgy 15-20 orsz\u00e1g iskol\u00e1ihoz hasonl\u00f3an, mi is j\u00e1t\u00e9kos, szabadid\u0151s sport d\u00e9lel\u0151tt\u00f6t szervezt\u00fcnk. A napot k\u00f6z\u00f6s bemeleg\u00edt\u00e9ssel kezdt\u00fck a m\u0171f\u00fcves p\u00e1ly\u00e1n,\u00a0majd megkezd\u00f3dtek a k\u00fczdelmek! Als\u00f3 tagozaton, egy \u00e9rdekes [&hellip;]<\/p>\n","protected":false},"author":1,"featured_media":0,"parent":0,"menu_order":0,"comment_status":"closed","ping_status":"closed","template":"","meta":{"ngg_post_thumbnail":0,"footnotes":""},"class_list":["post-591","page","type-page","status-publish","hentry"],"_links":{"self":[{"href":"http:\/\/www.radnotiiskola.hu\/new\/wp-json\/wp\/v2\/pages\/591","targetHints":{"allow":["GET"]}}],"collection":[{"href":"http:\/\/www.radnotiiskola.hu\/new\/wp-json\/wp\/v2\/pages"}],"about":[{"href":"http:\/\/www.radnotiiskola.hu\/new\/wp-json\/wp\/v2\/types\/page"}],"author":[{"embeddable":true,"href":"http:\/\/www.radnotiiskola.hu\/new\/wp-json\/wp\/v2\/users\/1"}],"replies":[{"embeddable":true,"href":"http:\/\/www.radnotiiskola.hu\/new\/wp-json\/wp\/v2\/comments?post=591"}],"version-history":[{"count":0,"href":"http:\/\/www.radnotiiskola.hu\/new\/wp-json\/wp\/v2\/pages\/591\/revisions"}],"wp:attachment":[{"href":"http:\/\/www.radnotiiskola.hu\/new\/wp-json\/wp\/v2\/media?parent=591"}],"curies":[{"name":"wp","href":"https:\/\/api.w.org\/{rel}","templated":true}]}}