{"id":606,"date":"2018-11-25T09:17:10","date_gmt":"2018-11-25T09:17:10","guid":{"rendered":"http:\/\/www.radnotiiskola.hu\/new\/?page_id=606"},"modified":"2018-11-25T09:17:10","modified_gmt":"2018-11-25T09:17:10","slug":"nyari-ugyeleti-napok","status":"publish","type":"page","link":"http:\/\/www.radnotiiskola.hu\/new\/nyari-ugyeleti-napok\/","title":{"rendered":"Ny\u00e1ri \u00fcgyeleti napok"},"content":{"rendered":"<p>Minden alkalommal\u00a08.00-13.00 k\u00f6z\u00f6tt.<\/p>\n<ul>\n<li>J\u00falius 05.szerda<\/li>\n<li>J\u00falius 19. szerda<\/li>\n<li>Augusztus 02.szerda<\/li>\n<li>Augusztus 16. szerda<\/li>\n<\/ul>\n<p>Sulyokn\u00e9 Kelemen Judit<br \/>\nint\u00e9zm\u00e9nyvezet\u0151<\/p>\n","protected":false},"excerpt":{"rendered":"<p>Minden alkalommal\u00a08.00-13.00 k\u00f6z\u00f6tt. J\u00falius 05.szerda J\u00falius 19. szerda Augusztus 02.szerda Augusztus 16. szerda Sulyokn\u00e9 Kelemen Judit int\u00e9zm\u00e9nyvezet\u0151<\/p>\n","protected":false},"author":1,"featured_media":0,"parent":0,"menu_order":0,"comment_status":"closed","ping_status":"closed","template":"","meta":{"ngg_post_thumbnail":0,"footnotes":""},"class_list":["post-606","page","type-page","status-publish","hentry"],"_links":{"self":[{"href":"http:\/\/www.radnotiiskola.hu\/new\/wp-json\/wp\/v2\/pages\/606","targetHints":{"allow":["GET"]}}],"collection":[{"href":"http:\/\/www.radnotiiskola.hu\/new\/wp-json\/wp\/v2\/pages"}],"about":[{"href":"http:\/\/www.radnotiiskola.hu\/new\/wp-json\/wp\/v2\/types\/page"}],"author":[{"embeddable":true,"href":"http:\/\/www.radnotiiskola.hu\/new\/wp-json\/wp\/v2\/users\/1"}],"replies":[{"embeddable":true,"href":"http:\/\/www.radnotiiskola.hu\/new\/wp-json\/wp\/v2\/comments?post=606"}],"version-history":[{"count":0,"href":"http:\/\/www.radnotiiskola.hu\/new\/wp-json\/wp\/v2\/pages\/606\/revisions"}],"wp:attachment":[{"href":"http:\/\/www.radnotiiskola.hu\/new\/wp-json\/wp\/v2\/media?parent=606"}],"curies":[{"name":"wp","href":"https:\/\/api.w.org\/{rel}","templated":true}]}}