{"id":620,"date":"2018-11-25T09:29:09","date_gmt":"2018-11-25T09:29:09","guid":{"rendered":"http:\/\/www.radnotiiskola.hu\/new\/?page_id=620"},"modified":"2018-11-25T09:29:23","modified_gmt":"2018-11-25T09:29:23","slug":"620-2","status":"publish","type":"page","link":"http:\/\/www.radnotiiskola.hu\/new\/620-2\/","title":{"rendered":"Beiskol\u00e1z\u00e1si k\u00f6rzet"},"content":{"rendered":"<p><img loading=\"lazy\" decoding=\"async\" class=\"size-medium wp-image-621 alignright\" src=\"http:\/\/www.radnotiiskola.hu\/new\/wp-content\/uploads\/2018\/11\/gyor-cimer-280h-300x275.png\" alt=\"\" width=\"300\" height=\"275\" srcset=\"http:\/\/www.radnotiiskola.hu\/new\/wp-content\/uploads\/2018\/11\/gyor-cimer-280h-300x275.png 300w, http:\/\/www.radnotiiskola.hu\/new\/wp-content\/uploads\/2018\/11\/gyor-cimer-280h.png 305w\" sizes=\"auto, (max-width: 300px) 100vw, 300px\" \/><\/p>\n<p>Gy\u0151r megyei jog\u00fa v\u00e1ros iskolai felv\u00e9teli k\u00f6rzetei a 2017-2018-as tan\u00e9vre:<\/p>\n<p>A lista megnyit\u00e1s\u00e1hoz kattinson a k\u00e9pre!<\/p>\n<p><a href=\"http:\/\/www.radnotiiskola.hu\/web\/files\/2016-2017\/korzethatarok.pdf\" target=\"_blank\" rel=\"noopener\"><img loading=\"lazy\" decoding=\"async\" class=\"alignnone size-medium wp-image-622\" src=\"http:\/\/www.radnotiiskola.hu\/new\/wp-content\/uploads\/2018\/11\/gyor-terkep-300x300.jpg\" alt=\"\" width=\"300\" height=\"300\" srcset=\"http:\/\/www.radnotiiskola.hu\/new\/wp-content\/uploads\/2018\/11\/gyor-terkep-300x300.jpg 300w, http:\/\/www.radnotiiskola.hu\/new\/wp-content\/uploads\/2018\/11\/gyor-terkep-150x150.jpg 150w, http:\/\/www.radnotiiskola.hu\/new\/wp-content\/uploads\/2018\/11\/gyor-terkep-60x60.jpg 60w, http:\/\/www.radnotiiskola.hu\/new\/wp-content\/uploads\/2018\/11\/gyor-terkep.jpg 600w\" sizes=\"auto, (max-width: 300px) 100vw, 300px\" \/><\/a><\/p>\n","protected":false},"excerpt":{"rendered":"<p>Gy\u0151r megyei jog\u00fa v\u00e1ros iskolai felv\u00e9teli k\u00f6rzetei a 2017-2018-as tan\u00e9vre: A lista megnyit\u00e1s\u00e1hoz kattinson a k\u00e9pre!<\/p>\n","protected":false},"author":1,"featured_media":0,"parent":0,"menu_order":0,"comment_status":"closed","ping_status":"closed","template":"","meta":{"ngg_post_thumbnail":0,"footnotes":""},"class_list":["post-620","page","type-page","status-publish","hentry"],"_links":{"self":[{"href":"http:\/\/www.radnotiiskola.hu\/new\/wp-json\/wp\/v2\/pages\/620","targetHints":{"allow":["GET"]}}],"collection":[{"href":"http:\/\/www.radnotiiskola.hu\/new\/wp-json\/wp\/v2\/pages"}],"about":[{"href":"http:\/\/www.radnotiiskola.hu\/new\/wp-json\/wp\/v2\/types\/page"}],"author":[{"embeddable":true,"href":"http:\/\/www.radnotiiskola.hu\/new\/wp-json\/wp\/v2\/users\/1"}],"replies":[{"embeddable":true,"href":"http:\/\/www.radnotiiskola.hu\/new\/wp-json\/wp\/v2\/comments?post=620"}],"version-history":[{"count":0,"href":"http:\/\/www.radnotiiskola.hu\/new\/wp-json\/wp\/v2\/pages\/620\/revisions"}],"wp:attachment":[{"href":"http:\/\/www.radnotiiskola.hu\/new\/wp-json\/wp\/v2\/media?parent=620"}],"curies":[{"name":"wp","href":"https:\/\/api.w.org\/{rel}","templated":true}]}}