{"id":625,"date":"2018-11-25T09:31:28","date_gmt":"2018-11-25T09:31:28","guid":{"rendered":"http:\/\/www.radnotiiskola.hu\/new\/?page_id=625"},"modified":"2018-11-25T09:31:28","modified_gmt":"2018-11-25T09:31:28","slug":"felveteli-eljarasrend","status":"publish","type":"page","link":"http:\/\/www.radnotiiskola.hu\/new\/felveteli-eljarasrend\/","title":{"rendered":"Felv\u00e9teli elj\u00e1r\u00e1srend"},"content":{"rendered":"<div class=\"art-article\">\n<p><img loading=\"lazy\" decoding=\"async\" class=\"size-medium wp-image-626 alignright\" src=\"http:\/\/www.radnotiiskola.hu\/new\/wp-content\/uploads\/2018\/11\/beiskolazas-300x239.png\" alt=\"\" width=\"300\" height=\"239\" srcset=\"http:\/\/www.radnotiiskola.hu\/new\/wp-content\/uploads\/2018\/11\/beiskolazas-300x239.png 300w, http:\/\/www.radnotiiskola.hu\/new\/wp-content\/uploads\/2018\/11\/beiskolazas.png 624w\" sizes=\"auto, (max-width: 300px) 100vw, 300px\" \/>A tanker\u00fcleti k\u00f6zpontok fenntart\u00e1s\u00e1ban m\u0171k\u00f6d\u0151 \u00e1ltal\u00e1nos iskol\u00e1k\u00a02017\/2018-as tan\u00e9v els\u0151 \u00e9vfolyamaira t\u00f6rt\u00e9n\u0151 beiratkoz\u00e1sra vonatkoz\u00f3an<\/p>\n<p><strong>Az \u00e1ltal\u00e1nos iskolai beiratkoz\u00e1s ideje:<\/strong><\/p>\n<ul>\n<li>2017. \u00e1prilis 20. (cs\u00fct\u00f6rt\u00f6k) 8.00-19.00 \u00f3ra k\u00f6z\u00f6tt<\/li>\n<li>2017. \u00e1prilis 21. (p\u00e9ntek) 8.00-19.00 \u00f3ra k\u00f6z\u00f6tt<\/li>\n<\/ul>\n<p><strong>A beiratkoz\u00e1shoz az al\u00e1bbi dokumentumok sz\u00fcks\u00e9gesek:<\/strong><\/p>\n<ul>\n<li>a gyermek szem\u00e9lyazonos\u00edt\u00e1s\u00e1ra alkalmas, a gyermek nev\u00e9re ki\u00e1ll\u00edtott szem\u00e9lyi azonos\u00edt\u00f3 (sz\u00fclet\u00e9si anyak\u00f6nyvi kivonat);<\/li>\n<li>lakc\u00edmet igazol\u00f3 hat\u00f3s\u00e1gi igazolv\u00e1ny (lakc\u00edmk\u00e1rtya);<\/li>\n<li>az iskol\u00e1ba l\u00e9p\u00e9shez sz\u00fcks\u00e9ges fejletts\u00e9g el\u00e9r\u00e9s\u00e9t tan\u00fas\u00edt\u00f3 igazol\u00e1s, amely lehet:<\/li>\n<\/ul>\n<ol>\n<li>eredeti \u00f3vodai szakv\u00e9lem\u00e9ny,<\/li>\n<li>j\u00e1r\u00e1si szak\u00e9rt\u0151i bizotts\u00e1g szak\u00e9rt\u0151i v\u00e9lem\u00e9nye,<\/li>\n<li>saj\u00e1tos nevel\u00e9si ig\u00e9ny\u0171 gyermekek eset\u00e9ben a Szak\u00e9rt\u0151i\u00a0Bizotts\u00e1g szak\u00e9rt\u0151i v\u00e9lem\u00e9nye.<\/li>\n<\/ol>\n<p>A tank\u00f6teles korba l\u00e9p\u0151 gyerekek, ha tank\u00f6telezetts\u00e9g\u00fcket k\u00fclf\u00f6ld\u00f6n teljes\u00edtik, akkor ennek t\u00e9ny\u00e9t a sz\u00fcl\u0151k a lak\u00f3hely szerint illet\u00e9kes j\u00e1r\u00e1si hivatalnak k\u00f6telesek bejelenteni.<\/p>\n<\/div>\n<p class=\"modifydate\">M\u00f3dos\u00edt\u00e1s: (2017. m\u00e1rcius 31. p\u00e9ntek, 14:17)<\/p>\n","protected":false},"excerpt":{"rendered":"<p>A tanker\u00fcleti k\u00f6zpontok fenntart\u00e1s\u00e1ban m\u0171k\u00f6d\u0151 \u00e1ltal\u00e1nos iskol\u00e1k\u00a02017\/2018-as tan\u00e9v els\u0151 \u00e9vfolyamaira t\u00f6rt\u00e9n\u0151 beiratkoz\u00e1sra vonatkoz\u00f3an Az \u00e1ltal\u00e1nos iskolai beiratkoz\u00e1s ideje: 2017. \u00e1prilis 20. (cs\u00fct\u00f6rt\u00f6k) 8.00-19.00 \u00f3ra k\u00f6z\u00f6tt 2017. \u00e1prilis 21. (p\u00e9ntek) 8.00-19.00 \u00f3ra k\u00f6z\u00f6tt A beiratkoz\u00e1shoz az al\u00e1bbi dokumentumok sz\u00fcks\u00e9gesek: a gyermek szem\u00e9lyazonos\u00edt\u00e1s\u00e1ra alkalmas, a gyermek nev\u00e9re ki\u00e1ll\u00edtott szem\u00e9lyi azonos\u00edt\u00f3 (sz\u00fclet\u00e9si anyak\u00f6nyvi kivonat); lakc\u00edmet igazol\u00f3 hat\u00f3s\u00e1gi igazolv\u00e1ny [&hellip;]<\/p>\n","protected":false},"author":1,"featured_media":0,"parent":0,"menu_order":0,"comment_status":"closed","ping_status":"closed","template":"","meta":{"ngg_post_thumbnail":0,"footnotes":""},"class_list":["post-625","page","type-page","status-publish","hentry"],"_links":{"self":[{"href":"http:\/\/www.radnotiiskola.hu\/new\/wp-json\/wp\/v2\/pages\/625","targetHints":{"allow":["GET"]}}],"collection":[{"href":"http:\/\/www.radnotiiskola.hu\/new\/wp-json\/wp\/v2\/pages"}],"about":[{"href":"http:\/\/www.radnotiiskola.hu\/new\/wp-json\/wp\/v2\/types\/page"}],"author":[{"embeddable":true,"href":"http:\/\/www.radnotiiskola.hu\/new\/wp-json\/wp\/v2\/users\/1"}],"replies":[{"embeddable":true,"href":"http:\/\/www.radnotiiskola.hu\/new\/wp-json\/wp\/v2\/comments?post=625"}],"version-history":[{"count":0,"href":"http:\/\/www.radnotiiskola.hu\/new\/wp-json\/wp\/v2\/pages\/625\/revisions"}],"wp:attachment":[{"href":"http:\/\/www.radnotiiskola.hu\/new\/wp-json\/wp\/v2\/media?parent=625"}],"curies":[{"name":"wp","href":"https:\/\/api.w.org\/{rel}","templated":true}]}}