{"id":690,"date":"2018-11-25T10:25:26","date_gmt":"2018-11-25T10:25:26","guid":{"rendered":"http:\/\/www.radnotiiskola.hu\/new\/?page_id=690"},"modified":"2018-11-25T12:18:25","modified_gmt":"2018-11-25T12:18:25","slug":"angol-versenyeredmenyeink","status":"publish","type":"page","link":"http:\/\/www.radnotiiskola.hu\/new\/angol-versenyeredmenyeink\/","title":{"rendered":"Angol versenyeredm\u00e9nyeink"},"content":{"rendered":"<p><img loading=\"lazy\" decoding=\"async\" class=\"size-medium wp-image-691 alignright\" src=\"http:\/\/www.radnotiiskola.hu\/new\/wp-content\/uploads\/2018\/11\/english-300x135.jpg\" alt=\"\" width=\"300\" height=\"135\" srcset=\"http:\/\/www.radnotiiskola.hu\/new\/wp-content\/uploads\/2018\/11\/english-300x135.jpg 300w, http:\/\/www.radnotiiskola.hu\/new\/wp-content\/uploads\/2018\/11\/english.jpg 448w\" sizes=\"auto, (max-width: 300px) 100vw, 300px\" \/>Angol orsz\u00e1gos verseny megyei d\u00f6nt\u0151j\u00e9n Bella Dominik 8.A oszt\u00e1lyos tanul\u00f3 8. helyen v\u00e9gzett.<\/p>\n<p>Az Oxford Nyelviskola \u00e1ltal szervezett megyei angol versenyen Demeter Erik 7.A oszt\u00e1lyos tanul\u00f3 1. \u00e9s Bella Patrik 5. A oszt\u00e1lyos tanul\u00f3 pedig 5. helyez\u00e9st \u00e9rt el.<\/p>\n<p>Gratul\u00e1lunk a sz\u00e9p eredm\u00e9nyhez!<\/p>\n","protected":false},"excerpt":{"rendered":"<p>Angol orsz\u00e1gos verseny megyei d\u00f6nt\u0151j\u00e9n Bella Dominik 8.A oszt\u00e1lyos tanul\u00f3 8. helyen v\u00e9gzett. Az Oxford Nyelviskola \u00e1ltal szervezett megyei angol versenyen Demeter Erik 7.A oszt\u00e1lyos tanul\u00f3 1. \u00e9s Bella Patrik 5. A oszt\u00e1lyos tanul\u00f3 pedig 5. helyez\u00e9st \u00e9rt el. Gratul\u00e1lunk a sz\u00e9p eredm\u00e9nyhez!<\/p>\n","protected":false},"author":1,"featured_media":0,"parent":0,"menu_order":0,"comment_status":"closed","ping_status":"closed","template":"","meta":{"ngg_post_thumbnail":0,"footnotes":""},"class_list":["post-690","page","type-page","status-publish","hentry"],"_links":{"self":[{"href":"http:\/\/www.radnotiiskola.hu\/new\/wp-json\/wp\/v2\/pages\/690","targetHints":{"allow":["GET"]}}],"collection":[{"href":"http:\/\/www.radnotiiskola.hu\/new\/wp-json\/wp\/v2\/pages"}],"about":[{"href":"http:\/\/www.radnotiiskola.hu\/new\/wp-json\/wp\/v2\/types\/page"}],"author":[{"embeddable":true,"href":"http:\/\/www.radnotiiskola.hu\/new\/wp-json\/wp\/v2\/users\/1"}],"replies":[{"embeddable":true,"href":"http:\/\/www.radnotiiskola.hu\/new\/wp-json\/wp\/v2\/comments?post=690"}],"version-history":[{"count":0,"href":"http:\/\/www.radnotiiskola.hu\/new\/wp-json\/wp\/v2\/pages\/690\/revisions"}],"wp:attachment":[{"href":"http:\/\/www.radnotiiskola.hu\/new\/wp-json\/wp\/v2\/media?parent=690"}],"curies":[{"name":"wp","href":"https:\/\/api.w.org\/{rel}","templated":true}]}}