{"id":704,"date":"2018-11-25T10:34:01","date_gmt":"2018-11-25T10:34:01","guid":{"rendered":"http:\/\/www.radnotiiskola.hu\/new\/?page_id=704"},"modified":"2018-11-25T10:34:01","modified_gmt":"2018-11-25T10:34:01","slug":"dekoracios-es-zoldito-verseny","status":"publish","type":"page","link":"http:\/\/www.radnotiiskola.hu\/new\/dekoracios-es-zoldito-verseny\/","title":{"rendered":"Dekor\u00e1ci\u00f3s \u00e9s z\u00f6ld\u00edt\u0151 verseny"},"content":{"rendered":"<p><img loading=\"lazy\" decoding=\"async\" class=\"size-medium wp-image-705 alignright\" src=\"http:\/\/www.radnotiiskola.hu\/new\/wp-content\/uploads\/2018\/11\/dekor_1-300x225.png\" alt=\"\" width=\"300\" height=\"225\" srcset=\"http:\/\/www.radnotiiskola.hu\/new\/wp-content\/uploads\/2018\/11\/dekor_1-300x225.png 300w, http:\/\/www.radnotiiskola.hu\/new\/wp-content\/uploads\/2018\/11\/dekor_1.png 484w\" sizes=\"auto, (max-width: 300px) 100vw, 300px\" \/> Iskol\u00e1nk Di\u00e1k\u00f6nkorm\u00e1nyzata m\u00e1rcius 27-31.k\u00f6z\u00f6tt meghirdette az oszt\u00e1lytermek dekor\u00e1ci\u00f3s \u00e9s z\u00f6ld\u00edt\u0151s verseny\u00e9t. Kerest\u00fck iskol\u00e1nk legszebben dekor\u00e1lt, \u00e9s n\u00f6v\u00e9nyekkel is d\u00edsz\u00edtett oszt\u00e1lyterm\u00e9t!<\/p>\n<p>Fontosnak tartjuk a sz\u00e9p \u00e9s dekor\u00e1lt k\u00f6rnyezetet, amiben nap, mint nap dolgozunk, s napunk legnagyobb sz\u00e1zal\u00e9k\u00e1t t\u00f6ltj\u00fck. Valljuk, hogy pedag\u00f3gus \u00e9s di\u00e1k is egyar\u00e1nt jobban \u00e9rzi mag\u00e1t, s nagyobb teljes\u00edtm\u00e9nyre lesz k\u00e9pes kellemes, otthonos k\u00f6zegben.<\/p>\n<p>A fels\u0151s termek pontoz\u00e1s\u00e1ban az als\u00f3s oszt\u00e1lyok k\u00e9pvisel\u0151i, az als\u00f3sok termeinek \u00e9rt\u00e9kel\u00e9s\u00e9ben pedig a 6. a, \u00e9s\u00a0 \u00e9s 7. b oszt\u00e1lyok di\u00e1k-\u00f6nkorm\u00e1nyzati k\u00e9pvisel\u0151i vettek r\u00e9szt, valamint a D\u00d6K-vezet\u0151.<\/p>\n<p><strong>\u00cdme, az eredm\u00e9nyek:<\/strong><\/p>\n<p><strong>\u00a0<\/strong><\/p>\n<p><em><strong>Als\u00f3 tagozaton:<\/strong><\/em><\/p>\n<ol>\n<li>4. a oszt\u00e1ly 15,5 ponttal<\/li>\n<li>2. a oszt\u00e1ly 15 ponttal<\/li>\n<li>1. a oszt\u00e1ly 14,5 \u00a0ponttal<\/li>\n<li>3. a oszt\u00e1ly 11 ponttal<\/li>\n<\/ol>\n<p><em><strong>Fels\u0151 tagozaton:<\/strong><\/em><\/p>\n<ol>\n<li>5. a oszt\u00e1ly 21,5 ponttal<\/li>\n<li>6. a oszt\u00e1ly 21 ponttal<\/li>\n<li>7. b oszt\u00e1ly 18 ponttal<\/li>\n<li>8. a oszt\u00e1ly 14 ponttal<\/li>\n<li>7. a oszt\u00e1ly 13,5 ponttal<\/li>\n<\/ol>\n<p>Gratul\u00e1lunk!<\/p>\n<p>S\u00fct\u00f6rin\u00e9 Hada Ildik\u00f3<br \/>\nD\u00d6K-vezet\u0151<\/p>\n<p style=\"text-align: center;\"><img loading=\"lazy\" decoding=\"async\" class=\"alignnone size-medium wp-image-706\" src=\"http:\/\/www.radnotiiskola.hu\/new\/wp-content\/uploads\/2018\/11\/dekor_2-225x300.png\" alt=\"\" width=\"225\" height=\"300\" srcset=\"http:\/\/www.radnotiiskola.hu\/new\/wp-content\/uploads\/2018\/11\/dekor_2-225x300.png 225w, http:\/\/www.radnotiiskola.hu\/new\/wp-content\/uploads\/2018\/11\/dekor_2.png 279w\" sizes=\"auto, (max-width: 225px) 100vw, 225px\" \/><\/p>\n","protected":false},"excerpt":{"rendered":"<p>Iskol\u00e1nk Di\u00e1k\u00f6nkorm\u00e1nyzata m\u00e1rcius 27-31.k\u00f6z\u00f6tt meghirdette az oszt\u00e1lytermek dekor\u00e1ci\u00f3s \u00e9s z\u00f6ld\u00edt\u0151s verseny\u00e9t. Kerest\u00fck iskol\u00e1nk legszebben dekor\u00e1lt, \u00e9s n\u00f6v\u00e9nyekkel is d\u00edsz\u00edtett oszt\u00e1lyterm\u00e9t! Fontosnak tartjuk a sz\u00e9p \u00e9s dekor\u00e1lt k\u00f6rnyezetet, amiben nap, mint nap dolgozunk, s napunk legnagyobb sz\u00e1zal\u00e9k\u00e1t t\u00f6ltj\u00fck. Valljuk, hogy pedag\u00f3gus \u00e9s di\u00e1k is egyar\u00e1nt jobban \u00e9rzi mag\u00e1t, s nagyobb teljes\u00edtm\u00e9nyre lesz k\u00e9pes kellemes, otthonos k\u00f6zegben. [&hellip;]<\/p>\n","protected":false},"author":1,"featured_media":0,"parent":0,"menu_order":0,"comment_status":"closed","ping_status":"closed","template":"","meta":{"ngg_post_thumbnail":0,"footnotes":""},"class_list":["post-704","page","type-page","status-publish","hentry"],"_links":{"self":[{"href":"http:\/\/www.radnotiiskola.hu\/new\/wp-json\/wp\/v2\/pages\/704","targetHints":{"allow":["GET"]}}],"collection":[{"href":"http:\/\/www.radnotiiskola.hu\/new\/wp-json\/wp\/v2\/pages"}],"about":[{"href":"http:\/\/www.radnotiiskola.hu\/new\/wp-json\/wp\/v2\/types\/page"}],"author":[{"embeddable":true,"href":"http:\/\/www.radnotiiskola.hu\/new\/wp-json\/wp\/v2\/users\/1"}],"replies":[{"embeddable":true,"href":"http:\/\/www.radnotiiskola.hu\/new\/wp-json\/wp\/v2\/comments?post=704"}],"version-history":[{"count":0,"href":"http:\/\/www.radnotiiskola.hu\/new\/wp-json\/wp\/v2\/pages\/704\/revisions"}],"wp:attachment":[{"href":"http:\/\/www.radnotiiskola.hu\/new\/wp-json\/wp\/v2\/media?parent=704"}],"curies":[{"name":"wp","href":"https:\/\/api.w.org\/{rel}","templated":true}]}}