{"id":718,"date":"2018-11-25T10:40:23","date_gmt":"2018-11-25T10:40:23","guid":{"rendered":"http:\/\/www.radnotiiskola.hu\/new\/?page_id=718"},"modified":"2018-11-25T10:42:04","modified_gmt":"2018-11-25T10:42:04","slug":"oszi-tisztasagi-verseny","status":"publish","type":"page","link":"http:\/\/www.radnotiiskola.hu\/new\/oszi-tisztasagi-verseny\/","title":{"rendered":"\u0150szi tisztas\u00e1gi verseny"},"content":{"rendered":"<p><strong><img loading=\"lazy\" decoding=\"async\" class=\"size-full wp-image-532 alignright\" src=\"http:\/\/www.radnotiiskola.hu\/new\/wp-content\/uploads\/2018\/11\/Tisztas\u00e1gi_verseny.png\" alt=\"\" width=\"274\" height=\"291\" \/>OSZT\u00c1LYTERMEK \u0150SZI TISZTAS\u00c1GI VERSENYE<\/strong><\/p>\n<p>A &#8222;tisztas\u00e1g f\u00e9l eg\u00e9szs\u00e9g&#8221; sz\u00f3l\u00e1smond\u00e1s szerint eg\u00e9szs\u00e9g\u00fcnket szolg\u00e1ljuk azzal, ha tiszt\u00e1n tartjuk magunkat \u00e9s k\u00f6rnyezet\u00fcnket.<\/p>\n<p>Ezt a c\u00e9lt t\u0171zi ki \u00e9vr\u0151l \u00e9vre iskol\u00e1nk di\u00e1k\u00f6nkorm\u00e1nyzata is. S \u00edgy \u00e9vente k\u00e9t alkalommal, \u0151sszel \u00e9s tavasszal \u00e9rt\u00e9keli az oszt\u00e1lyokat, s t\u00f6bbfordul\u00f3s tisztas\u00e1gi versenyt szervez az oszt\u00e1lyok k\u00f6z\u00f6tt. Minden alkalommal a legtiszt\u00e1bb \u00e9s legrendesebb oszt\u00e1lyokat keress\u00fck.<\/p>\n<p>&nbsp;<\/p>\n<p>Az id\u00e9n \u0151sszel november 21. \u00e9s 25. k\u00f6z\u00f6tt rendezt\u00fck meg a versenyt. A fels\u0151bb \u00e9vfolyamosok termeit az als\u00f3s kisdi\u00e1kok, az als\u00f3sok termeit pedig \u00f6t\u00f6dikes, hatodikos \u00e9s hetedikes di\u00e1k-\u00f6nkorm\u00e1nyzati k\u00e9pvisel\u0151k \u00e9rt\u00e9kelt\u00e9k. Az \u0151 munk\u00e1jukat seg\u00edtette \u00e9s koordin\u00e1lta iskol\u00e1nk D\u00d6K-vezet\u0151je. Az id\u00e9n el\u0151sz\u00f6r a termeket h\u00e1rom alkalommal n\u00e9zt\u00fck meg. Egyszer el\u0151re bejelentett id\u0151pontban ellen\u0151rizt\u00fcnk, egyszer \u00fcgyeletes tan\u00e1rok \u00e9rt\u00e9keltek, s m\u00e9g egyszer d\u00e9lut\u00e1ni id\u0151pontban j\u00e1rtuk v\u00e9gig a termeket.<\/p>\n<p><strong>\u00c9r\u00e9kel\u00e9si szempontjaink voltak:<\/strong><\/p>\n<p>\u2022 Ne hagyjanak tanul\u00f3ink szemetet az oszt\u00e1lyban!<\/p>\n<p>\u2022 A padban is rend, tisztas\u00e1g legyen!<\/p>\n<p>\u2022 Legyen mindig tiszta a t\u00e1bla!<\/p>\n<p>\u2022 Nap v\u00e9g\u00e9n csukj\u00e1k be az ablakokat!<\/p>\n<p>\u00cdme az eredm\u00e9nyek:<\/p>\n<table  class=\" table table-hover\" style=\"border-color: #000000; background-color: #ffffff; height: 231px; width: 288px;\" border=\"1\" cellspacing=\"0\" cellpadding=\"0\">\n<tbody>\n<tr style=\"height: 24px;\">\n<td style=\"height: 24px; width: 75px;\" valign=\"top\">1. a<\/td>\n<td style=\"height: 24px; width: 207px;\" valign=\"top\">18 pont<\/td>\n<\/tr>\n<tr style=\"height: 24px;\">\n<td style=\"height: 24px; width: 75px;\" valign=\"top\">2. a<\/td>\n<td style=\"height: 24px; width: 207px;\" valign=\"top\">20 pont<\/td>\n<\/tr>\n<tr style=\"height: 24px;\">\n<td style=\"height: 24px; width: 75px;\" valign=\"top\">3. a<\/td>\n<td style=\"height: 24px; width: 207px;\" valign=\"top\">17 pont<\/td>\n<\/tr>\n<tr style=\"height: 24px;\">\n<td style=\"height: 24px; width: 75px;\" valign=\"top\">4. a<\/td>\n<td style=\"height: 24px; width: 207px;\" valign=\"top\">19 pont<\/td>\n<\/tr>\n<tr style=\"height: 24px;\">\n<td style=\"height: 24px; width: 75px;\" valign=\"top\">5. a<\/td>\n<td style=\"height: 24px; width: 207px;\" valign=\"top\">17,5 pont<\/td>\n<\/tr>\n<tr style=\"height: 24px;\">\n<td style=\"height: 24px; width: 75px;\" valign=\"top\">6. a<\/td>\n<td style=\"height: 24px; width: 207px;\" valign=\"top\">18 pont<\/td>\n<\/tr>\n<tr style=\"height: 24px;\">\n<td style=\"height: 24px; width: 75px;\" valign=\"top\">7. a<\/td>\n<td style=\"height: 24px; width: 207px;\" valign=\"top\">10,5 pont<\/td>\n<\/tr>\n<tr style=\"height: 24px;\">\n<td style=\"height: 24px; width: 75px;\" valign=\"top\">7. b<\/td>\n<td style=\"height: 24px; width: 207px;\" valign=\"top\">20,5 pont<\/td>\n<\/tr>\n<tr style=\"height: 24px;\">\n<td style=\"height: 24px; width: 75px;\" valign=\"top\">8. a<\/td>\n<td style=\"height: 24px; width: 207px;\" valign=\"top\">13 pont<\/td>\n<\/tr>\n<\/tbody>\n<\/table>\n<p><strong>Teh\u00e1t fels\u0151 tagozaton:<\/strong><\/p>\n<p>1. helyezett: 7.b 20,5 ponttal<\/p>\n<p>2. helyezett: 6. a 18 ponttal<\/p>\n<p>3. helyezett: 5. a 18 ponttal<\/p>\n<p><strong>S als\u00f3 tagozaton:<\/strong><\/p>\n<p>1. helyezett: 2. a 20 ponttal<\/p>\n<p>2. helyezett: 4. a 19 ponttal<\/p>\n<p>3. helyezett: 1. a 18 ponttal<\/p>\n<p>2016. november 29.<\/p>\n<p>A gy\u0151zteseknek gratul\u00e1lunk!<\/p>\n<p>S\u00fct\u00f6rin\u00e9 Hada Ildik\u00f3<br \/>\nD\u00d6K-vezet\u0151<\/p>\n","protected":false},"excerpt":{"rendered":"<p>OSZT\u00c1LYTERMEK \u0150SZI TISZTAS\u00c1GI VERSENYE A &#8222;tisztas\u00e1g f\u00e9l eg\u00e9szs\u00e9g&#8221; sz\u00f3l\u00e1smond\u00e1s szerint eg\u00e9szs\u00e9g\u00fcnket szolg\u00e1ljuk azzal, ha tiszt\u00e1n tartjuk magunkat \u00e9s k\u00f6rnyezet\u00fcnket. Ezt a c\u00e9lt t\u0171zi ki \u00e9vr\u0151l \u00e9vre iskol\u00e1nk di\u00e1k\u00f6nkorm\u00e1nyzata is. S \u00edgy \u00e9vente k\u00e9t alkalommal, \u0151sszel \u00e9s tavasszal \u00e9rt\u00e9keli az oszt\u00e1lyokat, s t\u00f6bbfordul\u00f3s tisztas\u00e1gi versenyt szervez az oszt\u00e1lyok k\u00f6z\u00f6tt. Minden alkalommal a legtiszt\u00e1bb \u00e9s legrendesebb oszt\u00e1lyokat [&hellip;]<\/p>\n","protected":false},"author":1,"featured_media":0,"parent":0,"menu_order":0,"comment_status":"closed","ping_status":"closed","template":"","meta":{"ngg_post_thumbnail":0,"footnotes":""},"class_list":["post-718","page","type-page","status-publish","hentry"],"_links":{"self":[{"href":"http:\/\/www.radnotiiskola.hu\/new\/wp-json\/wp\/v2\/pages\/718","targetHints":{"allow":["GET"]}}],"collection":[{"href":"http:\/\/www.radnotiiskola.hu\/new\/wp-json\/wp\/v2\/pages"}],"about":[{"href":"http:\/\/www.radnotiiskola.hu\/new\/wp-json\/wp\/v2\/types\/page"}],"author":[{"embeddable":true,"href":"http:\/\/www.radnotiiskola.hu\/new\/wp-json\/wp\/v2\/users\/1"}],"replies":[{"embeddable":true,"href":"http:\/\/www.radnotiiskola.hu\/new\/wp-json\/wp\/v2\/comments?post=718"}],"version-history":[{"count":0,"href":"http:\/\/www.radnotiiskola.hu\/new\/wp-json\/wp\/v2\/pages\/718\/revisions"}],"wp:attachment":[{"href":"http:\/\/www.radnotiiskola.hu\/new\/wp-json\/wp\/v2\/media?parent=718"}],"curies":[{"name":"wp","href":"https:\/\/api.w.org\/{rel}","templated":true}]}}