{"id":734,"date":"2018-11-25T10:51:18","date_gmt":"2018-11-25T10:51:18","guid":{"rendered":"http:\/\/www.radnotiiskola.hu\/new\/?page_id=734"},"modified":"2018-11-25T10:52:02","modified_gmt":"2018-11-25T10:52:02","slug":"2016-oszi-papirgyujtes","status":"publish","type":"page","link":"http:\/\/www.radnotiiskola.hu\/new\/2016-oszi-papirgyujtes\/","title":{"rendered":"2016. \u0151szi pap\u00edrgy\u0171jt\u00e9s"},"content":{"rendered":"<p><img loading=\"lazy\" decoding=\"async\" class=\"size-medium wp-image-735 alignright\" src=\"http:\/\/www.radnotiiskola.hu\/new\/wp-content\/uploads\/2018\/11\/papirgyujtes_felh_201504_cl-300x169.jpg\" alt=\"\" width=\"300\" height=\"169\" srcset=\"http:\/\/www.radnotiiskola.hu\/new\/wp-content\/uploads\/2018\/11\/papirgyujtes_felh_201504_cl-300x169.jpg 300w, http:\/\/www.radnotiiskola.hu\/new\/wp-content\/uploads\/2018\/11\/papirgyujtes_felh_201504_cl.jpg 600w\" sizes=\"auto, (max-width: 300px) 100vw, 300px\" \/>M\u00e1r hagyom\u00e1ny, hogy \u0151sszel \u00e9s tavasszal iskol\u00e1nk di\u00e1kjai az alap\u00edtv\u00e1ny \u00e1s a di\u00e1k\u00f6nkorm\u00e1nyzat koordin\u00e1l\u00e1s\u00e1val pap\u00edrt gy\u0171jtenek. Okt\u00f3ber 11-\u00e9n tanul\u00f3ink \u00f6sszesen 3800 kg \u00fajs\u00e1gpap\u00edrt \u00e9s kartonpap\u00edrt gy\u0171jt\u00f6ttek \u00f6ssze! Gratul\u00e1ci\u00f3 j\u00e1r mindenkinek, hisz szakad\u00f3 es\u0151ben tett\u00e9k mindezt!<\/p>\n<p>El\u0151z\u0151leg iskol\u00e1nk D\u00d6K-k\u00e9pvisel\u0151i a legt\u00f6bb pap\u00edrt gy\u0171jt\u0151 oszt\u00e1lynak jutalomk\u00e9nt szabadnapot szavaztak meg iskolai szinten!\u00a0\u00cdgy kor\u00e1ntsem t\u00e9t n\u00e9lk\u00fcli volt a verseny az oszt\u00e1lyok k\u00f6z\u00f6tt!<\/p>\n<p>A m\u00e9r\u00e9st k\u00f6vet\u0151en az oszt\u00e1ly \u00e1ltal gy\u0171jt\u00f6tt pap\u00edr kilogramm mennyis\u00e9g\u00e9t elosztottuk az oszt\u00e1ly l\u00e9tsz\u00e1m\u00e1val. \u00cdgy azaz oszt\u00e1ly gy\u0151z\u00f6tt, ahol a fejenk\u00e9nt gy\u0171jt\u00f6tt kilogramm mennyis\u00e9g a legt\u00f6bb volt! (f\u0151\/kg)<\/p>\n<p style=\"text-align: center;\"><span style=\"font-size: 14pt;\"><strong>\u00cdme, az eredm\u00e9nyek:<\/strong><\/span><\/p>\n<p>&nbsp;<\/p>\n<table  class=\"aligncenter table table-hover\"  style=\"width: 385px; border-style: solid; border-color: #000000; background-color: #ffffff;\" border=\"1\" cellspacing=\"0\" cellpadding=\"0\">\n<tbody>\n<tr>\n<td style=\"text-align: center; width: 65px;\" valign=\"top\">1. a<\/td>\n<td style=\"text-align: center; width: 170px;\" valign=\"top\">413 kg\/ 23 f\u0151<\/td>\n<td style=\"text-align: center; width: 144px;\" valign=\"top\">17,96 kg \/ f\u0151<\/td>\n<\/tr>\n<tr>\n<td style=\"text-align: center; width: 65px;\" valign=\"top\">2. a<\/td>\n<td style=\"text-align: center; width: 170px;\" valign=\"top\">342 kg\/ 18 f\u0151<\/td>\n<td style=\"text-align: center; width: 144px;\" valign=\"top\">19 kg \/ f\u0151<\/td>\n<\/tr>\n<tr>\n<td style=\"text-align: center; width: 65px;\" valign=\"top\">3. a<\/td>\n<td style=\"text-align: center; width: 170px;\" valign=\"top\">327 kg \/ 19 f\u0151<\/td>\n<td style=\"text-align: center; width: 144px;\" valign=\"top\">17,2 kg \/ f\u0151<\/td>\n<\/tr>\n<tr>\n<td style=\"text-align: center; width: 65px;\" valign=\"top\"><strong>4. a<\/strong><\/td>\n<td style=\"text-align: center; width: 170px;\" valign=\"top\"><strong>394 kg \/ 19 f\u0151<\/strong><\/td>\n<td style=\"text-align: center; width: 144px;\" valign=\"top\"><strong>20,74 kg \/ f\u0151<\/strong><strong>\u00a0<\/strong><\/td>\n<\/tr>\n<tr>\n<td style=\"text-align: center; width: 65px;\" valign=\"top\">5. a<\/td>\n<td style=\"text-align: center; width: 170px;\" valign=\"top\">276 kg \/ 21 f\u0151<\/td>\n<td style=\"text-align: center; width: 144px;\" valign=\"top\">13 kg \/ f\u0151<\/td>\n<\/tr>\n<tr>\n<td style=\"text-align: center; width: 65px;\" valign=\"top\"><strong>6. a<\/strong><\/td>\n<td style=\"text-align: center; width: 170px;\" valign=\"top\"><strong>906 kg \/ 26 f\u0151<\/strong><\/td>\n<td style=\"text-align: center; width: 144px;\" valign=\"top\"><strong>34,85 kg \/ f\u0151<\/strong><\/td>\n<\/tr>\n<tr>\n<td style=\"text-align: center; width: 65px;\" valign=\"top\">7. a<\/td>\n<td style=\"text-align: center; width: 170px;\" valign=\"top\">501 kg \/ 20 f\u0151<\/td>\n<td style=\"text-align: center; width: 144px;\" valign=\"top\">25 kg \/ f\u0151<\/td>\n<\/tr>\n<tr>\n<td style=\"text-align: center; width: 65px;\" valign=\"top\">7. b<\/td>\n<td style=\"text-align: center; width: 170px;\" valign=\"top\">319 kg \/ 15 f\u0151<\/td>\n<td style=\"text-align: center; width: 144px;\" valign=\"top\">21,3 kg \/ f\u0151<\/td>\n<\/tr>\n<tr>\n<td style=\"text-align: center; width: 65px;\" valign=\"top\">8. a<\/td>\n<td style=\"text-align: center; width: 170px;\" valign=\"top\">234 kg \/ 19 f\u0151<\/td>\n<td style=\"text-align: center; width: 144px;\" valign=\"top\">12,3 kg \/ f\u0151<\/td>\n<\/tr>\n<\/tbody>\n<\/table>\n<p>A PAP\u00cdRGY\u0170JT\u00c9S ABSZOL\u00daT GY\u0150ZTESE ISKOLAI SZINTEN \u00cdGY A 6. A OSZT\u00c1LY<\/p>\n<p>Gratul\u00e1lunk a gy\u0151zteseknek!<\/p>\n<p>S\u00fct\u00f6rin\u00e9 Hada Ildik\u00f3<br \/>\nD\u00d6K-vezet\u0151<\/p>\n","protected":false},"excerpt":{"rendered":"<p>M\u00e1r hagyom\u00e1ny, hogy \u0151sszel \u00e9s tavasszal iskol\u00e1nk di\u00e1kjai az alap\u00edtv\u00e1ny \u00e1s a di\u00e1k\u00f6nkorm\u00e1nyzat koordin\u00e1l\u00e1s\u00e1val pap\u00edrt gy\u0171jtenek. Okt\u00f3ber 11-\u00e9n tanul\u00f3ink \u00f6sszesen 3800 kg \u00fajs\u00e1gpap\u00edrt \u00e9s kartonpap\u00edrt gy\u0171jt\u00f6ttek \u00f6ssze! Gratul\u00e1ci\u00f3 j\u00e1r mindenkinek, hisz szakad\u00f3 es\u0151ben tett\u00e9k mindezt! El\u0151z\u0151leg iskol\u00e1nk D\u00d6K-k\u00e9pvisel\u0151i a legt\u00f6bb pap\u00edrt gy\u0171jt\u0151 oszt\u00e1lynak jutalomk\u00e9nt szabadnapot szavaztak meg iskolai szinten!\u00a0\u00cdgy kor\u00e1ntsem t\u00e9t n\u00e9lk\u00fcli volt a verseny [&hellip;]<\/p>\n","protected":false},"author":1,"featured_media":0,"parent":0,"menu_order":0,"comment_status":"closed","ping_status":"closed","template":"","meta":{"ngg_post_thumbnail":0,"footnotes":""},"class_list":["post-734","page","type-page","status-publish","hentry"],"_links":{"self":[{"href":"http:\/\/www.radnotiiskola.hu\/new\/wp-json\/wp\/v2\/pages\/734","targetHints":{"allow":["GET"]}}],"collection":[{"href":"http:\/\/www.radnotiiskola.hu\/new\/wp-json\/wp\/v2\/pages"}],"about":[{"href":"http:\/\/www.radnotiiskola.hu\/new\/wp-json\/wp\/v2\/types\/page"}],"author":[{"embeddable":true,"href":"http:\/\/www.radnotiiskola.hu\/new\/wp-json\/wp\/v2\/users\/1"}],"replies":[{"embeddable":true,"href":"http:\/\/www.radnotiiskola.hu\/new\/wp-json\/wp\/v2\/comments?post=734"}],"version-history":[{"count":0,"href":"http:\/\/www.radnotiiskola.hu\/new\/wp-json\/wp\/v2\/pages\/734\/revisions"}],"wp:attachment":[{"href":"http:\/\/www.radnotiiskola.hu\/new\/wp-json\/wp\/v2\/media?parent=734"}],"curies":[{"name":"wp","href":"https:\/\/api.w.org\/{rel}","templated":true}]}}