{"id":746,"date":"2018-11-25T11:44:54","date_gmt":"2018-11-25T11:44:54","guid":{"rendered":"http:\/\/www.radnotiiskola.hu\/new\/?page_id=746"},"modified":"2018-11-25T12:09:18","modified_gmt":"2018-11-25T12:09:18","slug":"2016-2017-es-tanev-felhivasai","status":"publish","type":"page","link":"http:\/\/www.radnotiiskola.hu\/new\/2016-2017-es-tanev-felhivasai\/","title":{"rendered":"2016-2017-es tan\u00e9v felh\u00edv\u00e1sai"},"content":{"rendered":"<ul>\n<li><a href=\"http:\/\/www.radnotiiskola.hu\/new\/nyari-ugyeleti-napok\/\"><span style=\"font-size: 14pt;\">Ny\u00e1ri \u00fcgyeleti napok<\/span><\/a><\/li>\n<li><a href=\"http:\/\/www.radnotiiskola.hu\/new\/radnoti-nap-vetelkedo\/\"><span style=\"font-size: 14pt;\">Radn\u00f3ti Nap &#8211; Vet\u00e9lked\u0151<\/span><\/a><\/li>\n<li><span style=\"font-size: 14pt;\">Ny\u00e1ri t\u00e1borok<\/span><\/li>\n<li><a href=\"http:\/\/www.radnotiiskola.hu\/new\/szakmak-ejszakaja\/\"><span style=\"font-size: 14pt;\">Szakm\u00e1k \u00c9jszak\u00e1ja<\/span><\/a><\/li>\n<li><a href=\"http:\/\/www.radnotiiskola.hu\/new\/620-2\/\"><span style=\"font-size: 14pt;\">Beiskol\u00e1z\u00e1si k\u00f6rzet<\/span><\/a><\/li>\n<li><a href=\"http:\/\/www.radnotiiskola.hu\/new\/felveteli-eljarasrend\/\"><span style=\"font-size: 14pt;\">Felv\u00e9teli elj\u00e1r\u00e1srend<\/span><\/a><\/li>\n<li><a href=\"http:\/\/www.radnotiiskola.hu\/new\/marcius-15-i-vetelkedo\/\"><span style=\"font-size: 14pt;\">M\u00e1rcius 15. vet\u00e9lked\u0151<\/span><\/a><\/li>\n<li><a href=\"http:\/\/www.radnotiiskola.hu\/new\/etkezesi-teritesi-dijak-2017-aprilis-1-tol\/\"><span style=\"font-size: 14pt;\">\u00c9tkez\u00e9si t\u00e9r\u00edt\u00e9si d\u00edjak 2017. \u00e1prilis 1-t\u0151l<\/span><\/a><\/li>\n<li><a href=\"http:\/\/www.radnotiiskola.hu\/new\/meghivo-farsangi-balunkra\/\"><span style=\"font-size: 14pt;\">Megh\u00edv\u00f3 farsangi b\u00e1lra<\/span><\/a><\/li>\n<li><a href=\"http:\/\/www.radnotiiskola.hu\/new\/baleset-biztositasi-tudnivalok\/\"><span style=\"font-size: 14pt;\">Baleset- biztos\u00edt\u00e1si tudnival\u00f3k<\/span><\/a><\/li>\n<li><a href=\"http:\/\/www.radnotiiskola.hu\/new\/meghivas-nyilt-napra\/\"><span style=\"font-size: 14pt;\">Megh\u00edv\u00e1s ny\u00edlt napra<\/span><\/a><\/li>\n<li><a href=\"http:\/\/www.radnotiiskola.hu\/new\/nyilt-tanitasi-orara-varjuk-a-leendo-elso-osztalyosok-szuleit\/\"><span style=\"font-size: 14pt;\">Belv\u00e1rosi tanoda 2016-2017<\/span><\/a><\/li>\n<li><a href=\"http:\/\/www.radnotiiskola.hu\/new\/tankonyvek-a-2016-2017-tanevre\/\"><span style=\"font-size: 14pt;\">Tank\u00f6nyvek a 2016-2017 tan\u00e9vre<\/span><\/a><\/li>\n<li><a href=\"http:\/\/www.radnotiiskola.hu\/new\/tanevkezdessel-kapcsolatos-felhivasok\/\"><span style=\"font-size: 14pt;\">Tan\u00e9vkezd\u00e9ssel kapcsolatos felh\u00edv\u00e1sok<\/span><\/a><\/li>\n<li><a href=\"http:\/\/www.radnotiiskola.hu\/new\/eszkozigenyek-a-2016-2017-tanevre\/\"><span style=\"font-size: 14pt;\">Eszk\u00f6zig\u00e9nyek a 2016-2017. tan\u00e9vre<\/span><\/a><\/li>\n<li><a href=\"http:\/\/www.radnotiiskola.hu\/new\/szuloi-ertekezlet-2016-szeptember\/\"><span style=\"font-size: 14pt;\">Sz\u00fcl\u0151i \u00e9rtekezlet 2016 szeptember<\/span><\/a><\/li>\n<\/ul>\n","protected":false},"excerpt":{"rendered":"<p>Ny\u00e1ri \u00fcgyeleti napok Radn\u00f3ti Nap &#8211; Vet\u00e9lked\u0151 Ny\u00e1ri t\u00e1borok Szakm\u00e1k \u00c9jszak\u00e1ja Beiskol\u00e1z\u00e1si k\u00f6rzet Felv\u00e9teli elj\u00e1r\u00e1srend M\u00e1rcius 15. vet\u00e9lked\u0151 \u00c9tkez\u00e9si t\u00e9r\u00edt\u00e9si d\u00edjak 2017. \u00e1prilis 1-t\u0151l Megh\u00edv\u00f3 farsangi b\u00e1lra Baleset- biztos\u00edt\u00e1si tudnival\u00f3k Megh\u00edv\u00e1s ny\u00edlt napra Belv\u00e1rosi tanoda 2016-2017 Tank\u00f6nyvek a 2016-2017 tan\u00e9vre Tan\u00e9vkezd\u00e9ssel kapcsolatos felh\u00edv\u00e1sok Eszk\u00f6zig\u00e9nyek a 2016-2017. tan\u00e9vre Sz\u00fcl\u0151i \u00e9rtekezlet 2016 szeptember<\/p>\n","protected":false},"author":1,"featured_media":0,"parent":0,"menu_order":0,"comment_status":"closed","ping_status":"closed","template":"","meta":{"ngg_post_thumbnail":0,"footnotes":""},"class_list":["post-746","page","type-page","status-publish","hentry"],"_links":{"self":[{"href":"http:\/\/www.radnotiiskola.hu\/new\/wp-json\/wp\/v2\/pages\/746","targetHints":{"allow":["GET"]}}],"collection":[{"href":"http:\/\/www.radnotiiskola.hu\/new\/wp-json\/wp\/v2\/pages"}],"about":[{"href":"http:\/\/www.radnotiiskola.hu\/new\/wp-json\/wp\/v2\/types\/page"}],"author":[{"embeddable":true,"href":"http:\/\/www.radnotiiskola.hu\/new\/wp-json\/wp\/v2\/users\/1"}],"replies":[{"embeddable":true,"href":"http:\/\/www.radnotiiskola.hu\/new\/wp-json\/wp\/v2\/comments?post=746"}],"version-history":[{"count":0,"href":"http:\/\/www.radnotiiskola.hu\/new\/wp-json\/wp\/v2\/pages\/746\/revisions"}],"wp:attachment":[{"href":"http:\/\/www.radnotiiskola.hu\/new\/wp-json\/wp\/v2\/media?parent=746"}],"curies":[{"name":"wp","href":"https:\/\/api.w.org\/{rel}","templated":true}]}}