{"id":748,"date":"2018-11-25T11:46:52","date_gmt":"2018-11-25T11:46:52","guid":{"rendered":"http:\/\/www.radnotiiskola.hu\/new\/?page_id=748"},"modified":"2018-11-25T12:13:50","modified_gmt":"2018-11-25T12:13:50","slug":"2016-2017-es-tanev-havi-programjai","status":"publish","type":"page","link":"http:\/\/www.radnotiiskola.hu\/new\/2016-2017-es-tanev-havi-programjai\/","title":{"rendered":"2016-2017-es tan\u00e9v havi programjai"},"content":{"rendered":"<ul>\n<li><a href=\"http:\/\/www.radnotiiskola.hu\/new\/iskolank-2016-szeptemberi-programjai\/\"><span style=\"font-size: 14pt;\">szeptemberi programok<\/span><\/a><\/li>\n<li><a href=\"http:\/\/www.radnotiiskola.hu\/new\/iskolank-2016-oktoberi-programjai\/\"><span style=\"font-size: 14pt;\">okt\u00f3beri programok<\/span><\/a><\/li>\n<li><a href=\"http:\/\/www.radnotiiskola.hu\/new\/iskolank-2016-novemberi-programjai\/\"><span style=\"font-size: 14pt;\">novemberi programok<\/span><\/a><\/li>\n<li><a href=\"http:\/\/www.radnotiiskola.hu\/new\/iskolank-2016-decemberi-programjai\/\"><span style=\"font-size: 14pt;\">decemberi programok<\/span><\/a><\/li>\n<li><a href=\"http:\/\/www.radnotiiskola.hu\/new\/679-2\/\"><span style=\"font-size: 14pt;\">janu\u00e1ri programok<\/span><\/a><\/li>\n<li><a href=\"http:\/\/www.radnotiiskola.hu\/new\/iskolank-2017-februari-programjai\/\"><span style=\"font-size: 14pt;\">febru\u00e1ri programok<\/span><\/a><\/li>\n<li><a href=\"http:\/\/www.radnotiiskola.hu\/new\/iskolank-2017-marciusi-programjai\/\"><span style=\"font-size: 14pt;\">m\u00e1rciusi programok<\/span><\/a><\/li>\n<li><a href=\"http:\/\/www.radnotiiskola.hu\/new\/670-2\/\"><span style=\"font-size: 14pt;\">\u00e1prilisi programok<\/span><\/a><\/li>\n<li><a href=\"http:\/\/www.radnotiiskola.hu\/new\/665-2\/\"><span style=\"font-size: 14pt;\">m\u00e1jusi programok<\/span><\/a><\/li>\n<li><a href=\"http:\/\/www.radnotiiskola.hu\/new\/iskolank-2017-juniusi-programjai\/\"><span style=\"font-size: 14pt;\">j\u00faniusi programok<\/span><\/a><\/li>\n<\/ul>\n","protected":false},"excerpt":{"rendered":"<p>szeptemberi programok okt\u00f3beri programok novemberi programok decemberi programok janu\u00e1ri programok febru\u00e1ri programok m\u00e1rciusi programok \u00e1prilisi programok m\u00e1jusi programok j\u00faniusi programok<\/p>\n","protected":false},"author":1,"featured_media":0,"parent":0,"menu_order":0,"comment_status":"closed","ping_status":"closed","template":"","meta":{"ngg_post_thumbnail":0,"footnotes":""},"class_list":["post-748","page","type-page","status-publish","hentry"],"_links":{"self":[{"href":"http:\/\/www.radnotiiskola.hu\/new\/wp-json\/wp\/v2\/pages\/748","targetHints":{"allow":["GET"]}}],"collection":[{"href":"http:\/\/www.radnotiiskola.hu\/new\/wp-json\/wp\/v2\/pages"}],"about":[{"href":"http:\/\/www.radnotiiskola.hu\/new\/wp-json\/wp\/v2\/types\/page"}],"author":[{"embeddable":true,"href":"http:\/\/www.radnotiiskola.hu\/new\/wp-json\/wp\/v2\/users\/1"}],"replies":[{"embeddable":true,"href":"http:\/\/www.radnotiiskola.hu\/new\/wp-json\/wp\/v2\/comments?post=748"}],"version-history":[{"count":0,"href":"http:\/\/www.radnotiiskola.hu\/new\/wp-json\/wp\/v2\/pages\/748\/revisions"}],"wp:attachment":[{"href":"http:\/\/www.radnotiiskola.hu\/new\/wp-json\/wp\/v2\/media?parent=748"}],"curies":[{"name":"wp","href":"https:\/\/api.w.org\/{rel}","templated":true}]}}