{"id":750,"date":"2018-11-25T11:48:09","date_gmt":"2018-11-25T11:48:09","guid":{"rendered":"http:\/\/www.radnotiiskola.hu\/new\/?page_id=750"},"modified":"2018-11-25T12:17:56","modified_gmt":"2018-11-25T12:17:56","slug":"2016-2017-tanev-eredmenyei","status":"publish","type":"page","link":"http:\/\/www.radnotiiskola.hu\/new\/2016-2017-tanev-eredmenyei\/","title":{"rendered":"2016-2017. tan\u00e9v eredm\u00e9nyei"},"content":{"rendered":"<ul>\n<li><a href=\"http:\/\/www.radnotiiskola.hu\/new\/angol-versenyeredmenyeink\/\"><span style=\"font-size: 14pt;\">Angol verseny eredm\u00e9nyei<\/span><\/a><\/li>\n<li><a href=\"http:\/\/www.radnotiiskola.hu\/new\/vaci-napok-versenyeredmenye\/\"><span style=\"font-size: 14pt;\">V\u00e1ci Napok versenyeredm\u00e9nye<\/span><\/a><\/li>\n<li><a href=\"http:\/\/www.radnotiiskola.hu\/new\/ropsulis-hirek\/\"><span style=\"font-size: 14pt;\">R\u00f6psulis h\u00edrek<\/span><\/a><\/li>\n<\/ul>\n","protected":false},"excerpt":{"rendered":"<p>Angol verseny eredm\u00e9nyei V\u00e1ci Napok versenyeredm\u00e9nye R\u00f6psulis h\u00edrek<\/p>\n","protected":false},"author":1,"featured_media":0,"parent":0,"menu_order":0,"comment_status":"closed","ping_status":"closed","template":"","meta":{"ngg_post_thumbnail":0,"footnotes":""},"class_list":["post-750","page","type-page","status-publish","hentry"],"_links":{"self":[{"href":"http:\/\/www.radnotiiskola.hu\/new\/wp-json\/wp\/v2\/pages\/750","targetHints":{"allow":["GET"]}}],"collection":[{"href":"http:\/\/www.radnotiiskola.hu\/new\/wp-json\/wp\/v2\/pages"}],"about":[{"href":"http:\/\/www.radnotiiskola.hu\/new\/wp-json\/wp\/v2\/types\/page"}],"author":[{"embeddable":true,"href":"http:\/\/www.radnotiiskola.hu\/new\/wp-json\/wp\/v2\/users\/1"}],"replies":[{"embeddable":true,"href":"http:\/\/www.radnotiiskola.hu\/new\/wp-json\/wp\/v2\/comments?post=750"}],"version-history":[{"count":0,"href":"http:\/\/www.radnotiiskola.hu\/new\/wp-json\/wp\/v2\/pages\/750\/revisions"}],"wp:attachment":[{"href":"http:\/\/www.radnotiiskola.hu\/new\/wp-json\/wp\/v2\/media?parent=750"}],"curies":[{"name":"wp","href":"https:\/\/api.w.org\/{rel}","templated":true}]}}