{"id":81,"date":"2018-09-30T09:11:17","date_gmt":"2018-09-30T09:11:17","guid":{"rendered":"http:\/\/www.radnotiiskola.hu\/new\/?page_id=81"},"modified":"2022-09-19T12:32:04","modified_gmt":"2022-09-19T12:32:04","slug":"konyvtar","status":"publish","type":"page","link":"http:\/\/www.radnotiiskola.hu\/new\/konyvtar\/","title":{"rendered":"K\u00f6nyvt\u00e1r"},"content":{"rendered":"<p><img loading=\"lazy\" decoding=\"async\" class=\"size-full wp-image-3248 aligncenter\" src=\"http:\/\/www.radnotiiskola.hu\/new\/wp-content\/uploads\/2022\/09\/Az-olvasas-jotekony-hatasai.jpg\" alt=\"\" width=\"478\" height=\"673\" srcset=\"http:\/\/www.radnotiiskola.hu\/new\/wp-content\/uploads\/2022\/09\/Az-olvasas-jotekony-hatasai.jpg 478w, http:\/\/www.radnotiiskola.hu\/new\/wp-content\/uploads\/2022\/09\/Az-olvasas-jotekony-hatasai-213x300.jpg 213w\" sizes=\"auto, (max-width: 478px) 100vw, 478px\" \/><\/p>\n<p><a href=\"https:\/\/docs.google.com\/document\/d\/1nnYIqLP3JIj8-CI3jeHb_N_vzQsekTqJ\/edit?usp=sharing&amp;ouid=105110796424939874535&amp;rtpof=true&amp;sd=true\" target=\"_blank\" rel=\"noopener noreferrer\">A k\u00f6nyvt\u00e1r nyitvatart\u00e1sa<\/a><\/p>\n<p><a href=\"http:\/\/www.radnotiiskola.hu\/new\/szabalyzatok\/konyvtar\/konyvtar-hazirend.pdf\" target=\"_blank\" rel=\"noopener noreferrer\">A k\u00f6nyvt\u00e1r h\u00e1zirendje<\/a><\/p>\n<p><a href=\"http:\/\/www.radnotiiskola.hu\/new\/szabalyzatok\/konyvtar\/konyvtar-hasznalat.pdf\" target=\"_blank\" rel=\"noopener noreferrer\">K\u00f6nyvt\u00e1rhaszn\u00e1lati szab\u00e1lyzat<\/a><\/p>\n<p>&nbsp;<\/p>\n","protected":false},"excerpt":{"rendered":"<p>A k\u00f6nyvt\u00e1r nyitvatart\u00e1sa A k\u00f6nyvt\u00e1r h\u00e1zirendje K\u00f6nyvt\u00e1rhaszn\u00e1lati szab\u00e1lyzat &nbsp;<\/p>\n","protected":false},"author":1,"featured_media":0,"parent":0,"menu_order":0,"comment_status":"closed","ping_status":"closed","template":"","meta":{"ngg_post_thumbnail":0,"footnotes":""},"class_list":["post-81","page","type-page","status-publish","hentry"],"_links":{"self":[{"href":"http:\/\/www.radnotiiskola.hu\/new\/wp-json\/wp\/v2\/pages\/81","targetHints":{"allow":["GET"]}}],"collection":[{"href":"http:\/\/www.radnotiiskola.hu\/new\/wp-json\/wp\/v2\/pages"}],"about":[{"href":"http:\/\/www.radnotiiskola.hu\/new\/wp-json\/wp\/v2\/types\/page"}],"author":[{"embeddable":true,"href":"http:\/\/www.radnotiiskola.hu\/new\/wp-json\/wp\/v2\/users\/1"}],"replies":[{"embeddable":true,"href":"http:\/\/www.radnotiiskola.hu\/new\/wp-json\/wp\/v2\/comments?post=81"}],"version-history":[{"count":0,"href":"http:\/\/www.radnotiiskola.hu\/new\/wp-json\/wp\/v2\/pages\/81\/revisions"}],"wp:attachment":[{"href":"http:\/\/www.radnotiiskola.hu\/new\/wp-json\/wp\/v2\/media?parent=81"}],"curies":[{"name":"wp","href":"https:\/\/api.w.org\/{rel}","templated":true}]}}