{"id":875,"date":"2018-11-25T13:45:23","date_gmt":"2018-11-25T13:45:23","guid":{"rendered":"http:\/\/www.radnotiiskola.hu\/new\/?page_id=875"},"modified":"2020-04-07T17:57:24","modified_gmt":"2020-04-07T17:57:24","slug":"1-felajanlasa","status":"publish","type":"page","link":"http:\/\/www.radnotiiskola.hu\/new\/1-felajanlasa\/","title":{"rendered":"1 % felaj\u00e1nl\u00e1sa"},"content":{"rendered":"<p style=\"text-align: center;\" align=\"center\"><span style=\"font-size: 14pt;\"><strong>K\u00e9rj\u00fck, t\u00e1mogassa j\u00f6vedelemad\u00f3ja 1 %-\u00e1nak<br \/>\nfelaj\u00e1nl\u00e1s\u00e1val iskol\u00e1nk alap\u00edtv\u00e1ny\u00e1t:<\/strong><\/span><\/p>\n<p style=\"text-align: center;\" align=\"center\"><span style=\"font-size: 14pt;\"><strong>RADN\u00d3TI ALAP\u00cdTV\u00c1NY A GYERMEKEK\u00c9RT, AZ ISKOL\u00c1\u00c9RT<\/strong><\/span><\/p>\n<p style=\"text-align: center;\" align=\"center\"><span style=\"font-size: 14pt;\"><strong>Ad\u00f3sz\u00e1m: 18525852-1-08<\/strong><\/span><\/p>\n<p style=\"text-align: center;\"><span style=\"font-size: 14pt;\"><strong>T\u00e1mogat\u00e1sukat k\u00f6sz\u00f6nj\u00fck!<\/strong><\/span><\/p>\n","protected":false},"excerpt":{"rendered":"<p>K\u00e9rj\u00fck, t\u00e1mogassa j\u00f6vedelemad\u00f3ja 1 %-\u00e1nak felaj\u00e1nl\u00e1s\u00e1val iskol\u00e1nk alap\u00edtv\u00e1ny\u00e1t: RADN\u00d3TI ALAP\u00cdTV\u00c1NY A GYERMEKEK\u00c9RT, AZ ISKOL\u00c1\u00c9RT Ad\u00f3sz\u00e1m: 18525852-1-08 T\u00e1mogat\u00e1sukat k\u00f6sz\u00f6nj\u00fck!<\/p>\n","protected":false},"author":1,"featured_media":0,"parent":0,"menu_order":0,"comment_status":"closed","ping_status":"closed","template":"","meta":{"ngg_post_thumbnail":0,"footnotes":""},"class_list":["post-875","page","type-page","status-publish","hentry"],"_links":{"self":[{"href":"http:\/\/www.radnotiiskola.hu\/new\/wp-json\/wp\/v2\/pages\/875","targetHints":{"allow":["GET"]}}],"collection":[{"href":"http:\/\/www.radnotiiskola.hu\/new\/wp-json\/wp\/v2\/pages"}],"about":[{"href":"http:\/\/www.radnotiiskola.hu\/new\/wp-json\/wp\/v2\/types\/page"}],"author":[{"embeddable":true,"href":"http:\/\/www.radnotiiskola.hu\/new\/wp-json\/wp\/v2\/users\/1"}],"replies":[{"embeddable":true,"href":"http:\/\/www.radnotiiskola.hu\/new\/wp-json\/wp\/v2\/comments?post=875"}],"version-history":[{"count":0,"href":"http:\/\/www.radnotiiskola.hu\/new\/wp-json\/wp\/v2\/pages\/875\/revisions"}],"wp:attachment":[{"href":"http:\/\/www.radnotiiskola.hu\/new\/wp-json\/wp\/v2\/media?parent=875"}],"curies":[{"name":"wp","href":"https:\/\/api.w.org\/{rel}","templated":true}]}}