{"id":877,"date":"2018-11-25T13:46:58","date_gmt":"2018-11-25T13:46:58","guid":{"rendered":"http:\/\/www.radnotiiskola.hu\/new\/?page_id=877"},"modified":"2018-11-25T13:46:58","modified_gmt":"2018-11-25T13:46:58","slug":"elsosok-beiratkozasa","status":"publish","type":"page","link":"http:\/\/www.radnotiiskola.hu\/new\/elsosok-beiratkozasa\/","title":{"rendered":"Els\u0151s\u00f6k beiratkoz\u00e1sa"},"content":{"rendered":"<p style=\"text-align: center;\"><strong>A sz\u00fcks\u00e9ges nyilatkozatok\u00a0<a href=\"https:\/\/drive.google.com\/open?id=1r1Luhrce8HEv41wgOLdH6RObiPAKW5f6\">itt<\/a>\u00a0\u00e9rhet\u0151ek el!<\/strong><\/p>\n<p><img loading=\"lazy\" decoding=\"async\" class=\"size-medium wp-image-878 aligncenter\" src=\"http:\/\/www.radnotiiskola.hu\/new\/wp-content\/uploads\/2018\/11\/Beiratkoz\u00e1s-300x273.png\" alt=\"\" width=\"597\" height=\"543\" srcset=\"http:\/\/www.radnotiiskola.hu\/new\/wp-content\/uploads\/2018\/11\/Beiratkoz\u00e1s-300x273.png 300w, http:\/\/www.radnotiiskola.hu\/new\/wp-content\/uploads\/2018\/11\/Beiratkoz\u00e1s.png 597w\" sizes=\"auto, (max-width: 597px) 100vw, 597px\" \/><\/p>\n","protected":false},"excerpt":{"rendered":"<p>A sz\u00fcks\u00e9ges nyilatkozatok\u00a0itt\u00a0\u00e9rhet\u0151ek el!<\/p>\n","protected":false},"author":1,"featured_media":0,"parent":0,"menu_order":0,"comment_status":"closed","ping_status":"closed","template":"","meta":{"ngg_post_thumbnail":0,"footnotes":""},"class_list":["post-877","page","type-page","status-publish","hentry"],"_links":{"self":[{"href":"http:\/\/www.radnotiiskola.hu\/new\/wp-json\/wp\/v2\/pages\/877","targetHints":{"allow":["GET"]}}],"collection":[{"href":"http:\/\/www.radnotiiskola.hu\/new\/wp-json\/wp\/v2\/pages"}],"about":[{"href":"http:\/\/www.radnotiiskola.hu\/new\/wp-json\/wp\/v2\/types\/page"}],"author":[{"embeddable":true,"href":"http:\/\/www.radnotiiskola.hu\/new\/wp-json\/wp\/v2\/users\/1"}],"replies":[{"embeddable":true,"href":"http:\/\/www.radnotiiskola.hu\/new\/wp-json\/wp\/v2\/comments?post=877"}],"version-history":[{"count":0,"href":"http:\/\/www.radnotiiskola.hu\/new\/wp-json\/wp\/v2\/pages\/877\/revisions"}],"wp:attachment":[{"href":"http:\/\/www.radnotiiskola.hu\/new\/wp-json\/wp\/v2\/media?parent=877"}],"curies":[{"name":"wp","href":"https:\/\/api.w.org\/{rel}","templated":true}]}}