{"id":880,"date":"2018-11-25T14:21:28","date_gmt":"2018-11-25T14:21:28","guid":{"rendered":"http:\/\/www.radnotiiskola.hu\/new\/?page_id=880"},"modified":"2018-11-25T14:21:28","modified_gmt":"2018-11-25T14:21:28","slug":"alapitvanyi-bal-2018-februar","status":"publish","type":"page","link":"http:\/\/www.radnotiiskola.hu\/new\/alapitvanyi-bal-2018-februar\/","title":{"rendered":"Alap\u00edtv\u00e1nyi b\u00e1l &#8211; 2018 febru\u00e1r"},"content":{"rendered":"<p><img loading=\"lazy\" decoding=\"async\" class=\"alignnone size-medium wp-image-881\" src=\"http:\/\/www.radnotiiskola.hu\/new\/wp-content\/uploads\/2018\/11\/bal-300x119.png\" alt=\"Alap\u00edtv\u00e1nyi b\u00e1l - 2018 febru\u00e1r\" width=\"640\" height=\"254\" srcset=\"http:\/\/www.radnotiiskola.hu\/new\/wp-content\/uploads\/2018\/11\/bal-300x119.png 300w, http:\/\/www.radnotiiskola.hu\/new\/wp-content\/uploads\/2018\/11\/bal-768x304.png 768w, http:\/\/www.radnotiiskola.hu\/new\/wp-content\/uploads\/2018\/11\/bal.png 775w\" sizes=\"auto, (max-width: 640px) 100vw, 640px\" \/><\/p>\n","protected":false},"excerpt":{"rendered":"","protected":false},"author":1,"featured_media":0,"parent":0,"menu_order":0,"comment_status":"closed","ping_status":"closed","template":"","meta":{"ngg_post_thumbnail":0,"footnotes":""},"class_list":["post-880","page","type-page","status-publish","hentry"],"_links":{"self":[{"href":"http:\/\/www.radnotiiskola.hu\/new\/wp-json\/wp\/v2\/pages\/880","targetHints":{"allow":["GET"]}}],"collection":[{"href":"http:\/\/www.radnotiiskola.hu\/new\/wp-json\/wp\/v2\/pages"}],"about":[{"href":"http:\/\/www.radnotiiskola.hu\/new\/wp-json\/wp\/v2\/types\/page"}],"author":[{"embeddable":true,"href":"http:\/\/www.radnotiiskola.hu\/new\/wp-json\/wp\/v2\/users\/1"}],"replies":[{"embeddable":true,"href":"http:\/\/www.radnotiiskola.hu\/new\/wp-json\/wp\/v2\/comments?post=880"}],"version-history":[{"count":0,"href":"http:\/\/www.radnotiiskola.hu\/new\/wp-json\/wp\/v2\/pages\/880\/revisions"}],"wp:attachment":[{"href":"http:\/\/www.radnotiiskola.hu\/new\/wp-json\/wp\/v2\/media?parent=880"}],"curies":[{"name":"wp","href":"https:\/\/api.w.org\/{rel}","templated":true}]}}