{"id":886,"date":"2018-11-25T14:25:18","date_gmt":"2018-11-25T14:25:18","guid":{"rendered":"http:\/\/www.radnotiiskola.hu\/new\/?page_id=886"},"modified":"2018-11-25T14:25:18","modified_gmt":"2018-11-25T14:25:18","slug":"nyitott-kapuk-napja","status":"publish","type":"page","link":"http:\/\/www.radnotiiskola.hu\/new\/nyitott-kapuk-napja\/","title":{"rendered":"Nyitott kapuk napja"},"content":{"rendered":"<p><a href=\"http:\/\/www.radnotiiskola.hu\/web\/files\/2017-2018\/nyitott.pdf\" target=\"_blank\" rel=\"noopener\"><img loading=\"lazy\" decoding=\"async\" class=\"size-medium wp-image-887 alignright\" src=\"http:\/\/www.radnotiiskola.hu\/new\/wp-content\/uploads\/2018\/11\/OpenDoor-300x280.jpg\" alt=\"\" width=\"300\" height=\"280\" srcset=\"http:\/\/www.radnotiiskola.hu\/new\/wp-content\/uploads\/2018\/11\/OpenDoor-300x280.jpg 300w, http:\/\/www.radnotiiskola.hu\/new\/wp-content\/uploads\/2018\/11\/OpenDoor.jpg 497w\" sizes=\"auto, (max-width: 300px) 100vw, 300px\" \/><\/a>A k\u00e9pre kattintva megjelenik a Gy\u0151ri Tanker\u00fcleti K\u00f6zpont \u00e1ltal a k\u00f6z\u00e9pfok\u00fa oktat\u00e1si int\u00e9zm\u00e9nyekben szervezett nyitott kapuk napja id\u0151beoszt\u00e1sa.<\/p>\n","protected":false},"excerpt":{"rendered":"<p>A k\u00e9pre kattintva megjelenik a Gy\u0151ri Tanker\u00fcleti K\u00f6zpont \u00e1ltal a k\u00f6z\u00e9pfok\u00fa oktat\u00e1si int\u00e9zm\u00e9nyekben szervezett nyitott kapuk napja id\u0151beoszt\u00e1sa.<\/p>\n","protected":false},"author":1,"featured_media":0,"parent":0,"menu_order":0,"comment_status":"closed","ping_status":"closed","template":"","meta":{"ngg_post_thumbnail":0,"footnotes":""},"class_list":["post-886","page","type-page","status-publish","hentry"],"_links":{"self":[{"href":"http:\/\/www.radnotiiskola.hu\/new\/wp-json\/wp\/v2\/pages\/886","targetHints":{"allow":["GET"]}}],"collection":[{"href":"http:\/\/www.radnotiiskola.hu\/new\/wp-json\/wp\/v2\/pages"}],"about":[{"href":"http:\/\/www.radnotiiskola.hu\/new\/wp-json\/wp\/v2\/types\/page"}],"author":[{"embeddable":true,"href":"http:\/\/www.radnotiiskola.hu\/new\/wp-json\/wp\/v2\/users\/1"}],"replies":[{"embeddable":true,"href":"http:\/\/www.radnotiiskola.hu\/new\/wp-json\/wp\/v2\/comments?post=886"}],"version-history":[{"count":0,"href":"http:\/\/www.radnotiiskola.hu\/new\/wp-json\/wp\/v2\/pages\/886\/revisions"}],"wp:attachment":[{"href":"http:\/\/www.radnotiiskola.hu\/new\/wp-json\/wp\/v2\/media?parent=886"}],"curies":[{"name":"wp","href":"https:\/\/api.w.org\/{rel}","templated":true}]}}