{"id":908,"date":"2018-11-25T14:39:18","date_gmt":"2018-11-25T14:39:18","guid":{"rendered":"http:\/\/www.radnotiiskola.hu\/new\/?page_id=908"},"modified":"2018-11-25T14:39:34","modified_gmt":"2018-11-25T14:39:34","slug":"also-tagozatos-kotelezo-es-ajanlott-irodalom","status":"publish","type":"page","link":"http:\/\/www.radnotiiskola.hu\/new\/also-tagozatos-kotelezo-es-ajanlott-irodalom\/","title":{"rendered":"Als\u00f3 tagozatos k\u00f6telez\u0151 \u00e9s aj\u00e1nlott irodalom"},"content":{"rendered":"<p><img loading=\"lazy\" decoding=\"async\" class=\"wp-image-909 alignright\" src=\"http:\/\/www.radnotiiskola.hu\/new\/wp-content\/uploads\/2018\/11\/k\u00f6telez\u01512.jpg\" alt=\"\" width=\"284\" height=\"410\" \/><\/p>\n<p><strong>2. oszt\u00e1ly:<\/strong><\/p>\n<ul>\n<li>Kippkopp sorozat<\/li>\n<li>Panka \u00e9s Csiribi sorozat<\/li>\n<li>Berg Judit: Micsoda id\u0151?<\/li>\n<li>Berg Judit: T\u00fcnd\u00e9rnapt\u00e1r<\/li>\n<li>Berg Judit: Cipel\u0151 cic\u00e1k<\/li>\n<li>Olvas\u00f3 Cinke sorozat<\/li>\n<li>Csuk\u00e1s Istv\u00e1n: S\u00fcs\u00fc<\/li>\n<\/ul>\n<p><strong>3. oszt\u00e1ly:<\/strong><\/p>\n<ul>\n<li>Berg Judit: Rumini<\/li>\n<li>Fekete Istv\u00e1n: Vuk<\/li>\n<\/ul>\n<p><strong>4. oszt\u00e1ly:<\/strong><\/p>\n<ul>\n<li>Eric K\u00e4stner: A k\u00e9t Lotti<\/li>\n<li>Eric Knight: Lassie<\/li>\n<li>L\u00e1z\u00e1r Ervin: A n\u00e9gysz\u00f6glet\u0171 kereker<\/li>\n<\/ul>\n","protected":false},"excerpt":{"rendered":"<p>2. oszt\u00e1ly: Kippkopp sorozat Panka \u00e9s Csiribi sorozat Berg Judit: Micsoda id\u0151? Berg Judit: T\u00fcnd\u00e9rnapt\u00e1r Berg Judit: Cipel\u0151 cic\u00e1k Olvas\u00f3 Cinke sorozat Csuk\u00e1s Istv\u00e1n: S\u00fcs\u00fc 3. oszt\u00e1ly: Berg Judit: Rumini Fekete Istv\u00e1n: Vuk 4. oszt\u00e1ly: Eric K\u00e4stner: A k\u00e9t Lotti Eric Knight: Lassie L\u00e1z\u00e1r Ervin: A n\u00e9gysz\u00f6glet\u0171 kereker<\/p>\n","protected":false},"author":1,"featured_media":0,"parent":0,"menu_order":0,"comment_status":"closed","ping_status":"closed","template":"","meta":{"ngg_post_thumbnail":0,"footnotes":""},"class_list":["post-908","page","type-page","status-publish","hentry"],"_links":{"self":[{"href":"http:\/\/www.radnotiiskola.hu\/new\/wp-json\/wp\/v2\/pages\/908","targetHints":{"allow":["GET"]}}],"collection":[{"href":"http:\/\/www.radnotiiskola.hu\/new\/wp-json\/wp\/v2\/pages"}],"about":[{"href":"http:\/\/www.radnotiiskola.hu\/new\/wp-json\/wp\/v2\/types\/page"}],"author":[{"embeddable":true,"href":"http:\/\/www.radnotiiskola.hu\/new\/wp-json\/wp\/v2\/users\/1"}],"replies":[{"embeddable":true,"href":"http:\/\/www.radnotiiskola.hu\/new\/wp-json\/wp\/v2\/comments?post=908"}],"version-history":[{"count":0,"href":"http:\/\/www.radnotiiskola.hu\/new\/wp-json\/wp\/v2\/pages\/908\/revisions"}],"wp:attachment":[{"href":"http:\/\/www.radnotiiskola.hu\/new\/wp-json\/wp\/v2\/media?parent=908"}],"curies":[{"name":"wp","href":"https:\/\/api.w.org\/{rel}","templated":true}]}}