{"id":966,"date":"2018-11-25T17:55:54","date_gmt":"2018-11-25T17:55:54","guid":{"rendered":"http:\/\/www.radnotiiskola.hu\/new\/?page_id=966"},"modified":"2018-11-25T18:18:18","modified_gmt":"2018-11-25T18:18:18","slug":"2017-2018-as-tanev-havi-programok","status":"publish","type":"page","link":"http:\/\/www.radnotiiskola.hu\/new\/2017-2018-as-tanev-havi-programok\/","title":{"rendered":"2017-2018-as tan\u00e9v havi programok"},"content":{"rendered":"<ul>\n<li><span style=\"font-size: 14pt;\"><a href=\"http:\/\/www.radnotiiskola.hu\/new\/iskolank-2018-juniusi-programja\/\">2018. j\u00fanius havi programok<\/a><\/span><\/li>\n<li><span style=\"font-size: 14pt;\"><a href=\"http:\/\/www.radnotiiskola.hu\/new\/925-2\/\">2018. m\u00e1jus havi programok<\/a><\/span><\/li>\n<li><span style=\"font-size: 14pt;\"><a href=\"http:\/\/www.radnotiiskola.hu\/new\/929-2\/\">2018. \u00e1prilis havi programok<\/a><\/span><\/li>\n<li><span style=\"font-size: 14pt;\"><a href=\"http:\/\/www.radnotiiskola.hu\/new\/934-2\/\">2018. m\u00e1rcius havi programok<\/a><\/span><\/li>\n<li><span style=\"font-size: 14pt;\"><a href=\"http:\/\/www.radnotiiskola.hu\/new\/iskolank\/\">2018. febru\u00e1r havi programok<\/a><\/span><\/li>\n<li><span style=\"font-size: 14pt;\"><a href=\"http:\/\/www.radnotiiskola.hu\/new\/iskolank-2018-januari-programja\/\">2018. janu\u00e1r havi programok<\/a><\/span><\/li>\n<li><span style=\"font-size: 14pt;\"><a href=\"http:\/\/www.radnotiiskola.hu\/new\/iskolank-2017-decemberi-programja\/\">2017. december havi programok<\/a><\/span><\/li>\n<li><span style=\"font-size: 14pt;\"><a href=\"http:\/\/www.radnotiiskola.hu\/new\/944-2\/\">2017. november havi programok<\/a><\/span><\/li>\n<li><span style=\"font-size: 14pt;\"><a href=\"http:\/\/www.radnotiiskola.hu\/new\/iskolank-2017-oktoberi-programja\/\">2017. okt\u00f3ber havi programok<\/a><\/span><\/li>\n<li><span style=\"font-size: 14pt;\"><a href=\"http:\/\/www.radnotiiskola.hu\/new\/949-2\/\">2017. szeptember havi programok<\/a><\/span><\/li>\n<\/ul>\n","protected":false},"excerpt":{"rendered":"<p>2018. j\u00fanius havi programok 2018. m\u00e1jus havi programok 2018. \u00e1prilis havi programok 2018. m\u00e1rcius havi programok 2018. febru\u00e1r havi programok 2018. janu\u00e1r havi programok 2017. december havi programok 2017. november havi programok 2017. okt\u00f3ber havi programok 2017. szeptember havi programok<\/p>\n","protected":false},"author":1,"featured_media":0,"parent":0,"menu_order":0,"comment_status":"closed","ping_status":"closed","template":"","meta":{"ngg_post_thumbnail":0,"footnotes":""},"class_list":["post-966","page","type-page","status-publish","hentry"],"_links":{"self":[{"href":"http:\/\/www.radnotiiskola.hu\/new\/wp-json\/wp\/v2\/pages\/966","targetHints":{"allow":["GET"]}}],"collection":[{"href":"http:\/\/www.radnotiiskola.hu\/new\/wp-json\/wp\/v2\/pages"}],"about":[{"href":"http:\/\/www.radnotiiskola.hu\/new\/wp-json\/wp\/v2\/types\/page"}],"author":[{"embeddable":true,"href":"http:\/\/www.radnotiiskola.hu\/new\/wp-json\/wp\/v2\/users\/1"}],"replies":[{"embeddable":true,"href":"http:\/\/www.radnotiiskola.hu\/new\/wp-json\/wp\/v2\/comments?post=966"}],"version-history":[{"count":0,"href":"http:\/\/www.radnotiiskola.hu\/new\/wp-json\/wp\/v2\/pages\/966\/revisions"}],"wp:attachment":[{"href":"http:\/\/www.radnotiiskola.hu\/new\/wp-json\/wp\/v2\/media?parent=966"}],"curies":[{"name":"wp","href":"https:\/\/api.w.org\/{rel}","templated":true}]}}